{"id":4477,"date":"2012-03-16T02:14:58","date_gmt":"2012-03-16T01:14:58","guid":{"rendered":"https:\/\/www.hotfiredoor.com\/presupuestos\/"},"modified":"2025-07-25T13:03:58","modified_gmt":"2025-07-25T11:03:58","slug":"orcamentos","status":"publish","type":"page","link":"https:\/\/www.hotfiredoor.com\/pt-pt\/orcamentos\/","title":{"rendered":"or\u00e7amentos"},"content":{"rendered":"<section id=\"\"  class=\"dark_section following_dark hidden-md hidden-lg\"> <div class=\"container\">  <div class=\"row\"><div class=\"col-md-12  text-default\" >[vc_empty_space height=&#8221;30px&#8221;]   <div class=\"row\"><div class=\"col-md-6  text-default\">[vc_column_text]\n<p style=\"text-align: center;\"><span style=\"text-align: justify; font-weight: bold;\">Morada<\/span><\/p>\n<p style=\"text-align: center;\">C\/ Santa Anna, 127, Cerdanyola del Vall\u00e8s,<\/p>\n<p style=\"text-align: center;\">08290, Barcelona. Espanha<\/p>\n[\/vc_column_text]<\/div><div class=\"col-md-6  text-default\">[vc_column_text]\n<p style=\"text-align: center;\"><span style=\"text-align: justify; font-weight: bold;\">Contacto<\/span><\/p>\n<p style=\"text-align: center;\"><i class=\"fa fa-phone\"><\/i><a href=\"tel:+34936924560\">\u00a0(+34) 936 924 560<\/a><\/p>\n<p style=\"text-align: center;\"><i class=\"fa fa-envelope\"><\/i><a href=\"mailto:info@hotfiredoor.com\">info@hotfiredoor.com<\/a><\/p>\n<p style=\"text-align: center;\"><img loading=\"lazy\" decoding=\"async\" class=\"alignnone size-full wp-image-21520\" src=\"https:\/\/www.hotfiredoor.com\/wp-content\/uploads\/2024\/07\/en.png\" alt=\"\" width=\"18\" height=\"12\" \/> We speak English<\/p>\n<p style=\"text-align: center;\"><img loading=\"lazy\" decoding=\"async\" class=\"alignnone size-full wp-image-21520\" src=\"https:\/\/www.hotfiredoor.com\/wp-content\/uploads\/2024\/07\/fr.png\" alt=\"\" width=\"18\" height=\"12\" \/> Nous parlons fran\u00e7ais<\/p>\n<p style=\"text-align: center;\"><img loading=\"lazy\" decoding=\"async\" class=\"alignnone size-full wp-image-21520\" src=\"https:\/\/www.hotfiredoor.com\/wp-content\/uploads\/2024\/07\/it.png\" alt=\"\" width=\"18\" height=\"12\" \/> Noi parliamo italiano<\/p>\n[\/vc_column_text]<\/div>    <\/div><\/div>  <\/div>  <\/div><\/section><section id=\"\"  class=\"dark_section following_dark hidden-xs hidden-sm\"> <div class=\"container\">  <div class=\"row\"><div class=\"col-md-12  text-default\" >[vc_empty_space height=&#8221;30px&#8221;]   <div class=\"row\"><div class=\"col-md-6  text-default\">[vc_column_text]\n<p style=\"text-align: right;\"><span style=\"text-align: justify; font-weight: bold;\">Morada<\/span><\/p>\n<p style=\"text-align: right;\">C\/ Santa Anna, 127, Cerdanyola del Vall\u00e8s,<\/p>\n<p style=\"text-align: right;\">08290, Barcelona. Espanha<\/p>\n[\/vc_column_text]<\/div><div class=\"col-md-6  text-default\">[vc_column_text]\n<p style=\"text-align: left;\"><span style=\"text-align: justify; font-weight: bold;\">Contacto<\/span><\/p>\n<p style=\"text-align: left;\"><i class=\"fa fa-phone\"><\/i><a href=\"tel:+34936924560\">\u00a0(+34) 936 924 560<\/a><\/p>\n<p style=\"text-align: left;\"><i class=\"fa fa-envelope\"><\/i><a href=\"mailto:info@hotfiredoor.com\">info@hotfiredoor.com<\/a><\/p>\n<p style=\"text-align: left;\"><img loading=\"lazy\" decoding=\"async\" class=\"alignnone size-full wp-image-21520\" src=\"https:\/\/www.hotfiredoor.com\/wp-content\/uploads\/2024\/07\/en.png\" alt=\"\" width=\"18\" height=\"12\" \/> We speak English<\/p>\n<p style=\"text-align: left;\"><img loading=\"lazy\" decoding=\"async\" class=\"alignnone size-full wp-image-21520\" src=\"https:\/\/www.hotfiredoor.com\/wp-content\/uploads\/2024\/07\/fr.png\" alt=\"\" width=\"18\" height=\"12\" \/> Nous parlons fran\u00e7ais<\/p>\n<p style=\"text-align: left;\"><img loading=\"lazy\" decoding=\"async\" class=\"alignnone size-full wp-image-21520\" src=\"https:\/\/www.hotfiredoor.com\/wp-content\/uploads\/2024\/07\/it.png\" alt=\"\" width=\"18\" height=\"12\" \/> Noi parliamo italiano<\/p>\n[\/vc_column_text]<\/div>    <\/div><\/div>  <\/div>  <\/div><\/section><section id=\"\"  class=\"light\"> <div class=\"container\">  <div class=\"row\"><div class=\"col-md-12  text-default\" >[vc_empty_space]\n\t\t\t<div class=\"ult_dual_button  ult-adjust-bottom-margin to-center  \"  data-response=\"on\" id=\"ult_btn_2676927492\">\n\n\t\t\t<div id=\"dualbtn-6644\" class=\"ulitmate_dual_buttons ult-dual-btn ult_main_dualbtn \" data-bcolor=\"#333333\"data-bhcolor=\"\">\n\n\t\t\t<div class=\"ult_dualbutton-wrapper btn-inline place-template bt1 \"><a href=\"https:\/\/puertasparachimeneas.com\/pt\/portas-em-medida-11\" rel=\"nofollow\"  class=\"ult_ivan_button round-square with-icon icon-before with-text place-template ult_dual1\" style=\";margin-right:px;;background-color:#dd4b4b !important;; border-color:#333333;border-style:;border-width:0px;border-radius:px;;\">\n\t\t\t<span class=\"ult-dual-btn-1 Style 1\" style=\"\"  data-bgcolor=\"#dd4b4b\" data-bghovercolor=\"#bcbcbc\" data-icon_color=\"#333333\" data-icon_hover_color=\"#333333\" data-textcolor=\"#ffffff\" data-texthovercolor=\"#ffffff\" data-iconbgcolor=\"transperent\" data-iconbghovercolor=\"transperent\" data-iconborder=\"transperent\" data-iconhoverborder=\"transperent\" >\n\t\t\t<span class=\"icon-simple icon-left1 ult_btn1span ult-dual-btn-no-icon\"  style=\";padding-left:0px; \"><\/span>\n\t\t\t<span class=\"text-btn ult-dual-button-title ult-responsive\"  data-ultimate-target='#dualbtn-6644 .ult-dual-button-title'  data-responsive-json-new='{\"font-size\":\"desktop:22px;tablet:16px;tablet_portrait:16px;mobile_landscape:14px;mobile:14px;\",\"line-height\":\"desktop:22px;tablet:18px;tablet_portrait:18px;mobile_landscape:16px;mobile:16px;\"}'  style=\"font-weight:normal;color:#ffffff;\">OR\u00c7AMENTO IMEDIATO CLIQUE AQUI!<\/span>\n\n\t\t\t<\/span>\n\t\t\t<\/a><span class=\"middle-text\" style=\"line-height: 1.8em;color:#ffffff;background-color:#333333;border-width:0px;\">\n\t\t\t<span class=\"middle-inner\"  ><i class=\"Defaults-eur euro\"><\/i><\/span>\n\t\t\t<\/span>\n\n\t\t\t<\/div>\n\n\t\t\t<div class=\"ult_dualbutton-wrapper btn-inline place-template btn2 \"><a href=\"https:\/\/www.hotfiredoor.com\/pt-pt\/orcamentos\/#custom-cf7\" title=\"ORCAMENTOS\" rel=\"nofollow\"  class=\"ult_ivan_button round-square with-icon icon-after with-text place-template ult_dual2\"  style=\";background-color:#000000 !important;;margin-left:px;;border-color:#333333;border-style:;border-width:0px;border-radius:px;\">\n\t\t\t<span class=\"ult-dual-btn-2 Style 1\"  data-bgcolor=\"#000000\" data-bghovercolor=\"#5e5e5e\" data-icon_color=\"#333333\" data-icon_hover_color=\"#333333\" data-textcolor=\"#ffffff\" data-texthovercolor=\"#ffffff\" data-iconbgcolor=\"transperent\" data-iconbghovercolor=\"transperent\" data-iconborder=\"transperent\" data-iconhoverborder=\"transperent\" >\n\t\t\t<span class=\"text-btn ult-dual-button-title\" style=\"font-weight:normal;color:#ffffff;\">OR\u00c7AMENTO DO FORMUL\u00c1RIO CLIQUE AQUI!<\/span>\n\n\t\t\t<span class=\"icon-simple icon-right2 ult_btn1span ult-dual-btn-no-icon\"  style=\";padding-left:0px; \"><\/span>\n\t\t\t<\/span>\n\t\t\t<\/a><\/div>\n\t\t\t<\/div>\n\t\t\t<\/div>[vc_empty_space]<\/div>  <\/div>  <\/div><\/section><section id=\"\"  class=\"light\"> <div class=\"container\">  <div class=\"row\"><div class=\"col-md-12  text-default\" >   <div class=\"row\"><div class=\"col-md-6  text-default\">[vc_single_image image=&#8221;898&#8243; img_size=&#8221;full&#8221;]<\/div><div class=\"col-md-6  text-default\">[vc_column_text]\n<h2>Como fazer medi\u00e7\u00f5es de chamin\u00e9<\/h2>\n[\/vc_column_text][vc_column_text]Voc\u00ea mesmo pode efectuar as medi\u00e7\u00f5es da lareira de uma forma simples. Explicamos-lhe a forma como o pode fazer![\/vc_column_text][vc_column_text]Quando efectuar medi\u00e7\u00f5es,\u00a0<strong>fa\u00e7a-o em v\u00e1rios pontos,<\/strong>\u00a0para conhecer melhor os espa\u00e7os interiores. Assuma como refer\u00eancia o espa\u00e7o\u00a0<strong>mais estreito<\/strong>\u00a0das medi\u00e7\u00f5es, dado que de uma maneira geral as paredes s\u00e3o irregulares.<\/p>\n<p><strong>LEMBRE-SE! Para solicitar or\u00e7amento, efectue as medi\u00e7\u00f5es da lareira e<\/strong><strong>\u00a0<\/strong><strong>tire uma FOTOGRAFIA<\/strong><strong>, anexando-a ao formul\u00e1rio<\/strong>[\/vc_column_text]<\/div>    <\/div>   <div class=\"row\"><div class=\"col-md-12  text-default\">[vc_column_text]Antes de solicitar um or\u00e7amento ou de apresentar o pedido, deve efectuar uma s\u00e9rie de medi\u00e7\u00f5es da sua lareira, para ajustar ao m\u00e1ximo tanto o or\u00e7amento como o tamanho da porta da chamin\u00e9. Lembre-se de que fabricamos portas por medida, pelo que a medi\u00e7\u00e3o \u00e9 muito importante para que a porta se encaixe bem e a\u00a0<a href=\"https:\/\/www.hotfiredoor.com\/pt-pt\/instalacao\/\" rel=\"alternate\">instalaci\u00f3n<\/a>\u00a0seja muito mais f\u00e1cil.<\/p>\n<p>Enviamos sempre o or\u00e7amento com e sem gaveta e queimador. No caso de portas grandes, tamb\u00e9m existe a possibilidade de fabrico de uma de porta de folha dupla.[\/vc_column_text]<\/div>    <\/div><\/div>  <\/div>  <\/div><\/section><section id=\"\"  class=\"light\"> <div class=\"container\">  <div class=\"row\"><div class=\"col-md-12  text-default\" >   <div class=\"row\"><div class=\"col-md-6  text-default\">[vc_column_text]\n<h2>Que medidas deve tomar<\/h2>\n<p><strong>Largura do v\u00e3o (A), <\/strong><strong>Altura do v\u00e3o (B), <\/strong><strong>Profundidade (C), <\/strong><strong>Largura do fundo (D)<\/strong><\/p>\n<p>Tenha em mente que os v\u00e3os podem n\u00e3o ser completamente retos ou uniformes. N\u00f3s cuidaremos de aplicar as margens t\u00e9cnicas adequadas para que a porta tenha a toler\u00e2ncia necess\u00e1ria diante de poss\u00edveis dilata\u00e7\u00f5es por temperatura.<\/p>\n<h3>A chamin\u00e9 tem pedra irregular nos laterais?<\/h3>\n<p>Nesse caso, \u00e9 importante medir tamb\u00e9m levando em conta as zonas salientes. Se perceber que os lados n\u00e3o s\u00e3o completamente lisos, siga este procedimento:<\/p>\n<p>Apoie um elemento reto (como uma t\u00e1bua ou papel\u00e3o r\u00edgido) alinhado ao exterior da chamin\u00e9, na vertical, como se fosse uma esquadria.<\/p>\n<p>Marque na base as linhas dessa vertical em ambos os lados. A dist\u00e2ncia entre essas duas marcas ser\u00e1 a medida A1, correspondente ao v\u00e3o \u00fatil do quadro.<\/p>\n<p>Depois me\u00e7a o espa\u00e7o total entre as pedras que sobressaem (a medida A2), que nos ajudar\u00e1 a calcular os acabamentos necess\u00e1rios para cobrir essas irregularidades.<\/p>\n<p>Com essas duas medidas, fabricaremos uma porta que se ajuste perfeitamente, junto com acabamentos que cubram qualquer imperfei\u00e7\u00e3o est\u00e9tica.<\/p>\n<p><strong>IMPORTANTE:<\/strong> Em chamin\u00e9s com pedra irregular, \u00e9 fundamental anotar bem as medidas. N\u00e3o \u00e9 necess\u00e1rio enviar fotografias do metro ou trena marcando a medida, pois podem levar a erros de interpreta\u00e7\u00e3o.<br \/>\n<strong>N\u00c3O ENVIE FOTOS DO METRO, ENVIE AS MEDIDAS ESCRITAS<\/strong>[\/vc_column_text]<\/div><div class=\"col-md-6  text-default\">[vc_single_image image=&#8221;15707&#8243; img_size=&#8221;full&#8221;]<\/div>    <\/div><\/div>  <\/div>  <\/div><\/section><section id=\"custom-cf7\"  class=\"light\"> <div class=\"container\">  <div class=\"row\"><div class=\"col-md-12  text-default\" >[vc_empty_space height=&#8221;80px&#8221;][vc_column_text]\n<h3 style=\"text-align: center;\">Por favor, preencha todos os campos do formul\u00e1rio<\/h3>\n[\/vc_column_text][vc_empty_space height=&#8221;40px&#8221;]   <div class=\"row\"><div class=\"col-md-12  text-default\">\n<div class=\"wpcf7 no-js\" id=\"wpcf7-f4473-o1\" lang=\"es-ES\" dir=\"ltr\" data-wpcf7-id=\"4473\">\n<div class=\"screen-reader-response\"><p role=\"status\" aria-live=\"polite\" aria-atomic=\"true\"><\/p> <ul><\/ul><\/div>\n<form action=\"\/pt-pt\/wp-json\/wp\/v2\/pages\/4477#wpcf7-f4473-o1\" method=\"post\" class=\"wpcf7-form init\" aria-label=\"Formulario de contacto\" enctype=\"multipart\/form-data\" novalidate=\"novalidate\" data-status=\"init\">\n<div style=\"display: none;\">\n<input type=\"hidden\" name=\"_wpcf7\" value=\"4473\" \/>\n<input type=\"hidden\" name=\"_wpcf7_version\" value=\"6.0.1\" \/>\n<input type=\"hidden\" name=\"_wpcf7_locale\" value=\"es_ES\" \/>\n<input type=\"hidden\" name=\"_wpcf7_unit_tag\" value=\"wpcf7-f4473-o1\" \/>\n<input type=\"hidden\" name=\"_wpcf7_container_post\" value=\"0\" \/>\n<input type=\"hidden\" name=\"_wpcf7_posted_data_hash\" value=\"\" \/>\n<input type=\"hidden\" name=\"_wpcf7dtx_version\" value=\"5.0.5\" \/>\n<\/div>\n<div class=\"row\">\n\t<div class=\"col-12 col-md-4\">\n\t\t<p><label> Nome e sobrenomes(*)<br \/>\n<span class=\"wpcf7-form-control-wrap\" data-name=\"your-name\"><input size=\"40\" maxlength=\"400\" class=\"wpcf7-form-control wpcf7-form-control form-control wpcf7-validates-as-required\" aria-required=\"true\" aria-invalid=\"false\" value=\"\" type=\"text\" name=\"your-name\" \/><\/span> <\/label>\n\t\t<\/p>\n\t<\/div>\n\t<div class=\"col-12 col-md-4\">\n\t\t<p><label> Email(*)<br \/>\n<span class=\"wpcf7-form-control-wrap\" data-name=\"your-email\"><input size=\"40\" maxlength=\"400\" class=\"wpcf7-form-control wpcf7-form-control form-control wpcf7-validates-as-required wpcf7-form-control form-control wpcf7-validates-as-email\" aria-required=\"true\" aria-invalid=\"false\" value=\"\" type=\"email\" name=\"your-email\" \/><\/span> <\/label>\n\t\t<\/p>\n\t<\/div>\n\t<div class=\"col-12 col-md-4\">\n\t\t<p><label> Telefone(*)<br \/>\n<span class=\"wpcf7-form-control-wrap\" data-name=\"your-phone\"><input size=\"40\" maxlength=\"400\" class=\"wpcf7-form-control wpcf7-form-control form-control wpcf7-validates-as-required\" aria-required=\"true\" aria-invalid=\"false\" value=\"\" type=\"text\" name=\"your-phone\" \/><\/span> <\/label>\n\t\t<\/p>\n\t<\/div>\n<\/div>\n<div class=\"row\">\n\t<div class=\"col-12 col-md-4\">\n\t\t<p><label>Endere\u00e7o<br \/>\n<span class=\"wpcf7-form-control-wrap\" data-name=\"your-address\"><input size=\"40\" maxlength=\"400\" class=\"wpcf7-form-control wpcf7-form-control form-control\" aria-invalid=\"false\" value=\"\" type=\"text\" name=\"your-address\" \/><\/span><\/label>\n\t\t<\/p>\n\t<\/div>\n\t<div class=\"col-12 col-md-4\">\n\t\t<p><label>Localidade \/ Prov\u00edncia<br \/>\n<span class=\"wpcf7-form-control-wrap\" data-name=\"your-city\"><input size=\"40\" maxlength=\"400\" class=\"wpcf7-form-control wpcf7-form-control form-control\" aria-invalid=\"false\" value=\"\" type=\"text\" name=\"your-city\" \/><\/span><\/label>\n\t\t<\/p>\n\t<\/div>\n\t<div class=\"col-12 col-md-4\">\n\t\t<p><label>C\u00f3digo postal<br \/>\n<span class=\"wpcf7-form-control-wrap\" data-name=\"your-zip-code\"><input size=\"40\" maxlength=\"400\" class=\"wpcf7-form-control wpcf7-form-control form-control\" aria-invalid=\"false\" value=\"\" type=\"text\" name=\"your-zip-code\" \/><\/span><\/label>\n\t\t<\/p>\n\t<\/div>\n<\/div>\n<div class=\"row\">\n\t<div class=\"col-12 col-md-4\">\n\t\t<p><label>Pa\u00eds<br \/>\n<span class=\"wpcf7-form-control-wrap\" data-name=\"your-country\"><input size=\"40\" maxlength=\"400\" class=\"wpcf7-form-control wpcf7-form-control form-control\" aria-invalid=\"false\" value=\"\" type=\"text\" name=\"your-country\" \/><\/span> <\/label>\n\t\t<\/p>\n\t<\/div>\n\t<div class=\"col-12 col-md-4\">\n\t\t<p><label>Medidas A - Ancho de la boca<br \/>\n<span class=\"wpcf7-form-control-wrap\" data-name=\"your-med-a\"><input size=\"40\" maxlength=\"400\" class=\"wpcf7-form-control wpcf7-form-control form-control wpcf7-validates-as-required\" aria-required=\"true\" aria-invalid=\"false\" value=\"\" type=\"text\" name=\"your-med-a\" \/><\/span><\/label>\n\t\t<\/p>\n\t<\/div>\n\t<div class=\"col-12 col-md-4\">\n\t\t<p><label>Medidas B - Altura da boca<br \/>\n<span class=\"wpcf7-form-control-wrap\" data-name=\"your-med-b\"><input size=\"40\" maxlength=\"400\" class=\"wpcf7-form-control wpcf7-form-control form-control wpcf7-validates-as-required\" aria-required=\"true\" aria-invalid=\"false\" value=\"\" type=\"text\" name=\"your-med-b\" \/><\/span><\/label>\n\t\t<\/p>\n\t<\/div>\n<\/div>\n<div class=\"row\">\n\t<div class=\"col-4 col-md-4\">\n\t\t<p><label>Medidas C - Profundidade a partir da borda da boca. Opcional: caso solicite gaveta e queimador<br \/>\n<br \/>\n<span class=\"wpcf7-form-control-wrap\" data-name=\"your-med-c\"><input size=\"40\" maxlength=\"400\" class=\"wpcf7-form-control wpcf7-form-control form-control wpcf7-validates-as-required\" aria-required=\"true\" aria-invalid=\"false\" value=\"\" type=\"text\" name=\"your-med-c\" \/><\/span><\/label>\n\t\t<\/p>\n\t<\/div>\n\t<div class=\"col-4 col-md-4\">\n\t\t<p><label>Medidas D - Largura do fundo. Opcional: caso solicite gaveta e queimador<br \/>\n<span class=\"wpcf7-form-control-wrap\" data-name=\"your-med-d\"><input size=\"40\" maxlength=\"400\" class=\"wpcf7-form-control wpcf7-form-control form-control wpcf7-validates-as-required\" aria-required=\"true\" aria-invalid=\"false\" value=\"\" type=\"text\" name=\"your-med-d\" \/><\/span><\/label>\n\t\t<\/p>\n\t<\/div>\n\t<div class=\"col-4 col-md-4\">\n\t\t<p><label>Puxador - Localiza\u00e7\u00e3o do puxador em portas de 1 folha. Esquerda ou direita.<br \/>\n<span class=\"wpcf7-form-control-wrap\" data-name=\"your-door-side\"><select class=\"wpcf7-form-control wpcf7-select\" aria-invalid=\"false\" name=\"your-door-side\"><option value=\"ESQUERDA\">ESQUERDA<\/option><option value=\"DIREITA\">DIREITA<\/option><\/select><\/span><\/label>\n\t\t<\/p>\n\t<\/div>\n<\/div>\n<div class=\"row\">\n\t<div class=\"col-12 col-md-12\">\n\t\t<p><span style=\"color:red;font-weight:bold;\">IMPORTANTE !!!! ANEXAR FOTOGRAFIA<\/span><br \/>\n<label><span class=\"wpcf7-form-control-wrap\" data-name=\"file-adjunto-1\"><input size=\"40\" class=\"wpcf7-form-control wpcf7-file\" accept=\".jpeg,.jpg,.png\" aria-invalid=\"false\" type=\"file\" name=\"file-adjunto-1\" \/><\/span><\/label><br \/>\n<label><span class=\"wpcf7-form-control-wrap\" data-name=\"file-adjunto-2\"><input size=\"40\" class=\"wpcf7-form-control wpcf7-file\" accept=\".jpeg,.jpg,.png\" aria-invalid=\"false\" type=\"file\" name=\"file-adjunto-2\" \/><\/span><\/label><br \/>\n<label><span class=\"wpcf7-form-control-wrap\" data-name=\"file-adjunto-3\"><input size=\"40\" class=\"wpcf7-form-control wpcf7-file\" accept=\".jpeg,.jpg,.png\" aria-invalid=\"false\" type=\"file\" name=\"file-adjunto-3\" \/><\/span><\/label>\n\t\t<\/p>\n\t\t<p><label> Mensagem<\/label><br \/>\n<span class=\"wpcf7-form-control-wrap\" data-name=\"your-message\"><textarea cols=\"40\" rows=\"10\" maxlength=\"2000\" class=\"wpcf7-form-control wpcf7-form-control wpcf7-form-control form-control\" aria-invalid=\"false\" name=\"your-message\"><\/textarea><\/span>\n\t\t<\/p>\n\t<\/div>\n<\/div>\n<div class=\"row\">\n\t<div class=\"col-12 col-md-12\">\n\t\t<p><label><br \/>\n<\/label>\n\t\t<\/p>\n\t\t<p align=\"justify\"><span class=\"wpcf7-form-control-wrap acceptance-168\"><span class=\"wpcf7-form-control wpcf7-acceptance\"><span class=\"wpcf7-list-item\"><input type=\"checkbox\" name=\"acceptance-168\" value=\"1\" aria-invalid=\"false\" \/><\/span><\/span><\/span> Ao marcar esta caixa, o usu\u00e1rio declara ter lido e aceito as condi\u00e7\u00f5es expressas no<a href=\"https:\/\/www.hotfiredoor.com\/es\/aviso-legal\/\" target=\"_blank\"> \u201cAVISO LEGAL\u201d <\/a> y la <a href=\"https:\/\/www.hotfiredoor.com\/en\/privacy-policy\/\" target=\"_blank\"> \"Pol\u00edtica de privacidade\" <\/a>.\n\t\t<\/p>\n\t<span class=\"wpcf7-form-control-wrap cf7-counter\" data-name=\"cf7-counter\"><input type=\"hidden\" name=\"cf7-counter\" class=\"wpcf7-form-control wpcf7-hidden wpcf7dtx wpcf7dtx-hidden\" aria-invalid=\"false\" value=\"9004\"><\/span>\n\t\t<p><span id=\"wpcf7-69e3eda0bdb3a-wrapper\" class=\"wpcf7-form-control-wrap honeypot-577-wrap\" style=\"display:none !important; visibility:hidden !important;\"><label for=\"wpcf7-69e3eda0bdb3a-field\" class=\"hp-message\">Por favor, deja este campo vac\u00edo.<\/label><input id=\"wpcf7-69e3eda0bdb3a-field\"  class=\"wpcf7-form-control wpcf7-form-control form-control\" type=\"text\" name=\"honeypot-577\" value=\"\" size=\"40\" tabindex=\"-1\" autocomplete=\"off\" \/><\/span><br \/>\n<input class=\"wpcf7-form-control wpcf7-submit btn btn-primary has-spinner\" type=\"submit\" value=\"Pedido\" \/>\n\t\t<\/p>\n\t<\/div>\n<\/div><div class=\"wpcf7-response-output\" aria-hidden=\"true\"><\/div>\n<\/form>\n<\/div>\n<\/div>    <\/div>[vc_empty_space height=&#8221;80px&#8221;]<\/div>  <\/div>  <\/div><\/section>\n","protected":false},"excerpt":{"rendered":"<p>De una manera sencilla usted mismo puede tomar las medidas del hogar, le explicamos como hacerlo!<\/p>\n<div class=\"ja-typo-block\">\n<div class=\"ja-typo-blockct clearfix\">\n<div class=\"ja-typo-legend legend-rounded legend-1\">\n<h3 class=\"legend-title\">Importante<\/h3>\n<p> Cuando tome medidas <strong>h\u00e1galo en varios puntos<\/strong> para conocer mejor los espacios interiores. Tome como referencia el espacio <strong>m\u00e1s estrecho<\/strong> de las mediciones, ya que en la mayor\u00eda de las ocasiones las paredes son irregulares.<\/div>\n<\/p><\/div>\n<\/p><\/div>\n<div class=\"ja-typo-blockct clearfix\">\n<p class=\"ja-typo-box box-sticky\"><strong>\u00a1\u00a1\u00a1 RECUERDE !!! Para solicitar presupuesto tome medidas del hogar y <span style=\"color: #ff0000;\">haga una FOTOGRAF\u00cdA<\/span>, adj\u00fantela en el formulario<\/strong><\/p>\n<\/p><\/div>\n<p style=\"text-align: justify;\"><span style=\"line-height: 1.3em;\">Antes de solicitar un presupuesto o hacer el pedido, debe tomar una serie de medidas en su hogar, para ajustar al m\u00e1ximo tanto el presupuesto como el tama\u00f1o de la puerta de chimenea. Recuerde que fabricamos puertas a medida, por lo que la medici\u00f3n es muy importante para que la puerta encaje perfectamente y la <\/span><a style=\"line-height: 1.3em;\" href=\"es\/instalacion\">instalaci\u00f3n<\/a><span style=\"line-height: 1.3em;\"> sea mucho m\u00e1s f\u00e1cil.<\/span><\/p>\n<p style=\"text-align: justify;\">Siempre enviamos el presupuesto con y sin caj\u00f3n y quemador. Tambi\u00e9n existe la posibilidad para puertas grandes de fabricar una de doble hoja.<\/p>\n<p>{loadposition presupuesto_es}<\/p>\n","protected":false},"author":2,"featured_media":2811,"parent":0,"menu_order":43,"comment_status":"closed","ping_status":"closed","template":"","meta":{"_seopress_robots_primary_cat":"","_seopress_titles_title":"Contato e or\u00e7amentos | HOTFIREDOOR","_seopress_titles_desc":"Entre em contato e solicite cota\u00e7\u00f5es de \u2705 HOTFIREDOOR \u2705 Contato, telefone, celular, endere\u00e7o, formul\u00e1rio, whatsapp, mapa, etc.","_seopress_robots_index":"","footnotes":""},"class_list":["post-4477","page","type-page","status-publish","has-post-thumbnail"],"_links":{"self":[{"href":"https:\/\/www.hotfiredoor.com\/pt-pt\/wp-json\/wp\/v2\/pages\/4477","targetHints":{"allow":["GET"]}}],"collection":[{"href":"https:\/\/www.hotfiredoor.com\/pt-pt\/wp-json\/wp\/v2\/pages"}],"about":[{"href":"https:\/\/www.hotfiredoor.com\/pt-pt\/wp-json\/wp\/v2\/types\/page"}],"author":[{"embeddable":true,"href":"https:\/\/www.hotfiredoor.com\/pt-pt\/wp-json\/wp\/v2\/users\/2"}],"replies":[{"embeddable":true,"href":"https:\/\/www.hotfiredoor.com\/pt-pt\/wp-json\/wp\/v2\/comments?post=4477"}],"version-history":[{"count":10,"href":"https:\/\/www.hotfiredoor.com\/pt-pt\/wp-json\/wp\/v2\/pages\/4477\/revisions"}],"predecessor-version":[{"id":15742,"href":"https:\/\/www.hotfiredoor.com\/pt-pt\/wp-json\/wp\/v2\/pages\/4477\/revisions\/15742"}],"wp:featuredmedia":[{"embeddable":true,"href":"https:\/\/www.hotfiredoor.com\/pt-pt\/wp-json\/wp\/v2\/media\/2811"}],"wp:attachment":[{"href":"https:\/\/www.hotfiredoor.com\/pt-pt\/wp-json\/wp\/v2\/media?parent=4477"}],"curies":[{"name":"wp","href":"https:\/\/api.w.org\/{rel}","templated":true}]}}