{"id":4463,"date":"2012-03-16T02:14:58","date_gmt":"2012-03-16T01:14:58","guid":{"rendered":"https:\/\/www.hotfiredoor.com\/presupuestos\/"},"modified":"2025-07-25T13:02:29","modified_gmt":"2025-07-25T11:02:29","slug":"bilancio","status":"publish","type":"page","link":"https:\/\/www.hotfiredoor.com\/it\/bilancio\/","title":{"rendered":"BILANCIO"},"content":{"rendered":"<section id=\"\"  class=\"dark_section following_dark hidden-md hidden-lg\"> <div class=\"container\">  <div class=\"row\"><div class=\"col-md-12  text-default\" >[vc_empty_space height=&#8221;30px&#8221;]   <div class=\"row\"><div class=\"col-md-6  text-default\">[vc_column_text]\n<p style=\"text-align: center;\"><span style=\"text-align: justify; font-weight: bold;\">Indirizzo<\/span><\/p>\n<p style=\"text-align: center;\">C\/ Santa Anna, 127, Cerdanyola del Vall\u00e8s,<\/p>\n<p style=\"text-align: center;\">08290, Barcelona. Spagna<\/p>\n[\/vc_column_text]<\/div><div class=\"col-md-6  text-default\">[vc_column_text]\n<p style=\"text-align: center;\"><span style=\"text-align: justify; font-weight: bold;\">Contatto<\/span><\/p>\n<p style=\"text-align: center;\"><i class=\"fa fa-phone\"><\/i><a href=\"tel:+34936924560\">\u00a0(+34) 936 924 560<\/a><\/p>\n<p style=\"text-align: center;\"><i class=\"fa fa-envelope\"><\/i><a href=\"mailto:info@hotfiredoor.com\">info@hotfiredoor.com<\/a><\/p>\n<p style=\"text-align: center;\"><img loading=\"lazy\" decoding=\"async\" class=\"alignnone size-full wp-image-21520\" src=\"https:\/\/www.hotfiredoor.com\/wp-content\/uploads\/2024\/07\/en.png\" alt=\"\" width=\"18\" height=\"12\" \/> We speak English<\/p>\n<p style=\"text-align: center;\"><img loading=\"lazy\" decoding=\"async\" class=\"alignnone size-full wp-image-21520\" src=\"https:\/\/www.hotfiredoor.com\/wp-content\/uploads\/2024\/07\/fr.png\" alt=\"\" width=\"18\" height=\"12\" \/> Nous parlons fran\u00e7ais<\/p>\n<p style=\"text-align: center;\"><img loading=\"lazy\" decoding=\"async\" class=\"alignnone size-full wp-image-21520\" src=\"https:\/\/www.hotfiredoor.com\/wp-content\/uploads\/2024\/07\/it.png\" alt=\"\" width=\"18\" height=\"12\" \/> Noi parliamo italiano<\/p>\n[\/vc_column_text]<\/div>    <\/div><\/div>  <\/div>  <\/div><\/section><section id=\"\"  class=\"dark_section following_dark hidden-md hidden-lg\"> <div class=\"container\">  <div class=\"row\"><div class=\"col-md-12  text-default\" >[vc_empty_space height=&#8221;30px&#8221;]   <div class=\"row\"><div class=\"col-md-6  text-default\">[vc_column_text]\n<p style=\"text-align: center;\"><span style=\"text-align: justify; font-weight: bold;\">Indirizzo<\/span><\/p>\n<p style=\"text-align: center;\">C\/ Santa Anna, 127, Cerdanyola del Vall\u00e8s,<\/p>\n<p style=\"text-align: center;\">08290, Barcelona. Spagna<\/p>\n[\/vc_column_text]<\/div><div class=\"col-md-6  text-default\">[vc_column_text]\n<p style=\"text-align: center;\"><span style=\"text-align: justify; font-weight: bold;\">Contatto<\/span><\/p>\n<p style=\"text-align: center;\"><i class=\"fa fa-phone\"><\/i><a href=\"tel:+34936924560\">\u00a0(+34) 936 924 560<\/a><\/p>\n<p style=\"text-align: center;\"><i class=\"fa fa-envelope\"><\/i><a href=\"mailto:info@hotfiredoor.com\">info@hotfiredoor.com<\/a><\/p>\n<p style=\"text-align: center;\"><img loading=\"lazy\" decoding=\"async\" class=\"alignnone size-full wp-image-21520\" src=\"https:\/\/www.hotfiredoor.com\/wp-content\/uploads\/2024\/07\/en.png\" alt=\"\" width=\"18\" height=\"12\" \/> We speak English<\/p>\n<p style=\"text-align: center;\"><img loading=\"lazy\" decoding=\"async\" class=\"alignnone size-full wp-image-21520\" src=\"https:\/\/www.hotfiredoor.com\/wp-content\/uploads\/2024\/07\/fr.png\" alt=\"\" width=\"18\" height=\"12\" \/> Nous parlons fran\u00e7ais<\/p>\n<p style=\"text-align: center;\"><img loading=\"lazy\" decoding=\"async\" class=\"alignnone size-full wp-image-21520\" src=\"https:\/\/www.hotfiredoor.com\/wp-content\/uploads\/2024\/07\/it.png\" alt=\"\" width=\"18\" height=\"12\" \/> Noi parliamo italiano<\/p>\n[\/vc_column_text]<\/div>    <\/div><\/div>  <\/div>  <\/div><\/section><section id=\"\"  class=\"dark_section hidden-xs hidden-sm\"> <div class=\"container\">  <div class=\"row\"><div class=\"col-md-12  text-default\" >[vc_empty_space height=&#8221;30px&#8221;]   <div class=\"row\"><div class=\"col-md-6  text-default\">[vc_column_text]\n<p style=\"text-align: right;\"><span style=\"text-align: justify; font-weight: bold;\">Indirizzo<\/span><\/p>\n<p style=\"text-align: right;\">C\/ Santa Anna, 127, Cerdanyola del Vall\u00e8s,<\/p>\n<p style=\"text-align: right;\">08290, Barcelona. Spagna<\/p>\n[\/vc_column_text]<\/div><div class=\"col-md-6  text-default\">[vc_column_text]\n<p style=\"text-align: left;\"><span style=\"text-align: justify; font-weight: bold;\">Contatto<\/span><\/p>\n<p style=\"text-align: left;\"><i class=\"fa fa-phone\"><\/i><a href=\"tel:+34936924560\">\u00a0(+34) 936 924 560<\/a><\/p>\n<p style=\"text-align: left;\"><i class=\"fa fa-envelope\"><\/i><a href=\"mailto:info@hotfiredoor.com\">info@hotfiredoor.com<\/a><\/p>\n<p style=\"text-align: left;\"><img loading=\"lazy\" decoding=\"async\" class=\"alignnone size-full wp-image-21520\" src=\"https:\/\/www.hotfiredoor.com\/wp-content\/uploads\/2024\/07\/en.png\" alt=\"\" width=\"18\" height=\"12\" \/> We speak English<\/p>\n<p style=\"text-align: left;\"><img loading=\"lazy\" decoding=\"async\" class=\"alignnone size-full wp-image-21520\" src=\"https:\/\/www.hotfiredoor.com\/wp-content\/uploads\/2024\/07\/fr.png\" alt=\"\" width=\"18\" height=\"12\" \/> Nous parlons fran\u00e7ais<\/p>\n<p style=\"text-align: left;\"><img loading=\"lazy\" decoding=\"async\" class=\"alignnone size-full wp-image-21520\" src=\"https:\/\/www.hotfiredoor.com\/wp-content\/uploads\/2024\/07\/it.png\" alt=\"\" width=\"18\" height=\"12\" \/> Noi parliamo italiano<\/p>\n[\/vc_column_text]<\/div>    <\/div><\/div>  <\/div>  <\/div><\/section><section id=\"\"  class=\"light\"> <div class=\"container\">  <div class=\"row\"><div class=\"col-md-12  text-default\" >[vc_empty_space]\n\t\t\t<div class=\"ult_dual_button  ult-adjust-bottom-margin to-center  \"  data-response=\"on\" id=\"ult_btn_1633401082\">\n\n\t\t\t<div id=\"dualbtn-3795\" class=\"ulitmate_dual_buttons ult-dual-btn ult_main_dualbtn \" data-bcolor=\"#333333\"data-bhcolor=\"\">\n\n\t\t\t<div class=\"ult_dualbutton-wrapper btn-inline place-template bt1 \"><a href=\"https:\/\/puertasparachimeneas.com\/it\/sportelli-a-misura-11\" rel=\"nofollow\"  class=\"ult_ivan_button round-square with-icon icon-before with-text place-template ult_dual1\" style=\";margin-right:px;;background-color:#dd4b4b !important;; border-color:#333333;border-style:;border-width:0px;border-radius:px;;\">\n\t\t\t<span class=\"ult-dual-btn-1 Style 1\" style=\"\"  data-bgcolor=\"#dd4b4b\" data-bghovercolor=\"#bcbcbc\" data-icon_color=\"#333333\" data-icon_hover_color=\"#333333\" data-textcolor=\"#ffffff\" data-texthovercolor=\"#ffffff\" data-iconbgcolor=\"transperent\" data-iconbghovercolor=\"transperent\" data-iconborder=\"transperent\" data-iconhoverborder=\"transperent\" >\n\t\t\t<span class=\"icon-simple icon-left1 ult_btn1span ult-dual-btn-no-icon\"  style=\";padding-left:0px; \"><\/span>\n\t\t\t<span class=\"text-btn ult-dual-button-title ult-responsive\"  data-ultimate-target='#dualbtn-3795 .ult-dual-button-title'  data-responsive-json-new='{\"font-size\":\"desktop:22px;tablet:16px;tablet_portrait:16px;mobile_landscape:14px;mobile:14px;\",\"line-height\":\"desktop:22px;tablet:18px;tablet_portrait:18px;mobile_landscape:16px;mobile:16px;\"}'  style=\"font-weight:normal;color:#ffffff;\">BILANCIO IMMEDIATO CLICCA QUI!<\/span>\n\n\t\t\t<\/span>\n\t\t\t<\/a><span class=\"middle-text\" style=\"line-height: 1.8em;color:#ffffff;background-color:#333333;border-width:0px;\">\n\t\t\t<span class=\"middle-inner\"  ><i class=\"Defaults-eur euro\"><\/i><\/span>\n\t\t\t<\/span>\n\n\t\t\t<\/div>\n\n\t\t\t<div class=\"ult_dualbutton-wrapper btn-inline place-template btn2 \"><a href=\"https:\/\/www.hotfiredoor.com\/it\/bilancio\/#custom-cf7\" title=\"BILANCIO\" rel=\"nofollow\"  class=\"ult_ivan_button round-square with-icon icon-after with-text place-template ult_dual2\"  style=\";background-color:#000000 !important;;margin-left:px;;border-color:#333333;border-style:;border-width:0px;border-radius:px;\">\n\t\t\t<span class=\"ult-dual-btn-2 Style 1\"  data-bgcolor=\"#000000\" data-bghovercolor=\"#5e5e5e\" data-icon_color=\"#333333\" data-icon_hover_color=\"#333333\" data-textcolor=\"#ffffff\" data-texthovercolor=\"#ffffff\" data-iconbgcolor=\"transperent\" data-iconbghovercolor=\"transperent\" data-iconborder=\"transperent\" data-iconhoverborder=\"transperent\" >\n\t\t\t<span class=\"text-btn ult-dual-button-title\" style=\"font-weight:normal;color:#ffffff;\">FORMA BILANCIO CLICCA QUI!<\/span>\n\n\t\t\t<span class=\"icon-simple icon-right2 ult_btn1span ult-dual-btn-no-icon\"  style=\";padding-left:0px; \"><\/span>\n\t\t\t<\/span>\n\t\t\t<\/a><\/div>\n\t\t\t<\/div>\n\t\t\t<\/div>[vc_empty_space]<\/div>  <\/div>  <\/div><\/section><section id=\"\"  class=\"light\"> <div class=\"container\">  <div class=\"row\"><div class=\"col-md-12  text-default\" >   <div class=\"row\"><div class=\"col-md-6  text-default\">[vc_single_image image=&#8221;897&#8243; img_size=&#8221;full&#8221;]<\/div><div class=\"col-md-6  text-default\">[vc_column_text]\n<h2>Come prendere le misure del camino<\/h2>\n[\/vc_column_text][vc_column_text]In un modo semplice puoi prendere tu stesso le misure domestiche, ti spieghiamo come farlo![\/vc_column_text][vc_column_text]\n<div class=\"ja-typo-block\">\n<div class=\"ja-typo-blockct clearfix\">\n<div class=\"ja-typo-legend legend-rounded legend-1\">\n<p>Quando agisci, fallo in diversi punti per conoscere meglio gli spazi interni. Prendi lo spazio pi\u00f9 stretto delle misure come riferimento, poich\u00e9 nella maggior parte dei casi le pareti sono irregolari.<\/p>\n<p><strong>RICORDA !!! Per richiedere un preventivo, prendi le misure da casa e crea un FOTOGRAFO, allegalo nel modulo<\/strong><\/p>\n<\/div>\n<\/div>\n<\/div>\n[\/vc_column_text]<\/div>    <\/div>   <div class=\"row\"><div class=\"col-md-12  text-default\">[vc_column_text]Prima di richiedere un preventivo o fare un ordine, deve prendere una serie di misure del suo focolare, per poter aggiustare al preventivo come ad esempio le dimensioni dello sportello del caminetto. Si ricordi che fabbrichiamo sportelli su misura, pertanto la misurazione \u00e8 molto importante affinch\u00e9 lo sportello si incassi perfettamente e l&#8217;<a href=\"https:\/\/www.hotfiredoor.com\/it\/installazione\/\" rel=\"alternate\">installazione<\/a>\u00a0sia molto pi\u00f9 facile.<\/p>\n<p>Inviamo sempre il preventivo senza la cassa e il bruciatore. Esiste anche la possibilit\u00e0 per sportelli grandi di fabbricarne una a doppio strato.<\/p>\n<p>Se desidera ulteriori informazioni o un preventivo, riempia questo formulario. Verr\u00e0 contattato il prima possibile.<br \/>\nPer favore, riempia\u00a0<strong>i campi obbligatori<\/strong>.[\/vc_column_text]<\/div>    <\/div><\/div>  <\/div>  <\/div><\/section><section id=\"\"  class=\"light\"> <div class=\"container\">  <div class=\"row\"><div class=\"col-md-12  text-default\" >   <div class=\"row\"><div class=\"col-md-6  text-default\">[vc_column_text]\n<h2>Quali misure deve prendere<\/h2>\n<p><strong>Larghezza dell&#8217;apertura (A), <\/strong><strong>Altezza dell&#8217;apertura (B), <\/strong><strong>Profondit\u00e0 (C), <\/strong><strong>Larghezza del fondo (D)<\/strong><\/p>\n<p>Si tenga presente che le aperture potrebbero non essere completamente rette o uniformi. Noi ci occuperemo di applicare i margini tecnici appropriati affinch\u00e9 la porta abbia la tolleranza necessaria in caso di possibili dilatazioni dovute alla temperatura.<\/p>\n<h3>La canna fumaria ha pietre irregolari sui lati?<\/h3>\n<p>In tal caso, \u00e8 importante misurare anche considerando le zone in rilievo. Se nota che i lati non sono completamente lisci, segua questa procedura:<\/p>\n<p>Appoggi un elemento dritto (come una tavola o cartone rigido) a filo dell\u2019esterno della canna fumaria, in verticale, come se fosse una squadra.<\/p>\n<p>Segni sulla base le linee di quella verticale su entrambi i lati. La distanza tra queste due marche sar\u00e0 la misura A1, corrispondente all&#8217;apertura utile del telaio.<\/p>\n<p>Poi misura lo spazio totale tra le pietre in rilievo (la misura A2), che ci aiuter\u00e0 a calcolare le finiture necessarie per coprire queste irregolarit\u00e0.<\/p>\n<p>Con queste due misure realizzeremo una porta che si adatti perfettamente, insieme a finiture che coprano eventuali imperfezioni estetiche.<\/p>\n<p><strong>IMPORTANTE:<\/strong> Per le canne fumarie con pietre irregolari, \u00e8 fondamentale annotare bene le misure. Non \u00e8 necessario inviare fotografie del metro o del flexometro che segnano la misura, poich\u00e9 potrebbero portare a errori di interpretazione.<br \/>\n<strong>NON INVIATE FOTO DEL METRO, INVIATE LE MISURE SCRITTE<\/strong>[\/vc_column_text]<\/div><div class=\"col-md-6  text-default\">[vc_single_image image=&#8221;897&#8243; img_size=&#8221;full&#8221;]<\/div>    <\/div><\/div>  <\/div>  <\/div><\/section><section id=\"custom-cf7\"  class=\"light\"> <div class=\"container\">  <div class=\"row\"><div class=\"col-md-12  text-default\" >[vc_empty_space height=&#8221;80px&#8221;][vc_column_text]\n<h3 style=\"text-align: center;\">Si prega di compilare tutti i campi del modulo<\/h3>\n[\/vc_column_text][vc_empty_space height=&#8221;40px&#8221;]   <div class=\"row\"><div class=\"col-md-12  text-default\">\n<div class=\"wpcf7 no-js\" id=\"wpcf7-f4464-o1\" lang=\"es-ES\" dir=\"ltr\" data-wpcf7-id=\"4464\">\n<div class=\"screen-reader-response\"><p role=\"status\" aria-live=\"polite\" aria-atomic=\"true\"><\/p> <ul><\/ul><\/div>\n<form action=\"\/it\/wp-json\/wp\/v2\/pages\/4463#wpcf7-f4464-o1\" method=\"post\" class=\"wpcf7-form init\" aria-label=\"Formulario de contacto\" enctype=\"multipart\/form-data\" novalidate=\"novalidate\" data-status=\"init\">\n<div style=\"display: none;\">\n<input type=\"hidden\" name=\"_wpcf7\" value=\"4464\" \/>\n<input type=\"hidden\" name=\"_wpcf7_version\" value=\"6.0.1\" \/>\n<input type=\"hidden\" name=\"_wpcf7_locale\" value=\"es_ES\" \/>\n<input type=\"hidden\" name=\"_wpcf7_unit_tag\" value=\"wpcf7-f4464-o1\" \/>\n<input type=\"hidden\" name=\"_wpcf7_container_post\" value=\"0\" \/>\n<input type=\"hidden\" name=\"_wpcf7_posted_data_hash\" value=\"\" \/>\n<input type=\"hidden\" name=\"_wpcf7dtx_version\" value=\"5.0.5\" \/>\n<\/div>\n<div class=\"row\">\n\t<div class=\"col-12 col-md-4\">\n\t\t<p><label> Nome e cognome(*)<br \/>\n<span class=\"wpcf7-form-control-wrap\" data-name=\"your-name\"><input size=\"40\" maxlength=\"400\" class=\"wpcf7-form-control wpcf7-form-control form-control wpcf7-validates-as-required\" aria-required=\"true\" aria-invalid=\"false\" value=\"\" type=\"text\" name=\"your-name\" \/><\/span> <\/label>\n\t\t<\/p>\n\t<\/div>\n\t<div class=\"col-12 col-md-4\">\n\t\t<p><label> Email(*)<br \/>\n<span class=\"wpcf7-form-control-wrap\" data-name=\"your-email\"><input size=\"40\" maxlength=\"400\" class=\"wpcf7-form-control wpcf7-form-control form-control wpcf7-validates-as-required wpcf7-form-control form-control wpcf7-validates-as-email\" aria-required=\"true\" aria-invalid=\"false\" value=\"\" type=\"email\" name=\"your-email\" \/><\/span> <\/label>\n\t\t<\/p>\n\t<\/div>\n\t<div class=\"col-12 col-md-4\">\n\t\t<p><label> Telefono(*)<br \/>\n<span class=\"wpcf7-form-control-wrap\" data-name=\"your-phone\"><input size=\"40\" maxlength=\"400\" class=\"wpcf7-form-control wpcf7-form-control form-control wpcf7-validates-as-required\" aria-required=\"true\" aria-invalid=\"false\" value=\"\" type=\"text\" name=\"your-phone\" \/><\/span> <\/label>\n\t\t<\/p>\n\t<\/div>\n<\/div>\n<div class=\"row\">\n\t<div class=\"col-12 col-md-4\">\n\t\t<p><label> Indirizzo<br \/>\n<span class=\"wpcf7-form-control-wrap\" data-name=\"your-address\"><input size=\"40\" maxlength=\"400\" class=\"wpcf7-form-control wpcf7-form-control form-control\" aria-invalid=\"false\" value=\"\" type=\"text\" name=\"your-address\" \/><\/span><\/label>\n\t\t<\/p>\n\t<\/div>\n\t<div class=\"col-12 col-md-4\">\n\t\t<p><label>Localit\u00e0 \/ Provincia<br \/>\n<span class=\"wpcf7-form-control-wrap\" data-name=\"your-city\"><input size=\"40\" maxlength=\"400\" class=\"wpcf7-form-control wpcf7-form-control form-control\" aria-invalid=\"false\" value=\"\" type=\"text\" name=\"your-city\" \/><\/span><\/label>\n\t\t<\/p>\n\t<\/div>\n\t<div class=\"col-12 col-md-4\">\n\t\t<p><label>Codice postale<br \/>\n<span class=\"wpcf7-form-control-wrap\" data-name=\"your-zip-code\"><input size=\"40\" maxlength=\"400\" class=\"wpcf7-form-control wpcf7-form-control form-control\" aria-invalid=\"false\" value=\"\" type=\"text\" name=\"your-zip-code\" \/><\/span><\/label>\n\t\t<\/p>\n\t<\/div>\n<\/div>\n<div class=\"row\">\n\t<div class=\"col-12 col-md-4\">\n\t\t<p><label> Paese<br \/>\n<span class=\"wpcf7-form-control-wrap\" data-name=\"your-country\"><input size=\"40\" maxlength=\"400\" class=\"wpcf7-form-control wpcf7-form-control form-control\" aria-invalid=\"false\" value=\"\" type=\"text\" name=\"your-country\" \/><\/span> <\/label>\n\t\t<\/p>\n\t<\/div>\n\t<div class=\"col-12 col-md-4\">\n\t\t<p><label>Misura A - Apertura della bocca<br \/>\n<span class=\"wpcf7-form-control-wrap\" data-name=\"your-med-a\"><input size=\"40\" maxlength=\"400\" class=\"wpcf7-form-control wpcf7-form-control form-control wpcf7-validates-as-required\" aria-required=\"true\" aria-invalid=\"false\" value=\"\" type=\"text\" name=\"your-med-a\" \/><\/span><\/label>\n\t\t<\/p>\n\t<\/div>\n\t<div class=\"col-12 col-md-4\">\n\t\t<p><label>Misura B - Altezza della bocca<br \/>\n<span class=\"wpcf7-form-control-wrap\" data-name=\"your-med-b\"><input size=\"40\" maxlength=\"400\" class=\"wpcf7-form-control wpcf7-form-control form-control wpcf7-validates-as-required\" aria-required=\"true\" aria-invalid=\"false\" value=\"\" type=\"text\" name=\"your-med-b\" \/><\/span><\/label>\n\t\t<\/p>\n\t<\/div>\n<\/div>\n<div class=\"row\">\n\t<div class=\"col-4 col-md-4\">\n\t\t<p><label>Misura C - Profondit\u00e0 dal bordo. Facoltativo: nel caso in cui vengano richiesti cassa e bruciatore<br \/>\n<br \/>\n<span class=\"wpcf7-form-control-wrap\" data-name=\"your-med-c\"><input size=\"40\" maxlength=\"400\" class=\"wpcf7-form-control wpcf7-form-control form-control wpcf7-validates-as-required\" aria-required=\"true\" aria-invalid=\"false\" value=\"\" type=\"text\" name=\"your-med-c\" \/><\/span><\/label>\n\t\t<\/p>\n\t<\/div>\n\t<div class=\"col-4 col-md-4\">\n\t\t<p><label>Misura D - Larghezza del fondo. Facoltativo: nel caso in cui vengano richiesti cassa e bruciatore<br \/>\n<br \/>\n<span class=\"wpcf7-form-control-wrap\" data-name=\"your-med-d\"><input size=\"40\" maxlength=\"400\" class=\"wpcf7-form-control wpcf7-form-control form-control wpcf7-validates-as-required\" aria-required=\"true\" aria-invalid=\"false\" value=\"\" type=\"text\" name=\"your-med-d\" \/><\/span><\/label>\n\t\t<\/p>\n\t<\/div>\n\t<div class=\"col-4 col-md-4\">\n\t\t<p><label>Tiratore - Ubicazione del tiratore su sportelli da uno strato. Sinistra o destra.<br \/>\n<span class=\"wpcf7-form-control-wrap\" data-name=\"your-door-side\"><select class=\"wpcf7-form-control wpcf7-select\" aria-invalid=\"false\" name=\"your-door-side\"><option value=\"IZQUIERDA\">IZQUIERDA<\/option><option value=\"DERECHA\">DERECHA<\/option><\/select><\/span><\/label>\n\t\t<\/p>\n\t<\/div>\n<\/div>\n<div class=\"row\">\n\t<div class=\"col-12 col-md-12\">\n\t\t<p><span style=\"color:red;font-weight:bold;\">IMPORTANTE !!!! ATTACCARE LA FOTOGRAFIA<\/span><br \/>\n<label><span class=\"wpcf7-form-control-wrap\" data-name=\"file-adjunto-1\"><input size=\"40\" class=\"wpcf7-form-control wpcf7-file\" accept=\".jpeg,.jpg,.png\" aria-invalid=\"false\" type=\"file\" name=\"file-adjunto-1\" \/><\/span><\/label><br \/>\n<label><span class=\"wpcf7-form-control-wrap\" data-name=\"file-adjunto-2\"><input size=\"40\" class=\"wpcf7-form-control wpcf7-file\" accept=\".jpeg,.jpg,.png\" aria-invalid=\"false\" type=\"file\" name=\"file-adjunto-2\" \/><\/span><\/label><br \/>\n<label><span class=\"wpcf7-form-control-wrap\" data-name=\"file-adjunto-3\"><input size=\"40\" class=\"wpcf7-form-control wpcf7-file\" accept=\".jpeg,.jpg,.png\" aria-invalid=\"false\" type=\"file\" name=\"file-adjunto-3\" \/><\/span><\/label>\n\t\t<\/p>\n\t\t<p><label> Descriva la sua richiesta<br \/>\n<\/label><br \/>\n<span class=\"wpcf7-form-control-wrap\" data-name=\"your-message\"><textarea cols=\"40\" rows=\"10\" maxlength=\"2000\" class=\"wpcf7-form-control wpcf7-form-control wpcf7-form-control form-control\" aria-invalid=\"false\" name=\"your-message\"><\/textarea><\/span>\n\t\t<\/p>\n\t<\/div>\n<\/div>\n<div class=\"row\">\n\t<div class=\"col-12 col-md-12\">\n\t\t<p><label><br \/>\n<\/label>\n\t\t<\/p>\n\t\t<p align=\"justify\"><span class=\"wpcf7-form-control-wrap acceptance-168\"><span class=\"wpcf7-form-control wpcf7-acceptance\"><span class=\"wpcf7-list-item\"><input type=\"checkbox\" name=\"acceptance-168\" value=\"1\" aria-invalid=\"false\" \/><\/span><\/span><\/span> Selezionando questa casella, l'utente dichiara di aver letto e accettato le condizioni espresse in <a href=\"https:\/\/www.hotfiredoor.com\/es\/aviso-legal\/\" target=\"_blank\"> \u201cAVVISO LEGALE\u201d <\/a> e il <a href=\"https:\/\/www.hotfiredoor.com\/en\/privacy-policy\/\" target=\"_blank\"> \"Informativa sulla privacy\" <\/a>.\n\t\t<\/p>\n\t<span class=\"wpcf7-form-control-wrap cf7-counter\" data-name=\"cf7-counter\"><input type=\"hidden\" name=\"cf7-counter\" class=\"wpcf7-form-control wpcf7-hidden wpcf7dtx wpcf7dtx-hidden\" aria-invalid=\"false\" value=\"9004\"><\/span>\n\t\t<p><span id=\"wpcf7-69e3efe50c073-wrapper\" class=\"wpcf7-form-control-wrap honeypot-289-wrap\" style=\"display:none !important; visibility:hidden !important;\"><label for=\"wpcf7-69e3efe50c073-field\" class=\"hp-message\">Por favor, deja este campo vac\u00edo.<\/label><input id=\"wpcf7-69e3efe50c073-field\"  class=\"wpcf7-form-control wpcf7-form-control form-control\" type=\"text\" name=\"honeypot-289\" value=\"\" size=\"40\" tabindex=\"-1\" autocomplete=\"off\" \/><\/span>\n\t\t<\/p>\n\t\t<p><input class=\"wpcf7-form-control wpcf7-submit btn btn-primary has-spinner\" type=\"submit\" value=\"Richiesta\" \/>\n\t\t<\/p>\n\t<\/div>\n<\/div><div class=\"wpcf7-response-output\" aria-hidden=\"true\"><\/div>\n<\/form>\n<\/div>\n<\/div>    <\/div>[vc_empty_space height=&#8221;80px&#8221;]<\/div>  <\/div>  <\/div><\/section>\n","protected":false},"excerpt":{"rendered":"<p>De una manera sencilla usted mismo puede tomar las medidas del hogar, le explicamos como hacerlo!<\/p>\n<div class=\"ja-typo-block\">\n<div class=\"ja-typo-blockct clearfix\">\n<div class=\"ja-typo-legend legend-rounded legend-1\">\n<h3 class=\"legend-title\">Importante<\/h3>\n<p> Cuando tome medidas <strong>h\u00e1galo en varios puntos<\/strong> para conocer mejor los espacios interiores. Tome como referencia el espacio <strong>m\u00e1s estrecho<\/strong> de las mediciones, ya que en la mayor\u00eda de las ocasiones las paredes son irregulares.<\/div>\n<\/p><\/div>\n<\/p><\/div>\n<div class=\"ja-typo-blockct clearfix\">\n<p class=\"ja-typo-box box-sticky\"><strong>\u00a1\u00a1\u00a1 RECUERDE !!! Para solicitar presupuesto tome medidas del hogar y <span style=\"color: #ff0000;\">haga una FOTOGRAF\u00cdA<\/span>, adj\u00fantela en el formulario<\/strong><\/p>\n<\/p><\/div>\n<p style=\"text-align: justify;\"><span style=\"line-height: 1.3em;\">Antes de solicitar un presupuesto o hacer el pedido, debe tomar una serie de medidas en su hogar, para ajustar al m\u00e1ximo tanto el presupuesto como el tama\u00f1o de la puerta de chimenea. Recuerde que fabricamos puertas a medida, por lo que la medici\u00f3n es muy importante para que la puerta encaje perfectamente y la <\/span><a style=\"line-height: 1.3em;\" href=\"es\/instalacion\">instalaci\u00f3n<\/a><span style=\"line-height: 1.3em;\"> sea mucho m\u00e1s f\u00e1cil.<\/span><\/p>\n<p style=\"text-align: justify;\">Siempre enviamos el presupuesto con y sin caj\u00f3n y quemador. Tambi\u00e9n existe la posibilidad para puertas grandes de fabricar una de doble hoja.<\/p>\n<p>{loadposition presupuesto_es}<\/p>\n","protected":false},"author":2,"featured_media":2810,"parent":0,"menu_order":43,"comment_status":"closed","ping_status":"closed","template":"","meta":{"_seopress_robots_primary_cat":"","_seopress_titles_title":"Contatti e budget | HOTFIREDOOR","_seopress_titles_desc":"CONTATTA e richiedi PREVENTIVI da \u2705 HOTFIREDOOR \u2705 Contatti, telefono, cellulare, indirizzo, modulo, whatsapp, mappa, ecc.","_seopress_robots_index":"","footnotes":""},"class_list":["post-4463","page","type-page","status-publish","has-post-thumbnail"],"_links":{"self":[{"href":"https:\/\/www.hotfiredoor.com\/it\/wp-json\/wp\/v2\/pages\/4463","targetHints":{"allow":["GET"]}}],"collection":[{"href":"https:\/\/www.hotfiredoor.com\/it\/wp-json\/wp\/v2\/pages"}],"about":[{"href":"https:\/\/www.hotfiredoor.com\/it\/wp-json\/wp\/v2\/types\/page"}],"author":[{"embeddable":true,"href":"https:\/\/www.hotfiredoor.com\/it\/wp-json\/wp\/v2\/users\/2"}],"replies":[{"embeddable":true,"href":"https:\/\/www.hotfiredoor.com\/it\/wp-json\/wp\/v2\/comments?post=4463"}],"version-history":[{"count":12,"href":"https:\/\/www.hotfiredoor.com\/it\/wp-json\/wp\/v2\/pages\/4463\/revisions"}],"predecessor-version":[{"id":15741,"href":"https:\/\/www.hotfiredoor.com\/it\/wp-json\/wp\/v2\/pages\/4463\/revisions\/15741"}],"wp:featuredmedia":[{"embeddable":true,"href":"https:\/\/www.hotfiredoor.com\/it\/wp-json\/wp\/v2\/media\/2810"}],"wp:attachment":[{"href":"https:\/\/www.hotfiredoor.com\/it\/wp-json\/wp\/v2\/media?parent=4463"}],"curies":[{"name":"wp","href":"https:\/\/api.w.org\/{rel}","templated":true}]}}