{"id":4428,"date":"2012-03-16T02:14:58","date_gmt":"2012-03-16T01:14:58","guid":{"rendered":"https:\/\/www.hotfiredoor.com\/presupuestos\/"},"modified":"2025-07-25T12:57:55","modified_gmt":"2025-07-25T10:57:55","slug":"devis","status":"publish","type":"page","link":"https:\/\/www.hotfiredoor.com\/fr\/devis\/","title":{"rendered":"LES BUDGETS"},"content":{"rendered":"<section id=\"\"  class=\"dark_section following_dark hidden-md hidden-lg\"> <div class=\"container\">  <div class=\"row\"><div class=\"col-md-12  text-default\" >[vc_empty_space height=\u00a0\u00bb30px\u00a0\u00bb]   <div class=\"row\"><div class=\"col-md-6  text-default\">[vc_column_text]\n<p style=\"text-align: center;\"><span style=\"text-align: justify; font-weight: bold;\">Adresse<\/span><\/p>\n<p style=\"text-align: center;\">C\/ Santa Anna, 127, Cerdanyola del Vall\u00e8s,<\/p>\n<p style=\"text-align: center;\">08290, Barcelona. Espagne<\/p>\n[\/vc_column_text]<\/div><div class=\"col-md-6  text-default\">[vc_column_text]\n<p style=\"text-align: center;\"><span style=\"text-align: justify; font-weight: bold;\">Contact<\/span><\/p>\n<p style=\"text-align: center;\"><i class=\"fa fa-phone\"><\/i><a href=\"tel:+34936924560\">\u00a0(+34) 936 924 560<\/a><\/p>\n<p style=\"text-align: center;\"><i class=\"fa fa-envelope\"><\/i><a href=\"mailto:info@hotfiredoor.com\">info@hotfiredoor.com<\/a><\/p>\n<p style=\"text-align: center;\"><img loading=\"lazy\" decoding=\"async\" class=\"alignnone size-full wp-image-21520\" src=\"https:\/\/www.hotfiredoor.com\/wp-content\/uploads\/2024\/07\/en.png\" alt=\"\" width=\"18\" height=\"12\" \/>We speak English<\/p>\n<p style=\"text-align: center;\"><img loading=\"lazy\" decoding=\"async\" class=\"alignnone size-full wp-image-21520\" src=\"https:\/\/www.hotfiredoor.com\/wp-content\/uploads\/2024\/07\/fr.png\" alt=\"\" width=\"18\" height=\"12\" \/> Nous parlons fran\u00e7ais<\/p>\n<p style=\"text-align: center;\"><img loading=\"lazy\" decoding=\"async\" class=\"alignnone size-full wp-image-21520\" src=\"https:\/\/www.hotfiredoor.com\/wp-content\/uploads\/2024\/07\/it.png\" alt=\"\" width=\"18\" height=\"12\" \/> Noi parliamo italiano<\/p>\n[\/vc_column_text]<\/div>    <\/div><\/div>  <\/div>  <\/div><\/section><section id=\"\"  class=\"dark_section following_dark hidden-xs hidden-sm\"> <div class=\"container\">  <div class=\"row\"><div class=\"col-md-12  text-default\" >[vc_empty_space height=\u00a0\u00bb30px\u00a0\u00bb]   <div class=\"row\"><div class=\"col-md-6  text-default\">[vc_column_text]\n<p style=\"text-align: right;\"><span style=\"text-align: justify; font-weight: bold;\">Adresse<\/span><\/p>\n<p style=\"text-align: right;\">C\/ Santa Anna, 127, Cerdanyola del Vall\u00e8s,<\/p>\n<p style=\"text-align: right;\">08290, Barcelona. Espagne<\/p>\n[\/vc_column_text]<\/div><div class=\"col-md-6  text-default\">[vc_column_text]\n<p style=\"text-align: left;\"><span style=\"text-align: justify; font-weight: bold;\">Contact<\/span><\/p>\n<p style=\"text-align: left;\"><i class=\"fa fa-phone\"><\/i><a href=\"tel:+34936924560\">\u00a0(+34) 936 924 560<\/a><\/p>\n<p style=\"text-align: left;\"><i class=\"fa fa-envelope\"><\/i><a href=\"mailto:info@hotfiredoor.com\">info@hotfiredoor.com<\/a><\/p>\n<p style=\"text-align: left;\"><img loading=\"lazy\" decoding=\"async\" class=\"alignnone size-full wp-image-21520\" src=\"https:\/\/www.hotfiredoor.com\/wp-content\/uploads\/2024\/07\/en.png\" alt=\"\" width=\"18\" height=\"12\" \/>We speak English<\/p>\n<p style=\"text-align: left;\"><img loading=\"lazy\" decoding=\"async\" class=\"alignnone size-full wp-image-21520\" src=\"https:\/\/www.hotfiredoor.com\/wp-content\/uploads\/2024\/07\/fr.png\" alt=\"\" width=\"18\" height=\"12\" \/> Nous parlons fran\u00e7ais<\/p>\n<p style=\"text-align: left;\"><img loading=\"lazy\" decoding=\"async\" class=\"alignnone size-full wp-image-21520\" src=\"https:\/\/www.hotfiredoor.com\/wp-content\/uploads\/2024\/07\/it.png\" alt=\"\" width=\"18\" height=\"12\" \/> Noi parliamo italiano<\/p>\n[\/vc_column_text]<\/div>    <\/div><\/div>  <\/div>  <\/div><\/section><section id=\"\"  class=\"light\"> <div class=\"container\">  <div class=\"row\"><div class=\"col-md-12  text-default\" >[vc_empty_space]\n\t\t\t<div class=\"ult_dual_button  ult-adjust-bottom-margin to-center  \"  data-response=\"on\" id=\"ult_btn_2759520792\">\n\n\t\t\t<div id=\"dualbtn-2407\" class=\"ulitmate_dual_buttons ult-dual-btn ult_main_dualbtn \" data-bcolor=\"#333333\"data-bhcolor=\"\">\n\n\t\t\t<div class=\"ult_dualbutton-wrapper btn-inline place-template bt1 \"><a href=\"https:\/\/puertasparachimeneas.com\/fr\/porte-personnalisee-11\" rel=\"nofollow\"  class=\"ult_ivan_button round-square with-icon icon-before with-text place-template ult_dual1\" style=\";margin-right:px;;background-color:#dd4b4b !important;; border-color:#333333;border-style:;border-width:0px;border-radius:px;;\">\n\t\t\t<span class=\"ult-dual-btn-1 Style 1\" style=\"\"  data-bgcolor=\"#dd4b4b\" data-bghovercolor=\"#bcbcbc\" data-icon_color=\"#333333\" data-icon_hover_color=\"#333333\" data-textcolor=\"#ffffff\" data-texthovercolor=\"#ffffff\" data-iconbgcolor=\"transperent\" data-iconbghovercolor=\"transperent\" data-iconborder=\"transperent\" data-iconhoverborder=\"transperent\" >\n\t\t\t<span class=\"icon-simple icon-left1 ult_btn1span ult-dual-btn-no-icon\"  style=\";padding-left:0px; \"><\/span>\n\t\t\t<span class=\"text-btn ult-dual-button-title ult-responsive\"  data-ultimate-target='#dualbtn-2407 .ult-dual-button-title'  data-responsive-json-new='{\"font-size\":\"desktop:22px;tablet:16px;tablet_portrait:16px;mobile_landscape:14px;mobile:14px;\",\"line-height\":\"desktop:22px;tablet:18px;tablet_portrait:18px;mobile_landscape:16px;mobile:16px;\"}'  style=\"font-weight:normal;color:#ffffff;\">BUDGET IMMEDIAT CLIQUEZ ICI!<\/span>\n\n\t\t\t<\/span>\n\t\t\t<\/a><span class=\"middle-text\" style=\"line-height: 1.8em;color:#ffffff;background-color:#333333;border-width:0px;\">\n\t\t\t<span class=\"middle-inner\"  ><i class=\"Defaults-eur euro\"><\/i><\/span>\n\t\t\t<\/span>\n\n\t\t\t<\/div>\n\n\t\t\t<div class=\"ult_dualbutton-wrapper btn-inline place-template btn2 \"><a href=\"https:\/\/www.hotfiredoor.com\/fr\/devis\/#custom-cf7\" title=\"CONTACTAR  SOLO FORM NOFOLLOW\" rel=\"nofollow\"  class=\"ult_ivan_button round-square with-icon icon-after with-text place-template ult_dual2\"  style=\";background-color:#000000 !important;;margin-left:px;;border-color:#333333;border-style:;border-width:0px;border-radius:px;\">\n\t\t\t<span class=\"ult-dual-btn-2 Style 1\"  data-bgcolor=\"#000000\" data-bghovercolor=\"#5e5e5e\" data-icon_color=\"#333333\" data-icon_hover_color=\"#333333\" data-textcolor=\"#ffffff\" data-texthovercolor=\"#ffffff\" data-iconbgcolor=\"transperent\" data-iconbghovercolor=\"transperent\" data-iconborder=\"transperent\" data-iconhoverborder=\"transperent\" >\n\t\t\t<span class=\"text-btn ult-dual-button-title\" style=\"font-weight:normal;color:#ffffff;\">FORMULAIRE BUDGET CLIQUEZ ICI!<\/span>\n\n\t\t\t<span class=\"icon-simple icon-right2 ult_btn1span ult-dual-btn-no-icon\"  style=\";padding-left:0px; \"><\/span>\n\t\t\t<\/span>\n\t\t\t<\/a><\/div>\n\t\t\t<\/div>\n\t\t\t<\/div>[vc_empty_space]<\/div>  <\/div>  <\/div><\/section><section id=\"\"  class=\"light\"> <div class=\"container\">  <div class=\"row\"><div class=\"col-md-12  text-default\" >   <div class=\"row\"><div class=\"col-md-6  text-default\">[vc_single_image image=\u00a0\u00bb895&Prime; img_size=\u00a0\u00bbfull\u00a0\u00bb]<\/div><div class=\"col-md-6  text-default\">[vc_column_text]\n<h2>Comment prendre des mesures de chemin\u00e9e<\/h2>\n[\/vc_column_text][vc_column_text]De mani\u00e8re simple, vous pouvez prendre les mesures de votre foyer, nous vous expliquons comment le faire![\/vc_column_text][vc_column_text]\n<div class=\"ja-typo-block\">\n<div class=\"ja-typo-blockct clearfix\">\n<div class=\"ja-typo-legend legend-rounded legend-1\">Lorsque vous agissez,<strong> faites-le \u00e0 plusieurs endroits<\/strong> pour mieux conna\u00eetre les espaces int\u00e9rieurs. Prenez comme r\u00e9f\u00e9rence l\u2019espace le plus \u00e9troit des mesures, car dans la plupart des cas, les murs sont irr\u00e9guliers.<\/div>\n<\/div>\n<\/div>\n<div class=\"ja-typo-blockct clearfix\">\n<p class=\"ja-typo-box box-sticky\"><strong>Rappelez-vous !!! Pour demander un devis, prenez les mesures n\u00e9cessaires \u00e0 la maison et cr\u00e9ez une PHOTOGRAPHIE, joignez-la au formulaire.<\/strong><\/p>\n<\/div>\n[\/vc_column_text]<\/div>    <\/div>   <div class=\"row\"><div class=\"col-md-12  text-default\">[vc_column_text]Pr\u00e9alablement \u00e0 la demande de devis ou de r\u00e9aliser votre commande, vous devrez prendre les mesures de votre foyer afin de n\u00e9gocier le devis et cadrer les dimensions de la porte pour foyer. Sachez que nous fabriquons des portes sur mesure, il est donc important que la porte soit correctement cadr\u00e9e afin que l\u2019<a href=\"https:\/\/www.hotfiredoor.com\/fr\/installation-sans-travaux\/\" rel=\"alternate\">installation<\/a>\u00a0soit plus facile.<\/p>\n<p>Les devis offerts comprennent toujours le co\u00fbt du produit avec ou sans cendrier et avec ou sans br\u00fbleur. Il existe aussi la possibilit\u00e9 de fabriquer des portes \u00e0 deux battants.[\/vc_column_text]<\/div>    <\/div><\/div>  <\/div>  <\/div><\/section><section id=\"\"  class=\"light\"> <div class=\"container\">  <div class=\"row\"><div class=\"col-md-12  text-default\" >   <div class=\"row\"><div class=\"col-md-6  text-default\">[vc_column_text]\n<h2>Quelles mesures doivent \u00eatre prises<\/h2>\n<p><strong>Largeur de l&rsquo;ouverture (A), <\/strong><strong>Hauteur de l&rsquo;ouverture (B), <\/strong><strong>Profondeur (C), <\/strong><strong>Largeur du fond (D)<\/strong><\/p>\n<p>Veuillez noter que les ouvertures peuvent ne pas \u00eatre compl\u00e8tement droites ou uniformes. Nous nous chargerons d&rsquo;appliquer les marges techniques appropri\u00e9es pour que la porte ait la tol\u00e9rance n\u00e9cessaire face aux dilatations possibles dues \u00e0 la temp\u00e9rature.<\/p>\n<h3>La chemin\u00e9e a-t-elle de la pierre irr\u00e9guli\u00e8re sur les c\u00f4t\u00e9s ?<\/h3>\n<p>Dans ce cas, il est important de mesurer \u00e9galement en tenant compte des zones saillantes. Si vous remarquez que les c\u00f4t\u00e9s ne sont pas compl\u00e8tement lisses, suivez cette proc\u00e9dure :<\/p>\n<p>Appuyez un \u00e9l\u00e9ment droit (comme une planche ou un carton rigide) contre l&rsquo;ext\u00e9rieur de la chemin\u00e9e, en vertical, comme une \u00e9querre.<\/p>\n<p>Marquez sur la base les lignes de cette verticale de chaque c\u00f4t\u00e9. La distance entre ces deux marques sera la mesure A1, correspondant \u00e0 l&rsquo;ouverture utile du cadre.<\/p>\n<p>Ensuite, mesurez l&rsquo;espace total entre les pierres qui d\u00e9passent (la mesure A2), ce qui nous aidera \u00e0 calculer les garnitures n\u00e9cessaires pour masquer ces irr\u00e9gularit\u00e9s.<\/p>\n<p>Avec ces deux mesures, nous fabriquerons une porte qui s&rsquo;ajuste parfaitement, accompagn\u00e9e de garnitures pour couvrir toute imperfection esth\u00e9tique.<\/p>\n<p><strong>IMPORTANT :<\/strong> Dans le cas de chemin\u00e9es avec pierre irr\u00e9guli\u00e8re, il est essentiel de bien noter les mesures. Il n&rsquo;est pas n\u00e9cessaire d&rsquo;envoyer des photographies du m\u00e8tre ou du ruban \u00e0 mesurer en train de marquer la mesure, car cela peut entra\u00eener des erreurs d&rsquo;interpr\u00e9tation.<br \/>\n<strong>NE PAS ENVOYER DE PHOTOS DU M\u00c8TRE, ENVOYEZ LES MESURES \u00c9CRITES<\/strong>[\/vc_column_text]<\/div><div class=\"col-md-6  text-default\">[vc_single_image image=\u00a0\u00bb15704&Prime; img_size=\u00a0\u00bbfull\u00a0\u00bb]<\/div>    <\/div><\/div>  <\/div>  <\/div><\/section><section id=\"custom-cf7\"  class=\"light\"> <div class=\"container\">  <div class=\"row\"><div class=\"col-md-12  text-default\" >[vc_empty_space height=\u00a0\u00bb80px\u00a0\u00bb][vc_column_text]\n<h3 style=\"text-align: center;\">Veuillez remplir tous les champs du formulaire<\/h3>\n[\/vc_column_text][vc_empty_space height=\u00a0\u00bb40px\u00a0\u00bb]   <div class=\"row\"><div class=\"col-md-12  text-default\">\n<div class=\"wpcf7 no-js\" id=\"wpcf7-f4426-o1\" lang=\"es-ES\" dir=\"ltr\" data-wpcf7-id=\"4426\">\n<div class=\"screen-reader-response\"><p role=\"status\" aria-live=\"polite\" aria-atomic=\"true\"><\/p> <ul><\/ul><\/div>\n<form action=\"\/fr\/wp-json\/wp\/v2\/pages\/4428#wpcf7-f4426-o1\" method=\"post\" class=\"wpcf7-form init\" aria-label=\"Formulario de contacto\" enctype=\"multipart\/form-data\" novalidate=\"novalidate\" data-status=\"init\">\n<div style=\"display: none;\">\n<input type=\"hidden\" name=\"_wpcf7\" value=\"4426\" \/>\n<input type=\"hidden\" name=\"_wpcf7_version\" value=\"6.0.1\" \/>\n<input type=\"hidden\" name=\"_wpcf7_locale\" value=\"es_ES\" \/>\n<input type=\"hidden\" name=\"_wpcf7_unit_tag\" value=\"wpcf7-f4426-o1\" \/>\n<input type=\"hidden\" name=\"_wpcf7_container_post\" value=\"0\" \/>\n<input type=\"hidden\" name=\"_wpcf7_posted_data_hash\" value=\"\" \/>\n<input type=\"hidden\" name=\"_wpcf7dtx_version\" value=\"5.0.5\" \/>\n<\/div>\n<div class=\"row\">\n\t<div class=\"col-12 col-md-4\">\n\t\t<p><label> Pr\u00e9nom et nom(*)<br \/>\n<span class=\"wpcf7-form-control-wrap\" data-name=\"your-name\"><input size=\"40\" maxlength=\"400\" class=\"wpcf7-form-control wpcf7-form-control form-control wpcf7-validates-as-required\" aria-required=\"true\" aria-invalid=\"false\" value=\"\" type=\"text\" name=\"your-name\" \/><\/span> <\/label>\n\t\t<\/p>\n\t<\/div>\n\t<div class=\"col-12 col-md-4\">\n\t\t<p><label> Courriel(*)<br \/>\n<span class=\"wpcf7-form-control-wrap\" data-name=\"your-email\"><input size=\"40\" maxlength=\"400\" class=\"wpcf7-form-control wpcf7-form-control form-control wpcf7-validates-as-required wpcf7-form-control form-control wpcf7-validates-as-email\" aria-required=\"true\" aria-invalid=\"false\" value=\"\" type=\"email\" name=\"your-email\" \/><\/span> <\/label>\n\t\t<\/p>\n\t<\/div>\n\t<div class=\"col-12 col-md-4\">\n\t\t<p><label> T\u00e9l\u00e9phone(*)<br \/>\n<span class=\"wpcf7-form-control-wrap\" data-name=\"your-phone\"><input size=\"40\" maxlength=\"400\" class=\"wpcf7-form-control wpcf7-form-control form-control wpcf7-validates-as-required\" aria-required=\"true\" aria-invalid=\"false\" value=\"\" type=\"text\" name=\"your-phone\" \/><\/span> <\/label>\n\t\t<\/p>\n\t<\/div>\n<\/div>\n<div class=\"row\">\n\t<div class=\"col-12 col-md-4\">\n\t\t<p><label> Adresse<br \/>\n<span class=\"wpcf7-form-control-wrap\" data-name=\"your-address\"><input size=\"40\" maxlength=\"400\" class=\"wpcf7-form-control wpcf7-form-control form-control\" aria-invalid=\"false\" value=\"\" type=\"text\" name=\"your-address\" \/><\/span><\/label>\n\t\t<\/p>\n\t<\/div>\n\t<div class=\"col-12 col-md-4\">\n\t\t<p><label>Ville \/ Province<br \/>\n<span class=\"wpcf7-form-control-wrap\" data-name=\"your-city\"><input size=\"40\" maxlength=\"400\" class=\"wpcf7-form-control wpcf7-form-control form-control\" aria-invalid=\"false\" value=\"\" type=\"text\" name=\"your-city\" \/><\/span><\/label>\n\t\t<\/p>\n\t<\/div>\n\t<div class=\"col-12 col-md-4\">\n\t\t<p><label>Code postal<br \/>\n<span class=\"wpcf7-form-control-wrap\" data-name=\"your-zip-code\"><input size=\"40\" maxlength=\"400\" class=\"wpcf7-form-control wpcf7-form-control form-control\" aria-invalid=\"false\" value=\"\" type=\"text\" name=\"your-zip-code\" \/><\/span><\/label>\n\t\t<\/p>\n\t<\/div>\n<\/div>\n<div class=\"row\">\n\t<div class=\"col-12 col-md-4\">\n\t\t<p><label> Pays<br \/>\n<span class=\"wpcf7-form-control-wrap\" data-name=\"your-country\"><input size=\"40\" maxlength=\"400\" class=\"wpcf7-form-control wpcf7-form-control form-control\" aria-invalid=\"false\" value=\"\" type=\"text\" name=\"your-country\" \/><\/span> <\/label>\n\t\t<\/p>\n\t<\/div>\n\t<div class=\"col-12 col-md-4\">\n\t\t<p><label>Dimensions A \u2014 Largeur bouche<br \/>\n<span class=\"wpcf7-form-control-wrap\" data-name=\"your-med-a\"><input size=\"40\" maxlength=\"400\" class=\"wpcf7-form-control wpcf7-form-control form-control wpcf7-validates-as-required\" aria-required=\"true\" aria-invalid=\"false\" value=\"\" type=\"text\" name=\"your-med-a\" \/><\/span><\/label>\n\t\t<\/p>\n\t<\/div>\n\t<div class=\"col-12 col-md-4\">\n\t\t<p><label>Dimensions B \u2014 Hauteur bouche<br \/>\n<span class=\"wpcf7-form-control-wrap\" data-name=\"your-med-b\"><input size=\"40\" maxlength=\"400\" class=\"wpcf7-form-control wpcf7-form-control form-control wpcf7-validates-as-required\" aria-required=\"true\" aria-invalid=\"false\" value=\"\" type=\"text\" name=\"your-med-b\" \/><\/span><\/label>\n\t\t<\/p>\n\t<\/div>\n<\/div>\n<div class=\"row\">\n\t<div class=\"col-4 col-md-4\">\n\t\t<p><label>Dimensions C \u2014 Profondeur bouche, optionnel, et en cas de cendrier et br\u00fbleur<br \/>\n<span class=\"wpcf7-form-control-wrap\" data-name=\"your-med-c\"><input size=\"40\" maxlength=\"400\" class=\"wpcf7-form-control wpcf7-form-control form-control wpcf7-validates-as-required\" aria-required=\"true\" aria-invalid=\"false\" value=\"\" type=\"text\" name=\"your-med-c\" \/><\/span><\/label>\n\t\t<\/p>\n\t<\/div>\n\t<div class=\"col-4 col-md-4\">\n\t\t<p><label>Dimensions D \u2014 Largeur fond, optionnel, et en cas de cendrier et br\u00fbleur<br \/>\n<span class=\"wpcf7-form-control-wrap\" data-name=\"your-med-d\"><input size=\"40\" maxlength=\"400\" class=\"wpcf7-form-control wpcf7-form-control form-control wpcf7-validates-as-required\" aria-required=\"true\" aria-invalid=\"false\" value=\"\" type=\"text\" name=\"your-med-d\" \/><\/span><\/label>\n\t\t<\/p>\n\t<\/div>\n\t<div class=\"col-4 col-md-4\">\n\t\t<p><label>Poign\u00e9e \u2014 emplacement de la poign\u00e9e sur porte \u00e0 un battant. Gauche ou droite<br \/>\n<span class=\"wpcf7-form-control-wrap\" data-name=\"your-door-side\"><select class=\"wpcf7-form-control wpcf7-select\" aria-invalid=\"false\" name=\"your-door-side\"><option value=\"GAUCHE\">GAUCHE<\/option><option value=\"DROITE\">DROITE<\/option><\/select><\/span><\/label>\n\t\t<\/p>\n\t<\/div>\n<\/div>\n<div class=\"row\">\n\t<div class=\"col-12 col-md-12\">\n\t\t<p><span style=\"color:red;font-weight:bold;\">IMPORTANT !!! N\u2019OUBLIEZ PAS DE JOINDRE UNE PHOTOGRAPHIE<\/span><br \/>\n<label><span class=\"wpcf7-form-control-wrap\" data-name=\"file-adjunto-1\"><input size=\"40\" class=\"wpcf7-form-control wpcf7-file\" accept=\".jpeg,.jpg,.png\" aria-invalid=\"false\" type=\"file\" name=\"file-adjunto-1\" \/><\/span><\/label><br \/>\n<label><span class=\"wpcf7-form-control-wrap\" data-name=\"file-adjunto-2\"><input size=\"40\" class=\"wpcf7-form-control wpcf7-file\" accept=\".jpeg,.jpg,.png\" aria-invalid=\"false\" type=\"file\" name=\"file-adjunto-2\" \/><\/span><\/label><br \/>\n<label><span class=\"wpcf7-form-control-wrap\" data-name=\"file-adjunto-3\"><input size=\"40\" class=\"wpcf7-form-control wpcf7-file\" accept=\".jpeg,.jpg,.png\" aria-invalid=\"false\" type=\"file\" name=\"file-adjunto-3\" \/><\/span><\/label>\n\t\t<\/p>\n\t\t<p><label> Veuillez d\u00e9crire votre requ\u00eate<\/label><br \/>\n<span class=\"wpcf7-form-control-wrap\" data-name=\"your-message\"><textarea cols=\"40\" rows=\"10\" maxlength=\"2000\" class=\"wpcf7-form-control wpcf7-form-control wpcf7-form-control form-control\" aria-invalid=\"false\" name=\"your-message\"><\/textarea><\/span>\n\t\t<\/p>\n\t<\/div>\n<\/div>\n<div class=\"row\">\n\t<div class=\"col-12 col-md-12\">\n\t\t<p><label><br \/>\n<\/label>\n\t\t<\/p>\n\t\t<p><span class=\"wpcf7-form-control-wrap\" data-name=\"acceptance-144\"><span class=\"wpcf7-form-control wpcf7-acceptance\"><span class=\"wpcf7-list-item\"><input type=\"checkbox\" name=\"acceptance-144\" value=\"1\" aria-invalid=\"false\" \/><\/span><\/span><\/span> En cochant cette case, l'utilisateur d\u00e9clare avoir lisez et acceptez les conditions exprim\u00e9es dans les <a href=\"https:\/\/www.hotfiredoor.com\/fr\/avis-juridique\/\" target=\"_blank\"> \"AVIS JURIDIQUE\" <\/a> et dans les <a href=\"https:\/\/www.hotfiredoor.com\/fr\/regles-confidentialite\/\" target=\"_blank\"> \"R\u00e8gles de confidentialit\u00e9\" <\/a>.\n\t\t<\/p>\n\t<span class=\"wpcf7-form-control-wrap cf7-counter\" data-name=\"cf7-counter\"><input type=\"hidden\" name=\"cf7-counter\" class=\"wpcf7-form-control wpcf7-hidden wpcf7dtx wpcf7dtx-hidden\" aria-invalid=\"false\" value=\"9004\"><\/span>\n\t\t<p><span id=\"wpcf7-69e3ee9dc426a-wrapper\" class=\"wpcf7-form-control-wrap honeypot-937-wrap\" style=\"display:none !important; visibility:hidden !important;\"><label for=\"wpcf7-69e3ee9dc426a-field\" class=\"hp-message\">Por favor, deja este campo vac\u00edo.<\/label><input id=\"wpcf7-69e3ee9dc426a-field\"  class=\"wpcf7-form-control wpcf7-form-control form-control\" type=\"text\" name=\"honeypot-937\" value=\"\" size=\"40\" tabindex=\"-1\" autocomplete=\"off\" \/><\/span><br \/>\n<input class=\"wpcf7-form-control wpcf7-submit btn btn-primary has-spinner\" type=\"submit\" value=\"Envoyer\" \/>\n\t\t<\/p>\n\t<\/div>\n<\/div><div class=\"wpcf7-response-output\" aria-hidden=\"true\"><\/div>\n<\/form>\n<\/div>\n<\/div>    <\/div>[vc_empty_space height=\u00a0\u00bb80px\u00a0\u00bb]<\/div>  <\/div>  <\/div><\/section>\n","protected":false},"excerpt":{"rendered":"<p>De una manera sencilla usted mismo puede tomar las medidas del hogar, le explicamos como hacerlo!<\/p>\n<div class=\"ja-typo-block\">\n<div class=\"ja-typo-blockct clearfix\">\n<div class=\"ja-typo-legend legend-rounded legend-1\">\n<h3 class=\"legend-title\">Importante<\/h3>\n<p> Cuando tome medidas <strong>h\u00e1galo en varios puntos<\/strong> para conocer mejor los espacios interiores. Tome como referencia el espacio <strong>m\u00e1s estrecho<\/strong> de las mediciones, ya que en la mayor\u00eda de las ocasiones las paredes son irregulares.<\/div>\n<\/p><\/div>\n<\/p><\/div>\n<div class=\"ja-typo-blockct clearfix\">\n<p class=\"ja-typo-box box-sticky\"><strong>\u00a1\u00a1\u00a1 RECUERDE !!! Para solicitar presupuesto tome medidas del hogar y <span style=\"color: #ff0000;\">haga una FOTOGRAF\u00cdA<\/span>, adj\u00fantela en el formulario<\/strong><\/p>\n<\/p><\/div>\n<p style=\"text-align: justify;\"><span style=\"line-height: 1.3em;\">Antes de solicitar un presupuesto o hacer el pedido, debe tomar una serie de medidas en su hogar, para ajustar al m\u00e1ximo tanto el presupuesto como el tama\u00f1o de la puerta de chimenea. Recuerde que fabricamos puertas a medida, por lo que la medici\u00f3n es muy importante para que la puerta encaje perfectamente y la <\/span><a style=\"line-height: 1.3em;\" href=\"es\/instalacion\">instalaci\u00f3n<\/a><span style=\"line-height: 1.3em;\"> sea mucho m\u00e1s f\u00e1cil.<\/span><\/p>\n<p style=\"text-align: justify;\">Siempre enviamos el presupuesto con y sin caj\u00f3n y quemador. Tambi\u00e9n existe la posibilidad para puertas grandes de fabricar una de doble hoja.<\/p>\n<p>{loadposition presupuesto_es}<\/p>\n","protected":false},"author":2,"featured_media":2808,"parent":0,"menu_order":43,"comment_status":"closed","ping_status":"closed","template":"","meta":{"_seopress_robots_primary_cat":"","_seopress_titles_title":"Contact et budgets | HOTFIREDOOR","_seopress_titles_desc":"CONTACTER et demander des DEVIS \u00e0 \u2705 HOTFIREDOOR \u2705 Contact, t\u00e9l\u00e9phone, mobile, adresse, formulaire, WhatsApp, plan, etc.","_seopress_robots_index":"","footnotes":""},"class_list":["post-4428","page","type-page","status-publish","has-post-thumbnail"],"_links":{"self":[{"href":"https:\/\/www.hotfiredoor.com\/fr\/wp-json\/wp\/v2\/pages\/4428","targetHints":{"allow":["GET"]}}],"collection":[{"href":"https:\/\/www.hotfiredoor.com\/fr\/wp-json\/wp\/v2\/pages"}],"about":[{"href":"https:\/\/www.hotfiredoor.com\/fr\/wp-json\/wp\/v2\/types\/page"}],"author":[{"embeddable":true,"href":"https:\/\/www.hotfiredoor.com\/fr\/wp-json\/wp\/v2\/users\/2"}],"replies":[{"embeddable":true,"href":"https:\/\/www.hotfiredoor.com\/fr\/wp-json\/wp\/v2\/comments?post=4428"}],"version-history":[{"count":20,"href":"https:\/\/www.hotfiredoor.com\/fr\/wp-json\/wp\/v2\/pages\/4428\/revisions"}],"predecessor-version":[{"id":15738,"href":"https:\/\/www.hotfiredoor.com\/fr\/wp-json\/wp\/v2\/pages\/4428\/revisions\/15738"}],"wp:featuredmedia":[{"embeddable":true,"href":"https:\/\/www.hotfiredoor.com\/fr\/wp-json\/wp\/v2\/media\/2808"}],"wp:attachment":[{"href":"https:\/\/www.hotfiredoor.com\/fr\/wp-json\/wp\/v2\/media?parent=4428"}],"curies":[{"name":"wp","href":"https:\/\/api.w.org\/{rel}","templated":true}]}}