{"id":89,"date":"2012-03-16T02:14:58","date_gmt":"2012-03-16T01:14:58","guid":{"rendered":"https:\/\/www.hotfiredoor.com\/medidas-y-presupuestos\/"},"modified":"2025-07-25T12:53:56","modified_gmt":"2025-07-25T10:53:56","slug":"presupuestos","status":"publish","type":"page","link":"https:\/\/www.hotfiredoor.com\/es\/presupuestos\/","title":{"rendered":"CONTACTAR"},"content":{"rendered":"<section id=\"\"  class=\"dark_section following_dark hidden-md hidden-lg\"> <div class=\"container\">  <div class=\"row\"><div class=\"col-md-12  text-default\" >[vc_empty_space height=\u00bb30px\u00bb]   <div class=\"row\"><div class=\"col-md-6  text-default\">[vc_column_text]\n<p style=\"text-align: center;\"><span style=\"text-align: justify; font-weight: bold;\">Direcci\u00f3n<\/span><\/p>\n<p style=\"text-align: center;\">C\/ Santa Anna, 127, Cerdanyola del Vall\u00e8s,<\/p>\n<p style=\"text-align: center;\">08290, Barcelona.<\/p>\n[\/vc_column_text]<\/div><div class=\"col-md-6  text-default\">[vc_column_text]\n<p style=\"text-align: center;\"><span style=\"text-align: justify; font-weight: bold;\">Contacto<\/span><\/p>\n<p style=\"text-align: center;\"><i class=\"fa fa-phone\"><\/i><a href=\"tel:+34936924560\">\u00a0(+34) 936 924 560<\/a><\/p>\n<p style=\"text-align: center;\"><i class=\"fa fa-envelope\"><\/i><a href=\"mailto:info@hotfiredoor.com\">info@hotfiredoor.com<\/a><\/p>\n[\/vc_column_text]<\/div>    <\/div>[vc_empty_space height=\u00bb30px\u00bb]<\/div>  <\/div>  <\/div><\/section><section id=\"\"  class=\"dark_section following_dark hidden-xs hidden-sm\"> <div class=\"container\">  <div class=\"row\"><div class=\"col-md-12  text-default\" >[vc_empty_space height=\u00bb30px\u00bb]   <div class=\"row\"><div class=\"col-md-6  text-default\">[vc_column_text]\n<p style=\"text-align: right;\"><span style=\"text-align: justify; font-weight: bold;\">Direcci\u00f3n<\/span><\/p>\n<p style=\"text-align: right;\">C\/ Santa Anna, 127, Cerdanyola del Vall\u00e8s,<\/p>\n<p style=\"text-align: right;\">08290, Barcelona.<\/p>\n[\/vc_column_text]<\/div><div class=\"col-md-6  text-default\">[vc_column_text]\n<p style=\"text-align: left;\"><span style=\"text-align: justify; font-weight: bold;\">Contacto<\/span><\/p>\n<p><i class=\"fa fa-phone\"><\/i><a href=\"tel:34936924560\">\u00a0(+34) 936 924 560<\/a><\/p>\n<p style=\"text-align: left;\"><i class=\"fa fa-envelope\"><\/i><a href=\"mailto:info@hotfiredoor.com\">info@hotfiredoor.com<\/a><\/p>\n[\/vc_column_text]<\/div>    <\/div>[vc_empty_space height=\u00bb30px\u00bb]<\/div>  <\/div>  <\/div><\/section><section id=\"\"  class=\"light\"> <div class=\"container\">  <div class=\"row\"><div class=\"col-md-12  text-default\" >[vc_empty_space]\n\t\t\t<div class=\"ult_dual_button  ult-adjust-bottom-margin to-center  \"  data-response=\"on\" id=\"ult_btn_1251815326\">\n\n\t\t\t<div id=\"dualbtn-6601\" class=\"ulitmate_dual_buttons ult-dual-btn ult_main_dualbtn \" data-bcolor=\"#333333\"data-bhcolor=\"\">\n\n\t\t\t<div class=\"ult_dualbutton-wrapper btn-inline place-template bt1 \"><a href=\"https:\/\/puertasparachimeneas.com\/es\/a-medida-11\" rel=\"nofollow\"  class=\"ult_ivan_button round-square with-icon icon-before with-text place-template ult_dual1\" style=\";margin-right:px;;background-color:#dd4b4b !important;; border-color:#333333;border-style:;border-width:0px;border-radius:px;;\">\n\t\t\t<span class=\"ult-dual-btn-1 Style 1\" style=\"\"  data-bgcolor=\"#dd4b4b\" data-bghovercolor=\"#bcbcbc\" data-icon_color=\"#333333\" data-icon_hover_color=\"#333333\" data-textcolor=\"#ffffff\" data-texthovercolor=\"#ffffff\" data-iconbgcolor=\"transperent\" data-iconbghovercolor=\"transperent\" data-iconborder=\"transperent\" data-iconhoverborder=\"transperent\" >\n\t\t\t<span class=\"icon-simple icon-left1 ult_btn1span ult-dual-btn-no-icon\"  style=\";padding-left:0px; \"><\/span>\n\t\t\t<span class=\"text-btn ult-dual-button-title ult-responsive\"  data-ultimate-target='#dualbtn-6601 .ult-dual-button-title'  data-responsive-json-new='{\"font-size\":\"desktop:22px;tablet:16px;tablet_portrait:16px;mobile_landscape:14px;mobile:14px;\",\"line-height\":\"desktop:22px;tablet:18px;tablet_portrait:18px;mobile_landscape:16px;mobile:16px;\"}'  style=\"font-weight:normal;color:#ffffff;\">PRESUPUESTO INMEDIATO \u00a1CLIC AQU\u00cd!<\/span>\n\n\t\t\t<\/span>\n\t\t\t<\/a><span class=\"middle-text\" style=\"line-height: 1.8em;color:#ffffff;background-color:#333333;border-width:0px;\">\n\t\t\t<span class=\"middle-inner\"  ><i class=\"Defaults-eur euro\"><\/i><\/span>\n\t\t\t<\/span>\n\n\t\t\t<\/div>\n\n\t\t\t<div class=\"ult_dualbutton-wrapper btn-inline place-template btn2 \"><a href=\"https:\/\/www.hotfiredoor.com\/es\/presupuestos\/#custom-cf7\" title=\"CONTACTAR  SOLO FORM NOFOLLOW\" rel=\"nofollow\"  class=\"ult_ivan_button round-square with-icon icon-after with-text place-template ult_dual2\"  style=\";background-color:#000000 !important;;margin-left:px;;border-color:#333333;border-style:;border-width:0px;border-radius:px;\">\n\t\t\t<span class=\"ult-dual-btn-2 Style 1\"  data-bgcolor=\"#000000\" data-bghovercolor=\"#5e5e5e\" data-icon_color=\"#333333\" data-icon_hover_color=\"#333333\" data-textcolor=\"#ffffff\" data-texthovercolor=\"#ffffff\" data-iconbgcolor=\"transperent\" data-iconbghovercolor=\"transperent\" data-iconborder=\"transperent\" data-iconhoverborder=\"transperent\" >\n\t\t\t<span class=\"text-btn ult-dual-button-title\" style=\"font-weight:normal;color:#ffffff;\">PRESUPUESTO POR FORMULARIO \u00a1CLIC AQU\u00cd!<\/span>\n\n\t\t\t<span class=\"icon-simple icon-right2 ult_btn1span ult-dual-btn-no-icon\"  style=\";padding-left:0px; \"><\/span>\n\t\t\t<\/span>\n\t\t\t<\/a><\/div>\n\t\t\t<\/div>\n\t\t\t<\/div>[vc_empty_space]<\/div>  <\/div>  <\/div><\/section><section id=\"\"  class=\"light\"> <div class=\"container\">  <div class=\"row\"><div class=\"col-md-12  text-default\" >   <div class=\"row\"><div class=\"col-md-6  text-default\">[vc_single_image image=\u00bb201&#8243; img_size=\u00bbfull\u00bb]<\/div><div class=\"col-md-6  text-default\">[vc_column_text]\n<h2>C\u00f3mo tomar medidas de la chimenea<\/h2>\n[\/vc_column_text][vc_column_text]De una manera sencilla usted mismo puede tomar las medidas del hogar, le explicamos c\u00f3mo hacerlo![\/vc_column_text][vc_column_text]\n<div class=\"ja-typo-block\">\n<div class=\"ja-typo-blockct clearfix\">\n<div class=\"ja-typo-legend legend-rounded legend-1\">Cuando tome medidas\u00a0<strong>h\u00e1galo en varios puntos<\/strong>\u00a0para conocer mejor los espacios interiores. Tome como referencia el espacio\u00a0<strong>m\u00e1s estrecho<\/strong>\u00a0de las mediciones, ya que en la mayor\u00eda de las ocasiones las paredes son irregulares.<\/div>\n<\/div>\n<\/div>\n<div class=\"ja-typo-blockct clearfix\">\n<p class=\"ja-typo-box box-sticky\"><strong>\u00a1\u00a1\u00a1 RECUERDE !!! Para solicitar presupuesto tome medidas del hogar y\u00a0haga una FOTOGRAF\u00cdA, adj\u00fantela en el formulario<\/strong><\/p>\n<\/div>\n[\/vc_column_text]<\/div>    <\/div>   <div class=\"row\"><div class=\"col-md-12  text-default\">[vc_column_text]Antes de solicitar un presupuesto o hacer el pedido, debe tomar una serie de medidas en su hogar, para ajustar al m\u00e1ximo tanto el presupuesto como el tama\u00f1o de la puerta de chimenea. Recuerde que fabricamos puertas a medida, por lo que la medici\u00f3n es muy importante para que la puerta encaje perfectamente y la\u00a0<a href=\"https:\/\/www.hotfiredoor.com\/es\/instalacion\/\">instalaci\u00f3n<\/a>\u00a0sea mucho m\u00e1s f\u00e1cil.<\/p>\n<p>Siempre enviamos el presupuesto con y sin caj\u00f3n y quemador. Tambi\u00e9n existe la posibilidad para puertas grandes de fabricar una de doble hoja.[\/vc_column_text]<\/div>    <\/div><\/div>  <\/div>  <\/div><\/section><section id=\"\"  class=\"light\"> <div class=\"container\">  <div class=\"row\"><div class=\"col-md-12  text-default\" >   <div class=\"row\"><div class=\"col-md-6  text-default\">[vc_column_text]\n<h2>Qu\u00e9 medidas debe tomar<\/h2>\n<p><strong>Ancho del hueco (A), <\/strong><strong>Altura del hueco (B), <\/strong><strong>Profundidad (C), <\/strong><strong>Ancho del fondo (D)<\/strong><\/p>\n<p>Tenga en cuenta que los huecos pueden no ser completamente rectos o uniformes. Nosotros nos encargaremos de aplicar los m\u00e1rgenes t\u00e9cnicos adecuados para que la puerta tenga la tolerancia necesaria ante posibles dilataciones por temperatura.<\/p>\n<h3>\u00bfLa chimenea tiene piedra irregular en los laterales?<\/h3>\n<p>En ese caso, es importante medir tambi\u00e9n teniendo en cuenta las zonas sobresalientes. Si observa que los laterales no son completamente lisos, siga este procedimiento:<\/p>\n<p>Apoye un elemento recto (como una tabla o cart\u00f3n r\u00edgido) a ras del exterior de la chimenea, en vertical, como si fuera una escuadra.<\/p>\n<p>Marque sobre la base las l\u00edneas de esa vertical a ambos lados. La distancia entre esas dos marcas ser\u00e1 la medida A1, correspondiente al hueco \u00fatil del marco.<\/p>\n<p>Luego mida el espacio total entre las piedras que sobresalen (la medida A2), que nos ayudar\u00e1 a calcular los embellecedores necesarios para tapar esas irregularidades.<\/p>\n<p>Con estas dos medidas fabricaremos una puerta que se ajuste perfectamente, junto con embellecedores que cubran cualquier imperfecci\u00f3n est\u00e9tica.<\/p>\n<p><strong>IMPORTANTE:<\/strong> En chimeneas con piedra irregular, es fundamental anotar bien las medidas. No es necesario enviar fotograf\u00edas del metro o flex\u00f3metro marcando la medida, ya que pueden dar lugar a errores de interpretaci\u00f3n.<br \/>\n<strong>NO ENV\u00cdE FOTOS DEL METRO, ENV\u00cdE LAS MEDIDAS ESCRITAS<\/strong>[\/vc_column_text]<\/div><div class=\"col-md-6  text-default\">[vc_single_image image=\u00bb15701&#8243; img_size=\u00bbfull\u00bb]<\/div>    <\/div>   <div class=\"row\"><div class=\"col-md-12  text-default\">[vc_column_text]Antes de solicitar un presupuesto o hacer el pedido, debe tomar una serie de medidas en su hogar, para ajustar al m\u00e1ximo tanto el presupuesto como el tama\u00f1o de la puerta de chimenea. Recuerde que fabricamos puertas a medida, por lo que la medici\u00f3n es muy importante para que la puerta encaje perfectamente y la\u00a0<a href=\"https:\/\/www.hotfiredoor.com\/es\/instalacion\/\">instalaci\u00f3n<\/a>\u00a0sea mucho m\u00e1s f\u00e1cil.<\/p>\n<p>Siempre enviamos el presupuesto con y sin caj\u00f3n y quemador. Tambi\u00e9n existe la posibilidad para puertas grandes de fabricar una de doble hoja.[\/vc_column_text]<\/div>    <\/div><\/div>  <\/div>  <\/div><\/section><section id=\"custom-cf7\"  class=\"light\"> <div class=\"container\">  <div class=\"row\"><div class=\"col-md-12  text-default\" >[vc_empty_space height=\u00bb80px\u00bb][vc_column_text]\n<h3 style=\"text-align: center;\">Por favor complete todos los campos del formulario<\/h3>\n[\/vc_column_text][vc_empty_space height=\u00bb30px\u00bb]   <div class=\"row\"><div class=\"col-md-12  text-default\">\n<div class=\"wpcf7 no-js\" id=\"wpcf7-f4407-o1\" lang=\"es-ES\" dir=\"ltr\" data-wpcf7-id=\"4407\">\n<div class=\"screen-reader-response\"><p role=\"status\" aria-live=\"polite\" aria-atomic=\"true\"><\/p> <ul><\/ul><\/div>\n<form action=\"\/es\/wp-json\/wp\/v2\/pages\/89#wpcf7-f4407-o1\" method=\"post\" class=\"wpcf7-form init\" aria-label=\"Formulario de contacto\" enctype=\"multipart\/form-data\" novalidate=\"novalidate\" data-status=\"init\">\n<div style=\"display: none;\">\n<input type=\"hidden\" name=\"_wpcf7\" value=\"4407\" \/>\n<input type=\"hidden\" name=\"_wpcf7_version\" value=\"6.0.1\" \/>\n<input type=\"hidden\" name=\"_wpcf7_locale\" value=\"es_ES\" \/>\n<input type=\"hidden\" name=\"_wpcf7_unit_tag\" value=\"wpcf7-f4407-o1\" \/>\n<input type=\"hidden\" name=\"_wpcf7_container_post\" value=\"0\" \/>\n<input type=\"hidden\" name=\"_wpcf7_posted_data_hash\" value=\"\" \/>\n<input type=\"hidden\" name=\"_wpcf7dtx_version\" value=\"5.0.5\" \/>\n<\/div>\n<div class=\"row\">\n\t<div class=\"col-12 col-md-4\">\n\t\t<p><label> Nombre(*)<br \/>\n<span class=\"wpcf7-form-control-wrap\" data-name=\"your-name\"><input size=\"40\" maxlength=\"400\" class=\"wpcf7-form-control wpcf7-form-control form-control wpcf7-validates-as-required\" aria-required=\"true\" aria-invalid=\"false\" value=\"\" type=\"text\" name=\"your-name\" \/><\/span> <\/label>\n\t\t<\/p>\n\t<\/div>\n\t<div class=\"col-12 col-md-4\">\n\t\t<p><label> Email(*)<br \/>\n<span class=\"wpcf7-form-control-wrap\" data-name=\"your-email\"><input size=\"40\" maxlength=\"400\" class=\"wpcf7-form-control wpcf7-form-control form-control wpcf7-validates-as-required wpcf7-form-control form-control wpcf7-validates-as-email\" aria-required=\"true\" aria-invalid=\"false\" value=\"\" type=\"email\" name=\"your-email\" \/><\/span> <\/label>\n\t\t<\/p>\n\t<\/div>\n\t<div class=\"col-12 col-md-4\">\n\t\t<p><label> Tel\u00e9fono(*)<br \/>\n<span class=\"wpcf7-form-control-wrap\" data-name=\"your-phone\"><input size=\"40\" maxlength=\"400\" class=\"wpcf7-form-control wpcf7-form-control form-control wpcf7-validates-as-required\" aria-required=\"true\" aria-invalid=\"false\" value=\"\" type=\"text\" name=\"your-phone\" \/><\/span> <\/label>\n\t\t<\/p>\n\t<\/div>\n<\/div>\n<div class=\"row\">\n\t<div class=\"col-12 col-md-4\">\n\t\t<p><label>Direcci\u00f3n<br \/>\n<span class=\"wpcf7-form-control-wrap\" data-name=\"your-address\"><input size=\"40\" maxlength=\"400\" class=\"wpcf7-form-control wpcf7-form-control form-control\" aria-invalid=\"false\" value=\"\" type=\"text\" name=\"your-address\" \/><\/span><\/label>\n\t\t<\/p>\n\t<\/div>\n\t<div class=\"col-12 col-md-4\">\n\t\t<p><label>Ciudad<br \/>\n<span class=\"wpcf7-form-control-wrap\" data-name=\"your-city\"><input size=\"40\" maxlength=\"400\" class=\"wpcf7-form-control wpcf7-form-control form-control\" aria-invalid=\"false\" value=\"\" type=\"text\" name=\"your-city\" \/><\/span><\/label>\n\t\t<\/p>\n\t<\/div>\n\t<div class=\"col-12 col-md-4\">\n\t\t<p><label>C\u00f3digo postal<br \/>\n<span class=\"wpcf7-form-control-wrap\" data-name=\"your-zip-code\"><input size=\"40\" maxlength=\"400\" class=\"wpcf7-form-control wpcf7-form-control form-control\" aria-invalid=\"false\" value=\"\" type=\"text\" name=\"your-zip-code\" \/><\/span><\/label>\n\t\t<\/p>\n\t<\/div>\n<\/div>\n<div class=\"row\">\n\t<div class=\"col-12 col-md-4\">\n\t\t<p><label>Pa\u00eds<br \/>\n<span class=\"wpcf7-form-control-wrap\" data-name=\"your-country\"><input size=\"40\" maxlength=\"400\" class=\"wpcf7-form-control wpcf7-form-control form-control\" aria-invalid=\"false\" value=\"\" type=\"text\" name=\"your-country\" \/><\/span> <\/label>\n\t\t<\/p>\n\t<\/div>\n\t<div class=\"col-12 col-md-4\">\n\t\t<p><label>Medidas A - Ancho de la boca(*)<br \/>\n<span class=\"wpcf7-form-control-wrap\" data-name=\"your-med-a\"><input size=\"40\" maxlength=\"400\" class=\"wpcf7-form-control wpcf7-form-control form-control wpcf7-validates-as-required\" aria-required=\"true\" aria-invalid=\"false\" value=\"\" type=\"text\" name=\"your-med-a\" \/><\/span><\/label>\n\t\t<\/p>\n\t<\/div>\n\t<div class=\"col-12 col-md-4\">\n\t\t<p><label>Medidas B - Alto de la boca(*)<br \/>\n<span class=\"wpcf7-form-control-wrap\" data-name=\"your-med-b\"><input size=\"40\" maxlength=\"400\" class=\"wpcf7-form-control wpcf7-form-control form-control wpcf7-validates-as-required\" aria-required=\"true\" aria-invalid=\"false\" value=\"\" type=\"text\" name=\"your-med-b\" \/><\/span><\/label>\n\t\t<\/p>\n\t<\/div>\n<\/div>\n<div class=\"row\">\n\t<div class=\"col-4 col-md-4\">\n\t\t<p><label>Medidas C - Profundidad desde el borde de la boca. Opcional: en el caso de que solicite caj\u00f3n y quemador(*)<br \/>\n<span class=\"wpcf7-form-control-wrap\" data-name=\"your-med-c\"><input size=\"40\" maxlength=\"400\" class=\"wpcf7-form-control wpcf7-form-control form-control wpcf7-validates-as-required\" aria-required=\"true\" aria-invalid=\"false\" value=\"\" type=\"text\" name=\"your-med-c\" \/><\/span><\/label>\n\t\t<\/p>\n\t<\/div>\n\t<div class=\"col-4 col-md-4\">\n\t\t<p><label>Medidas D - Ancho del fondo. Opcional: en el caso de que solicite caj\u00f3n y quemador(*)<br \/>\n<span class=\"wpcf7-form-control-wrap\" data-name=\"your-med-d\"><input size=\"40\" maxlength=\"400\" class=\"wpcf7-form-control wpcf7-form-control form-control wpcf7-validates-as-required\" aria-required=\"true\" aria-invalid=\"false\" value=\"\" type=\"text\" name=\"your-med-d\" \/><\/span><\/label>\n\t\t<\/p>\n\t<\/div>\n\t<div class=\"col-4 col-md-4\">\n\t\t<p><label>Tirador - Localizaci\u00f3n del tirador en puertas de 1 hoja. Izquierda o derecha.<br \/>\n<span class=\"wpcf7-form-control-wrap\" data-name=\"your-door-side\"><select class=\"wpcf7-form-control wpcf7-select\" aria-invalid=\"false\" name=\"your-door-side\"><option value=\"IZQUIERDA\">IZQUIERDA<\/option><option value=\"DERECHA\">DERECHA<\/option><\/select><\/span><\/label>\n\t\t<\/p>\n\t<\/div>\n<\/div>\n<div class=\"row\">\n\t<div class=\"col-12 col-md-12\">\n\t\t<p><label><span style=\"color:red;font-weight:bold;\">IMPORTANTE!!!! ADJUNTAR FOTOGRAF\u00cdAS<\/span><\/label><br \/>\n<label><span class=\"wpcf7-form-control-wrap\" data-name=\"file-adjunto-1\"><input size=\"40\" class=\"wpcf7-form-control wpcf7-file\" accept=\".jpeg,.jpg,.png\" aria-invalid=\"false\" type=\"file\" name=\"file-adjunto-1\" \/><\/span><\/label><br \/>\n<label><span class=\"wpcf7-form-control-wrap\" data-name=\"file-adjunto-2\"><input size=\"40\" class=\"wpcf7-form-control wpcf7-file\" accept=\".jpeg,.jpg,.png\" aria-invalid=\"false\" type=\"file\" name=\"file-adjunto-2\" \/><\/span><\/label><br \/>\n<label><span class=\"wpcf7-form-control-wrap\" data-name=\"file-adjunto-3\"><input size=\"40\" class=\"wpcf7-form-control wpcf7-file\" accept=\".jpeg,.jpg,.png\" aria-invalid=\"false\" type=\"file\" name=\"file-adjunto-3\" \/><\/span><\/label><br \/>\n<label> Mensaje<\/label><br \/>\n<span class=\"wpcf7-form-control-wrap\" data-name=\"your-message\"><textarea cols=\"40\" rows=\"10\" maxlength=\"2000\" class=\"wpcf7-form-control wpcf7-form-control wpcf7-form-control form-control\" aria-invalid=\"false\" name=\"your-message\"><\/textarea><\/span>\n\t\t<\/p>\n\t<\/div>\n<\/div>\n<div class=\"row\">\n\t<div class=\"col-12 col-md-12\">\n\t\t<p><label><br \/>\n<\/label>\n\t\t<\/p>\n\t\t<p align=\"justify\"><span class=\"wpcf7-form-control-wrap\" data-name=\"acceptance-168\"><span class=\"wpcf7-form-control wpcf7-acceptance\"><span class=\"wpcf7-list-item\"><input type=\"checkbox\" name=\"acceptance-168\" value=\"1\" aria-invalid=\"false\" \/><\/span><\/span><\/span> Al marcar esta casilla, el usuario declara haber le\u00eddo y aceptar las condiciones expresadas en el <a href=\"https:\/\/www.hotfiredoor.com\/es\/aviso-legal\/\" target=\"_blank\"> \u201cAVISO LEGAL\u201d <\/a> y la <a href=\"https:\/\/www.hotfiredoor.com\/es\/politica-privacidad\/\" target=\"_blank\"> \"Pol\u00edtica de privacidad\" <\/a>.\n\t\t<\/p>\n\t<span class=\"wpcf7-form-control-wrap cf7-counter\" data-name=\"cf7-counter\"><input type=\"hidden\" name=\"cf7-counter\" class=\"wpcf7-form-control wpcf7-hidden wpcf7dtx wpcf7dtx-hidden\" aria-invalid=\"false\" value=\"9004\"><\/span>\n\t\t<p><span id=\"wpcf7-69d8c1eeed86d-wrapper\" class=\"wpcf7-form-control-wrap honeypot-8-wrap\" style=\"display:none !important; visibility:hidden !important;\"><label for=\"wpcf7-69d8c1eeed86d-field\" class=\"hp-message\">Por favor, deja este campo vac\u00edo.<\/label><input id=\"wpcf7-69d8c1eeed86d-field\"  class=\"wpcf7-form-control wpcf7-form-control form-control\" type=\"text\" name=\"honeypot-8\" value=\"\" size=\"40\" tabindex=\"-1\" autocomplete=\"off\" \/><\/span><br \/>\n<input class=\"wpcf7-form-control wpcf7-submit btn btn-primary has-spinner\" type=\"submit\" value=\"Solicitar\" \/>\n\t\t<\/p>\n\t<\/div>\n<\/div><div class=\"wpcf7-response-output\" aria-hidden=\"true\"><\/div>\n<\/form>\n<\/div>\n<\/div>    <\/div>[vc_empty_space height=\u00bb80px\u00bb]<\/div>  <\/div>  <\/div><\/section>\n","protected":false},"excerpt":{"rendered":"<p>De una manera sencilla usted mismo puede tomar las medidas del hogar, le explicamos como hacerlo!<\/p>\n<div class=\"ja-typo-block\">\n<div class=\"ja-typo-blockct clearfix\">\n<div class=\"ja-typo-legend legend-rounded legend-1\">\n<h3 class=\"legend-title\">Importante<\/h3>\n<p> Cuando tome medidas <strong>h\u00e1galo en varios puntos<\/strong> para conocer mejor los espacios interiores. Tome como referencia el espacio <strong>m\u00e1s estrecho<\/strong> de las mediciones, ya que en la mayor\u00eda de las ocasiones las paredes son irregulares.<\/div>\n<\/p><\/div>\n<\/p><\/div>\n<div class=\"ja-typo-blockct clearfix\">\n<p class=\"ja-typo-box box-sticky\"><strong>\u00a1\u00a1\u00a1 RECUERDE !!! Para solicitar presupuesto tome medidas del hogar y <span style=\"color: #ff0000;\">haga una FOTOGRAF\u00cdA<\/span>, adj\u00fantela en el formulario<\/strong><\/p>\n<\/p><\/div>\n<p style=\"text-align: justify;\"><span style=\"line-height: 1.3em;\">Antes de solicitar un presupuesto o hacer el pedido, debe tomar una serie de medidas en su hogar, para ajustar al m\u00e1ximo tanto el presupuesto como el tama\u00f1o de la puerta de chimenea. Recuerde que fabricamos puertas a medida, por lo que la medici\u00f3n es muy importante para que la puerta encaje perfectamente y la <\/span><a style=\"line-height: 1.3em;\" href=\"es\/instalacion\">instalaci\u00f3n<\/a><span style=\"line-height: 1.3em;\"> sea mucho m\u00e1s f\u00e1cil.<\/span><\/p>\n<p style=\"text-align: justify;\">Siempre enviamos el presupuesto con y sin caj\u00f3n y quemador. Tambi\u00e9n existe la posibilidad para puertas grandes de fabricar una de doble hoja.<\/p>\n<p>{loadposition presupuesto_es}<\/p>\n","protected":false},"author":2,"featured_media":2805,"parent":0,"menu_order":43,"comment_status":"closed","ping_status":"closed","template":"","meta":{"_seopress_robots_primary_cat":"","_seopress_titles_title":"Contacto y presupuestos | HOTFIREDOOR","_seopress_titles_desc":"CONTACTAR y pedir PRESUPUESTOS a \u2705 HOTFIREDOOR \u2705 Contacto, tel\u00e9fono, m\u00f3vil, direcci\u00f3n, formulario, whatsapp, mapa, etc.","_seopress_robots_index":"","footnotes":""},"class_list":["post-89","page","type-page","status-publish","has-post-thumbnail"],"_links":{"self":[{"href":"https:\/\/www.hotfiredoor.com\/es\/wp-json\/wp\/v2\/pages\/89","targetHints":{"allow":["GET"]}}],"collection":[{"href":"https:\/\/www.hotfiredoor.com\/es\/wp-json\/wp\/v2\/pages"}],"about":[{"href":"https:\/\/www.hotfiredoor.com\/es\/wp-json\/wp\/v2\/types\/page"}],"author":[{"embeddable":true,"href":"https:\/\/www.hotfiredoor.com\/es\/wp-json\/wp\/v2\/users\/2"}],"replies":[{"embeddable":true,"href":"https:\/\/www.hotfiredoor.com\/es\/wp-json\/wp\/v2\/comments?post=89"}],"version-history":[{"count":92,"href":"https:\/\/www.hotfiredoor.com\/es\/wp-json\/wp\/v2\/pages\/89\/revisions"}],"predecessor-version":[{"id":1773,"href":"https:\/\/www.hotfiredoor.com\/es\/wp-json\/wp\/v2\/pages\/89\/revisions\/1773"}],"wp:featuredmedia":[{"embeddable":true,"href":"https:\/\/www.hotfiredoor.com\/es\/wp-json\/wp\/v2\/media\/2805"}],"wp:attachment":[{"href":"https:\/\/www.hotfiredoor.com\/es\/wp-json\/wp\/v2\/media?parent=89"}],"curies":[{"name":"wp","href":"https:\/\/api.w.org\/{rel}","templated":true}]}}