{"id":88,"date":"2012-03-16T02:14:58","date_gmt":"2012-03-16T01:14:58","guid":{"rendered":"https:\/\/www.hotfiredoor.com\/puertas-para-chimeneas\/"},"modified":"2025-06-30T14:36:02","modified_gmt":"2025-06-30T12:36:02","slug":"modelos-caracteristicas","status":"publish","type":"page","link":"https:\/\/www.hotfiredoor.com\/es\/modelos-caracteristicas\/","title":{"rendered":"Caracter\u00edsticas de nuestras puertas"},"content":{"rendered":"<section id=\"\"  class=\"light\"> <div class=\"container\">  <div class=\"row\"><div class=\"col-md-12  text-default\" >[vc_empty_space height=\u00bb50px\u00bb]\n\t\t\t<div class=\"ult_dual_button  ult-adjust-bottom-margin to-center  \"  data-response=\"on\" id=\"ult_btn_1166045273\">\n\n\t\t\t<div id=\"dualbtn-9954\" class=\"ulitmate_dual_buttons ult-dual-btn ult_main_dualbtn \" data-bcolor=\"#333333\"data-bhcolor=\"\">\n\n\t\t\t<div class=\"ult_dualbutton-wrapper btn-inline place-template bt1 \"><a href=\"https:\/\/puertasparachimeneas.com\/es\/a-medida-11\" title=\"CONTACTAR\" rel=\"nofollow\"  class=\"ult_ivan_button round-square with-icon icon-before with-text place-template ult_dual1\" style=\";margin-right:px;;background-color:#dd4b4b !important;; border-color:#333333;border-style:;border-width:0px;border-radius:px;;\">\n\t\t\t<span class=\"ult-dual-btn-1 Style 1\" style=\"\"  data-bgcolor=\"#dd4b4b\" data-bghovercolor=\"#bcbcbc\" data-icon_color=\"#333333\" data-icon_hover_color=\"#333333\" data-textcolor=\"#ffffff\" data-texthovercolor=\"#ffffff\" data-iconbgcolor=\"transperent\" data-iconbghovercolor=\"transperent\" data-iconborder=\"transperent\" data-iconhoverborder=\"transperent\" >\n\t\t\t<span class=\"icon-simple icon-left1 ult_btn1span ult-dual-btn-no-icon\"  style=\";padding-left:0px; \"><\/span>\n\t\t\t<span class=\"text-btn ult-dual-button-title ult-responsive\"  data-ultimate-target='#dualbtn-9954 .ult-dual-button-title'  data-responsive-json-new='{\"font-size\":\"desktop:22px;tablet:16px;tablet_portrait:16px;mobile_landscape:14px;mobile:14px;\",\"line-height\":\"desktop:22px;tablet:18px;tablet_portrait:18px;mobile_landscape:16px;mobile:16px;\"}'  style=\"font-weight:normal;color:#ffffff;\">PRESUPUESTO INMEDIATO \u00a1CLIC AQU\u00cd!<\/span>\n\n\t\t\t<\/span>\n\t\t\t<\/a><span class=\"middle-text\" style=\"line-height: 1.8em;color:#ffffff;background-color:#333333;border-width:0px;\">\n\t\t\t<span class=\"middle-inner\"  ><i class=\"Defaults-eur euro\"><\/i><\/span>\n\t\t\t<\/span>\n\n\t\t\t<\/div>\n\n\t\t\t<div class=\"ult_dualbutton-wrapper btn-inline place-template btn2 \"><a href=\"https:\/\/www.hotfiredoor.com\/es\/presupuestos\/\" rel=\"nofollow\"  class=\"ult_ivan_button round-square with-icon icon-after with-text place-template ult_dual2\"  style=\";background-color:#000000 !important;;margin-left:px;;border-color:#333333;border-style:;border-width:0px;border-radius:px;\">\n\t\t\t<span class=\"ult-dual-btn-2 Style 1\"  data-bgcolor=\"#000000\" data-bghovercolor=\"#5e5e5e\" data-icon_color=\"#333333\" data-icon_hover_color=\"#333333\" data-textcolor=\"#ffffff\" data-texthovercolor=\"#ffffff\" data-iconbgcolor=\"transperent\" data-iconbghovercolor=\"transperent\" data-iconborder=\"transperent\" data-iconhoverborder=\"transperent\" >\n\t\t\t<span class=\"text-btn ult-dual-button-title\" style=\"font-weight:normal;color:#ffffff;\">PRESUPUESTO POR FORMULARIO \u00a1CLIC AQU\u00cd!<\/span>\n\n\t\t\t<span class=\"icon-simple icon-right2 ult_btn1span ult-dual-btn-no-icon\"  style=\";padding-left:0px; \"><\/span>\n\t\t\t<\/span>\n\t\t\t<\/a><\/div>\n\t\t\t<\/div>\n\t\t\t<\/div><\/div>  <\/div>  <\/div><\/section><section id=\"\"  class=\"light following_dark\"> <div class=\"container\">  <div class=\"row\"><div class=\"col-md-12  text-default\" >[vc_column_text]\n<h2 style=\"text-align: center;\">Caracter\u00edsticas de nuestras puertas para chimeneas a medida<\/h2>\n[\/vc_column_text][vc_empty_space height=\u00bb50px\u00bb]   <div class=\"row\"><div class=\"col-md-6  text-default\">[vc_single_image image=\u00bb4058&#8243; img_size=\u00bbfull\u00bb onclick=\u00bblink_image\u00bb][vc_column_text]\n<h2 style=\"text-align: center;\">Puertas de una hoja<\/h2>\n[\/vc_column_text]<\/div><div class=\"col-md-6  text-default\">[vc_single_image image=\u00bb4030&#8243; img_size=\u00bbfull\u00bb onclick=\u00bblink_image\u00bb][vc_column_text]\n<h2 style=\"text-align: center;\">Puertas de dos hojas<\/h2>\n[\/vc_column_text]<\/div>    <\/div>   <div class=\"row\"><div class=\"col-md-6  text-default\">[vc_single_image image=\u00bb2565&#8243; img_size=\u00bbfull\u00bb onclick=\u00bblink_image\u00bb][vc_column_text]\n<h2 style=\"text-align: center;\">Puertas para chimeneas esquineras<\/h2>\n[\/vc_column_text]<\/div><div class=\"col-md-6  text-default\">[vc_single_image image=\u00bb4092&#8243; img_size=\u00bbfull\u00bb onclick=\u00bblink_image\u00bb][vc_column_text]\n<h2 style=\"text-align: center;\">Puertas para chimeneas de doble cara<\/h2>\n[\/vc_column_text]<\/div>    <\/div>[vc_empty_space height=\u00bb100px\u00bb]<\/div>  <\/div>  <\/div><\/section><section id=\"\"  class=\"light following_dark\" style=\"background-image:url(https:\/\/www.hotfiredoor.com\/wp-content\/uploads\/2019\/07\/cristales-slider-1-min.jpg); background-size:cover;\"> <div class=\"container\">  <div class=\"row\"><div class=\"col-md-12  text-default\" >[vc_empty_space height=\u00bb100px\u00bb]<div class=\"call_to_action\"><img decoding=\"async\" alt=\"responsive\" src=\"https:\/\/www.hotfiredoor.com\/wp-content\/uploads\/2019\/07\/check-ok-black.png\"><div style=\"text-align:center;\"><span style=\"color:#fff;\">HACEMOS PUERTAS PARA CHIMENEAS A MEDIDA<\/span>\n<br \/>\n<small style=\"color:#fff;\">Contacta con uno de nuestros agentes de ventas<\/small><\/div><a class=\"btn btn-danger\" href=\"https:\/\/www.hotfiredoor.com\/es\/formulario-presupuesto\/\" title=\"SOLICITAR INFORMACI\u00d3N\">SOLICITAR INFORMACI\u00d3N<\/a><\/div>[vc_empty_space height=\u00bb100px\u00bb]<\/div>  <\/div>  <\/div><\/section><section id=\"\"  class=\"light\"> <div class=\"container\">  <div class=\"row\"><div class=\"col-md-12  text-default\" >[vc_empty_space height=\u00bb100px\u00bb]   <div class=\"row\"><div class=\"col-md-12  text-default\">[vc_column_text]\n<h2>Diferencias entre puerta a medida y un insert o cassette para chimeneas<\/h2>\n<p class=\"p1\">La diferencia entre una puerta a medida y un insert o cassette es que este ya viene fabricado y est\u00e1 pensado para construir la chimenea alrededor suyo. Cuando se ha de poner en una chimenea ya construida, debemos romper la campana para poder meter el tubo que va al techo y poner siempre un insert m\u00e1s peque\u00f1o que el hueco existente, para despu\u00e9s hacerle un remiendo alrededor.<\/p>\n<p class=\"p1\">Sin embargo, la puerta fabricada a medida se puede hacer ci\u00f1\u00e9ndose a las medidas de una chimenea ya construida, por lo que\u00a0<strong>no hay obras y es de f\u00e1cil instalaci\u00f3n<\/strong>.<\/p>\n<h2>Caracter\u00edsticas b\u00e1sicas de nuestras puertas<\/h2>\n<p>Con nuestras puertas a medida se puede\u00a0<strong>regular la entrada de aire<\/strong>,\u00a0 impidiendo de esta manera la p\u00e9rdida masiva de aire caliente de la estancia a trav\u00e9s del conducto de la chimenea. Este efecto embudo que tienen las chimeneas de combusti\u00f3n abierta, hace sentir calor junto al fuego por la radiaci\u00f3n que este desprende, pero el aire caliente que sale por la chimenea es remplazado por otro que entra por las juntas de puertas y ventanas.\u00a0 Por eso cuando est\u00e1 el fuego encendido y nos alejamos de este sentimos bastante m\u00e1s frio junto a puertas y ventanas.<\/p>\n<p>Al regular la entrada de aire conseguimos aportar al fuego la cantidad justa de ox\u00edgeno para el tipo de combusti\u00f3n que deseamos y seguimos recibiendo la radiaci\u00f3n de fuego a trav\u00e9s del\u00a0<strong><a href=\"https:\/\/www.hotfiredoor.com\/es\/cristal-para-chimenea\/\" target=\"_blank\" rel=\"noopener noreferrer\">vidrio vitrocer\u00e1mico<\/a>,\u00a0<\/strong>que soporta hasta 760\u00ba.\u00a0Con ello\u00a0<strong>ahorramos le\u00f1a\u00a0<\/strong>y\u00a0<strong>la estancia est\u00e1 a la misma temperatura<\/strong>.<\/p>\n<p>Nuestras puertas tienen un fuerte im\u00e1n que soporta hasta 6,8kg y hace que se pueda cerrar f\u00e1cilmente.<\/p>\n<p>El\u00a0<strong>ahorro energ\u00e9tico<\/strong>\u00a0es considerable, tanto por el aire de la calle que deja de colarse por las ranuras de puertas y ventanas, c\u00f3mo por el consumo de le\u00f1a que puede ser tres o cuatro veces menor.<\/p>\n<p>Tambi\u00e9n evitaremos el revoco del humo\u00a0y tendremos\u00a0<strong>mayor seguridad<\/strong>\u00a0con los ni\u00f1os, ya que ninguna brasa saldr\u00e1 rodando cayendo en la alfombra, parquet o junto al sof\u00e1 o la cortina, con lo que evitaremos tambi\u00e9n suciedad y humo, de esta manera la estancia est\u00e1\u00a0<strong>m\u00e1s limpia<\/strong>.<\/p>\n<h2>Instalaci\u00f3n sin obras<\/h2>\n<p>La\u00a0<strong>instalaci\u00f3n es muy sencilla<\/strong>, consta de unos tornillos, que se han de anclar en el interior de la chimenea y posteriormente se ha de aplicar una masilla refractaria en el per\u00edmetro del marco. Mejorando la estanqueidad excepto por la tajadera por la que regularemos la aportaci\u00f3n de ox\u00edgeno.[\/vc_column_text]<\/div>    <\/div>[vc_column_text]\n<h2>Instalaci\u00f3n<\/h2>\n<p class=\"p1\">La\u00a0<a href=\"https:\/\/www.hotfiredoor.com\/es\/instalacion\/\"><strong>instalaci\u00f3n es muy sencilla<\/strong><\/a>, consta de unos tornillos, que se han de anclar en el interior de la chimenea y posteriormente se ha de aplicar una masilla refractaria en el per\u00edmetro del marco. Mejorando la estanqueidad excepto por la tajadera por la que regularemos la aportaci\u00f3n de ox\u00edgeno.<\/p>\n[\/vc_column_text]<\/div>  <\/div>  <\/div><\/section><section id=\"\"  class=\"light\"> <div class=\"container\">  <div class=\"row\"><div class=\"col-md-12  text-default\" >[vc_gallery type=\u00bbimage_grid\u00bb images=\u00bb1690,1683,1676,1669&#8243; img_size=\u00bb300&#215;200&#8243;]<\/div>  <\/div>  <\/div><\/section><section id=\"\"  class=\"light\"> <div class=\"container\">  <div class=\"row\"><div class=\"col-md-12  text-default\" >[vc_empty_space height=\u00bb120px\u00bb]<\/div>  <\/div>  <\/div><\/section>\n","protected":false},"excerpt":{"rendered":"<h2>Diferencias entre puerta a medida y un insert o cassette para chimeneas<\/h2>\n<p class=\"p1\" style=\"text-align: justify;\">La diferencia entre una puerta a medida y un insert o cassette es que este ya viene fabricado y est\u00e1 pensado para construir la chimenea alrededor suyo. Cuando se ha de poner en una chimenea ya construida, debemos romper la campana para poder meter el tubo que va al techo y poner siempre un insert m\u00e1s peque\u00f1o que el hueco existente, para despu\u00e9s hacerle un remiendo alrededor.<\/p>\n<p class=\"p1\" style=\"text-align: justify;\">Sin embargo, la puerta fabricada a medida se puede hacer ci\u00f1\u00e9ndose a las medidas de una chimenea ya construida, por lo que <strong>no hay obras y es de f\u00e1cil instalaci\u00f3n<\/strong>.<br \/><span style=\"line-height: 1.3em;\">\u00a0<\/span><\/p>\n<h2>Caracter\u00edsticas de nuestras puertas a medida<\/h2>\n<p class=\"p1\" style=\"text-align: justify;\">Con nuestras puertas a medida se puede <strong>regular la entrada de aire<\/strong>,\u00a0 impidiendo de esta manera la p\u00e9rdida masiva de aire caliente de la estancia a trav\u00e9s del conducto de la chimenea. Este efecto embudo que tienen las chimeneas de combusti\u00f3n abierta, hace sentir calor junto al fuego por la radiaci\u00f3n que este desprende, pero el aire caliente que sale por la chimenea es remplazado por otro que entra por las juntas de puertas y ventanas.\u00a0 Por eso cuando est\u00e1 el fuego encendido y nos alejamos de este sentimos bastante m\u00e1s frio junto a puertas y ventanas. Al regular la entrada de aire conseguimos aportar al fuego la cantidad justa de ox\u00edgeno para el tipo de combusti\u00f3n que deseamos y seguimos recibiendo la radiaci\u00f3n de fuego a trav\u00e9s del <strong>vidrio vitrocer\u00e1mico, <\/strong>que soporta hasta 760\u00ba.\u00a0Con ello <strong>ahorramos le\u00f1a <\/strong>y\u00a0<strong>la estancia est\u00e1 a la misma temperatura<\/strong>.<\/p>\n<p style=\"text-align: justify;\">[widgetkit id=1]<\/p>\n<p>El <strong>ahorro energ\u00e9tico<\/strong> es considerable, tanto por el aire de la calle que deja de colarse por las ranuras de puertas y ventanas, c\u00f3mo por el consumo de le\u00f1a que puede ser tres o cuatro veces menor.<\/p>\n<p style=\"text-align: justify;\">Tambi\u00e9n evitaremos el revoco del humo\u00a0y tendremos <strong>mayor seguridad<\/strong> con los ni\u00f1os, ya que ninguna brasa saldr\u00e1 rodando cayendo en la alfombra, parquet o junto al sof\u00e1 o la cortina, con lo que evitaremos tambi\u00e9n suciedad y humo, de esta manera la estancia est\u00e1\u00a0<strong>m\u00e1s limpia<\/strong>.<\/p>\n<h2>Modelos:<\/h2>\n<p class=\"p1\" style=\"text-align: justify;\">Construimos b\u00e1sicamente dos modelos de puerta, tanto de 1 hoja, 2 hojas y esquineros:<\/p>\n<ul>\n<li style=\"text-align: justify;\"><span style=\"line-height: 1.3em;\">Una es sencilla con el marco y la hoja acristalada en cuya base es donde va instalada la tajadera de control.<\/span><\/li>\n<li style=\"text-align: justify;\"><span style=\"line-height: 1.3em;\">El otro modelo lleva un quemador y un caj\u00f3n cenicero, aprovechamos el frontal del caj\u00f3n de tal manera que el tirador del mismo es el que controla la entrada de aire.<\/span><\/li>\n<\/ul>\n<h2>Instalaci\u00f3n<\/h2>\n<p class=\"p1\" style=\"text-align: justify;\">La <a href=\"es\/instalacion\"><strong>instalaci\u00f3n es muy sencilla<\/strong><\/a>, consta de unos tornillos, que se han de anclar en el interior de la chimenea y posteriormente se ha de aplicar una masilla refractaria en el per\u00edmetro del marco. Quedando totalmente estanca excepto por la tajadera por la que regularemos la aportaci\u00f3n de ox\u00edgeno.<\/p>\n<p>\u00a0<\/p>\n<p>\u00a0<\/p>\n","protected":false},"author":2,"featured_media":2878,"parent":0,"menu_order":49,"comment_status":"closed","ping_status":"closed","template":"","meta":{"_seopress_robots_primary_cat":"","_seopress_titles_title":"Modelos y caracter\u00edsticas de puertas para chimeneas | HOTFIREDOOR","_seopress_titles_desc":"MODELOS y CARACTER\u00cdSTICAS de las puertas para chimeneas de \u2705 HOTFIREDOOR \u2705 Puertas a doble hoja, esquineras, doble cara, etc. Env\u00edos a toda Europa.","_seopress_robots_index":"","footnotes":""},"class_list":["post-88","page","type-page","status-publish","has-post-thumbnail"],"_links":{"self":[{"href":"https:\/\/www.hotfiredoor.com\/es\/wp-json\/wp\/v2\/pages\/88","targetHints":{"allow":["GET"]}}],"collection":[{"href":"https:\/\/www.hotfiredoor.com\/es\/wp-json\/wp\/v2\/pages"}],"about":[{"href":"https:\/\/www.hotfiredoor.com\/es\/wp-json\/wp\/v2\/types\/page"}],"author":[{"embeddable":true,"href":"https:\/\/www.hotfiredoor.com\/es\/wp-json\/wp\/v2\/users\/2"}],"replies":[{"embeddable":true,"href":"https:\/\/www.hotfiredoor.com\/es\/wp-json\/wp\/v2\/comments?post=88"}],"version-history":[{"count":105,"href":"https:\/\/www.hotfiredoor.com\/es\/wp-json\/wp\/v2\/pages\/88\/revisions"}],"predecessor-version":[{"id":15641,"href":"https:\/\/www.hotfiredoor.com\/es\/wp-json\/wp\/v2\/pages\/88\/revisions\/15641"}],"wp:featuredmedia":[{"embeddable":true,"href":"https:\/\/www.hotfiredoor.com\/es\/wp-json\/wp\/v2\/media\/2878"}],"wp:attachment":[{"href":"https:\/\/www.hotfiredoor.com\/es\/wp-json\/wp\/v2\/media?parent=88"}],"curies":[{"name":"wp","href":"https:\/\/api.w.org\/{rel}","templated":true}]}}