{"id":454,"date":"2019-07-12T15:52:09","date_gmt":"2019-07-12T13:52:09","guid":{"rendered":"https:\/\/www.hotfiredoor.com\/?p=2"},"modified":"2023-11-14T11:28:42","modified_gmt":"2023-11-14T10:28:42","slug":"instalacion","status":"publish","type":"page","link":"https:\/\/www.hotfiredoor.com\/es\/instalacion\/","title":{"rendered":"INSTALACI\u00d3N SIN OBRAS"},"content":{"rendered":"<section id=\"\"  class=\"light\"> <div class=\"container\">  <div class=\"row\"><div class=\"col-md-12  text-default\" >[vc_empty_space height=\u00bb30px\u00bb][vc_column_text]\n<h2 style=\"text-align: center;\">Instalaci\u00f3n paso a paso<\/h2>\n[\/vc_column_text][vc_empty_space height=\u00bb30px\u00bb]   <div class=\"row\"><div class=\"col-md-6 ul-gray-bg text-default\">[vc_column_text]\n<h3 class=\"legend-title\">Material que le enviamos<\/h3>\n<ul>\n<li>Placa vitrocer\u00e1mica transparente que soporta hasta 900\u00ba<\/li>\n<li>Marco de la puerta<\/li>\n<li>Caj\u00f3n y quemador (opcional seg\u00fan modelo)<\/li>\n<li>Masilla refractaria para juntas, soporta hasta 1.500\u00ba<\/li>\n<li>Tacos met\u00e1licos de anclaje<\/li>\n<\/ul>\n[\/vc_column_text]<\/div><div class=\"col-md-6 ul-gray-bg text-default\">[vc_column_text]\n<h3 class=\"legend-title\">Herramientas que necesita<\/h3>\n<ul>\n<li>Taladro<\/li>\n<li>Broca de \u00d8<strong>\u00a0<\/strong>8 mm<\/li>\n<li>Llave fija de 10 mm o llave inglesa<\/li>\n<li>Pistola aplicadora de silicona<\/li>\n<li>Paciencia<\/li>\n<\/ul>\n[\/vc_column_text]<\/div>    <\/div>[vc_empty_space height=\u00bb30px\u00bb][vc_video link=\u00bbhttps:\/\/www.youtube.com\/watch?v=UGwN3OBXMqQ\u00bb align=\u00bbcenter\u00bb][vc_empty_space][vc_tta_tour][vc_tta_section title=\u00bbPaso 1 &#8211; Separar\u00bb tab_id=\u00bb1563444221354-478a04b5-0024&#8243;]   <div class=\"row\"><div class=\"col-md-12  text-default\">[vc_column_text]\n<p style=\"text-align: center;\"><strong>SEPARAR LA PUERTA DEL MARCO<\/strong><\/p>\n[\/vc_column_text][vc_single_image image=\u00bb2075&#8243; img_size=\u00bbfull\u00bb alignment=\u00bbcenter\u00bb style=\u00bbvc_box_shadow_3d\u00bb]<\/div>    <\/div>[\/vc_tta_section][vc_tta_section title=\u00bbPaso 2 &#8211; Colocar\u00bb tab_id=\u00bb1563444221404-29712a79-7ce4&#8243;]   <div class=\"row\"><div class=\"col-md-12  text-default\">[vc_column_text]\n<p style=\"text-align: center;\"><strong>COLOCAR EL MARCO EN EL HOGAR HASTA QUE QUEDE PAREJO<\/strong><\/p>\n[\/vc_column_text][vc_single_image image=\u00bb2087&#8243; img_size=\u00bbfull\u00bb alignment=\u00bbcenter\u00bb style=\u00bbvc_box_shadow_3d\u00bb]<\/div>    <\/div>[\/vc_tta_section][vc_tta_section title=\u00bbPaso 3 &#8211; Marcar\u00bb tab_id=\u00bb1563445426004-cc66aba4-92eb\u00bb]   <div class=\"row\"><div class=\"col-md-12  text-default\">[vc_column_text]\n<p style=\"text-align: center;\"><strong>MARCAR CON ROTULADOR LOS PUNTOS DONDE SE FIJAR\u00c1 EL MARCO<\/strong><\/p>\n[\/vc_column_text][vc_single_image image=\u00bb2096&#8243; img_size=\u00bbfull\u00bb alignment=\u00bbcenter\u00bb style=\u00bbvc_box_shadow_3d\u00bb]<\/div>    <\/div>[\/vc_tta_section][vc_tta_section title=\u00bbPaso 4 &#8211; Taladrar\u00bb tab_id=\u00bb1563445617553-28bce2b2-fd56&#8243;]   <div class=\"row\"><div class=\"col-md-12  text-default\">[vc_column_text]\n<p style=\"text-align: center;\"><strong>MARCAR CON ROTULADOR LOS PUNTOS DONDE SE FIJAR\u00c1 EL MARCO<\/strong><\/p>\n[\/vc_column_text][vc_single_image image=\u00bb2105&#8243; img_size=\u00bbfull\u00bb alignment=\u00bbcenter\u00bb style=\u00bbvc_box_shadow_3d\u00bb]<\/div>    <\/div>[\/vc_tta_section][vc_tta_section title=\u00bbPaso 5 &#8211; Atornillar\u00bb tab_id=\u00bb1563446033713-82da7eee-f00d\u00bb]   <div class=\"row\"><div class=\"col-md-12  text-default\">[vc_column_text]\n<p style=\"text-align: center;\"><strong>APRIETE LOS TORNILLOS CON UNA LLAVE DE 13 MM O INGLESA<\/strong><\/p>\n[\/vc_column_text][vc_single_image image=\u00bb2115&#8243; img_size=\u00bbfull\u00bb alignment=\u00bbcenter\u00bb style=\u00bbvc_box_shadow_3d\u00bb]<\/div>    <\/div>[\/vc_tta_section][vc_tta_section title=\u00bbPaso 6 &#8211; Masillar\u00bb tab_id=\u00bb1563446335573-4ad9a5c8-9c81&#8243;]   <div class=\"row\"><div class=\"col-md-12  text-default\">[vc_column_text]\n<p style=\"text-align: center;\"><strong>APRIETE LOS TORNILLOS CON UNA LLAVE DE 13 MM O INGLESA<\/strong><\/p>\n[\/vc_column_text][vc_single_image image=\u00bb2123&#8243; img_size=\u00bbfull\u00bb alignment=\u00bbcenter\u00bb style=\u00bbvc_box_shadow_3d\u00bb]<\/div>    <\/div>[\/vc_tta_section][vc_tta_section title=\u00bbPaso 7 &#8211; Acoplar\u00bb tab_id=\u00bb1563446865531-7362df32-5f4f\u00bb]   <div class=\"row\"><div class=\"col-md-12  text-default\">[vc_column_text]\n<p style=\"text-align: center;\"><strong>ACOPLAR FRONTAL, PRIMERO SE METE ARRIBA Y DESPU\u00c9S SE ENCAJA ABAJO. CUANDO HAYA TERMINADO, LA PUERTA YA ESTAR\u00c1 INSTALADA.<\/strong><\/p>\n[\/vc_column_text][vc_single_image image=\u00bb2131&#8243; img_size=\u00bbfull\u00bb alignment=\u00bbcenter\u00bb style=\u00bbvc_box_shadow_3d\u00bb]<\/div>    <\/div>[\/vc_tta_section][\/vc_tta_tour][vc_empty_space height=\u00bb100px\u00bb]<\/div>  <\/div>  <\/div><\/section><section id=\"\"  class=\"light ul-gray-bg\"> <div class=\"container\">  <div class=\"row\"><div class=\"col-md-12  text-default\" ><\/div>  <\/div>  <\/div><\/section>\n","protected":false},"excerpt":{"rendered":"<p style=\"text-align: justify;\">Hemos dise\u00f1ado una puerta para su hogar que no necesita obras, se instala f\u00e1cilmente, adem\u00e1s le enviamos todo el material necesario para hacerlo usted mismo.<\/p>\n","protected":false},"author":2,"featured_media":2846,"parent":0,"menu_order":19,"comment_status":"closed","ping_status":"closed","template":"","meta":{"_seopress_robots_primary_cat":"","_seopress_titles_title":"Instalaci\u00f3n de puertas de chimenea sin obras - HotFireDoor","_seopress_titles_desc":"Instalaci\u00f3n f\u00e1cil, r\u00e1pida y sin obras de nuestras puertas para chimeneas sin obras. Te enviamos todo el material para su montaje.","_seopress_robots_index":"","footnotes":""},"class_list":["post-454","page","type-page","status-publish","has-post-thumbnail"],"_links":{"self":[{"href":"https:\/\/www.hotfiredoor.com\/es\/wp-json\/wp\/v2\/pages\/454","targetHints":{"allow":["GET"]}}],"collection":[{"href":"https:\/\/www.hotfiredoor.com\/es\/wp-json\/wp\/v2\/pages"}],"about":[{"href":"https:\/\/www.hotfiredoor.com\/es\/wp-json\/wp\/v2\/types\/page"}],"author":[{"embeddable":true,"href":"https:\/\/www.hotfiredoor.com\/es\/wp-json\/wp\/v2\/users\/2"}],"replies":[{"embeddable":true,"href":"https:\/\/www.hotfiredoor.com\/es\/wp-json\/wp\/v2\/comments?post=454"}],"version-history":[{"count":23,"href":"https:\/\/www.hotfiredoor.com\/es\/wp-json\/wp\/v2\/pages\/454\/revisions"}],"predecessor-version":[{"id":11400,"href":"https:\/\/www.hotfiredoor.com\/es\/wp-json\/wp\/v2\/pages\/454\/revisions\/11400"}],"wp:featuredmedia":[{"embeddable":true,"href":"https:\/\/www.hotfiredoor.com\/es\/wp-json\/wp\/v2\/media\/2846"}],"wp:attachment":[{"href":"https:\/\/www.hotfiredoor.com\/es\/wp-json\/wp\/v2\/media?parent=454"}],"curies":[{"name":"wp","href":"https:\/\/api.w.org\/{rel}","templated":true}]}}