{"id":4498,"date":"2019-06-28T15:43:13","date_gmt":"2019-06-28T13:43:13","guid":{"rendered":"https:\/\/www.hotfiredoor.com\/inicio\/"},"modified":"2023-12-11T12:00:43","modified_gmt":"2023-12-11T11:00:43","slug":"inicio","status":"publish","type":"page","link":"https:\/\/www.hotfiredoor.com\/de\/","title":{"rendered":"HOMEPAGE"},"content":{"rendered":"<section id=\"\"  class=\"light following_dark ul-gray-bg\"> <div class=\"container\">  <div class=\"row\"><div class=\"col-md-12  text-default\" >[vc_empty_space][vc_column_text]\n<h2 style=\"text-align: center; font-size: 18px;\"><span style=\"color: #333333;\"><em><strong>Spezialist f\u00fcr die Herstellung von Kamint\u00fcren seit 1978<\/strong><\/em><\/span><\/h2>\n[\/vc_column_text]\n\t\t\t<div class=\"ult_dual_button  ult-adjust-bottom-margin to-center  \"  data-response=\"on\" id=\"ult_btn_2645516167\">\n\n\t\t\t<div id=\"dualbtn-9977\" class=\"ulitmate_dual_buttons ult-dual-btn ult_main_dualbtn \" data-bcolor=\"#333333\"data-bhcolor=\"\">\n\n\t\t\t<div class=\"ult_dualbutton-wrapper btn-inline place-template bt1 \"><a href=\"https:\/\/www.hotfiredoor.com\/de\/angebote\/\" title=\"FORM ANGEBOTE\"  class=\"ult_ivan_button round-square with-icon icon-before with-text place-template ult_dual1\" style=\";margin-right:px;;background-color:#e04a33 !important;; border-color:#333333;border-style:;border-width:0px;border-radius:px;;\">\n\t\t\t<span class=\"ult-dual-btn-1 Style 1\" style=\"\"  data-bgcolor=\"#e04a33\" data-bghovercolor=\"#cc432e\" data-icon_color=\"#333333\" data-icon_hover_color=\"#333333\" data-textcolor=\"#ffffff\" data-texthovercolor=\"#ffffff\" data-iconbgcolor=\"transperent\" data-iconbghovercolor=\"transperent\" data-iconborder=\"transperent\" data-iconhoverborder=\"transperent\" >\n\t\t\t<span class=\"icon-simple icon-left1 ult_btn1span ult-dual-btn-no-icon\"  style=\";padding-left:0px; \"><\/span>\n\t\t\t<span class=\"text-btn ult-dual-button-title ult-responsive\"  data-ultimate-target='#dualbtn-9977 .ult-dual-button-title'  data-responsive-json-new='{\"font-size\":\"desktop:15px;\",\"line-height\":\"desktop:15px;\"}'  style=\"font-weight:bold;color:#ffffff;\">Fordern Sie ein Angebot an<\/span>\n\n\t\t\t<\/span>\n\t\t\t<\/a><span class=\"middle-text\" style=\"line-height: 1.8em;color:#000000;background-color:#000000;border-width:0px;\">\n\t\t\t<span class=\"middle-inner\"  >-<\/span>\n\t\t\t<\/span>\n\n\t\t\t<\/div>\n\n\t\t\t<div class=\"ult_dualbutton-wrapper btn-inline place-template btn2 \"><a href=\"https:\/\/www.puertasparachimeneas.com\/de\/\" rel=\"nofollow\"  class=\"ult_ivan_button round-square with-icon icon-after with-text place-template ult_dual2\"  style=\";background-color:#333333 !important;;margin-left:px;;border-color:#333333;border-style:;border-width:0px;border-radius:px;\">\n\t\t\t<span class=\"ult-dual-btn-2 Style 1\"  data-bgcolor=\"#333333\" data-bghovercolor=\"#333333\" data-icon_color=\"#333333\" data-icon_hover_color=\"#333333\" data-textcolor=\"#ffffff\" data-texthovercolor=\"#ffffff\" data-iconbgcolor=\"transperent\" data-iconbghovercolor=\"transperent\" data-iconborder=\"transperent\" data-iconhoverborder=\"transperent\" >\n\t\t\t<span class=\"text-btn ult-dual-button-title\" style=\"font-weight:bold;color:#ffffff;\">Besuchen Sie unseren Shop<\/span>\n\n\t\t\t<span class=\"icon-simple icon-right2 ult_btn1span ult-dual-btn-no-icon\"  style=\";padding-left:0px; \"><\/span>\n\t\t\t<\/span>\n\t\t\t<\/a><\/div>\n\t\t\t<\/div>\n\t\t\t<\/div><\/div>  <\/div>  <\/div><\/section><section id=\"\"  class=\"light following_dark\"> <div class=\"container\">  <div class=\"row\"><div class=\"col-md-12  text-default\" >[vc_empty_space height=&#8220;100px&#8220;]   <div class=\"row\"><div class=\"col-md-4  text-default\">[vc_single_image image=&#8220;1010&#8243; img_size=&#8220;260&#215;160&#8243; alignment=&#8220;center&#8220; onclick=&#8220;custom_link&#8220; el_class=&#8220;&#8220; link=&#8220;https:\/\/www.hotfiredoor.com\/de\/merkmale-modelle\/&#8220;]<div id=\"ultimate-heading-66496a031cb66342f\" class=\"uvc-heading ult-adjust-bottom-margin ultimate-heading-66496a031cb66342f uvc-8930 \" data-hspacer=\"no_spacer\"  data-halign=\"center\" style=\"text-align:center\"><div class=\"uvc-heading-spacer no_spacer\" style=\"top\"><\/div><div class=\"uvc-main-heading ult-responsive\"  data-ultimate-target='.uvc-heading.ultimate-heading-66496a031cb66342f h3'  data-responsive-json-new='{\"font-size\":\"\",\"line-height\":\"\"}' ><h3 style=\"font-weight:normal;\">FUNKTIONEN<\/h3><\/div><\/div><div class=\"centered_button\"><a class=\"btn btn-danger\"  title=\"FUNKTIONEN\" href=\"https:\/\/www.hotfiredoor.com\/de\/merkmale-modelle\/\">FUNKTIONEN<\/a><\/div><\/div><div class=\"col-md-4  text-default\">[vc_single_image image=&#8220;5029&#8243; img_size=&#8220;260&#215;160&#8243; alignment=&#8220;center&#8220; onclick=&#8220;custom_link&#8220; el_class=&#8220;&#8220; link=&#8220;https:\/\/www.hotfiredoor.com\/de\/glaeser\/&#8220;]<div id=\"ultimate-heading-74876a031cb663550\" class=\"uvc-heading ult-adjust-bottom-margin ultimate-heading-74876a031cb663550 uvc-2570 \" data-hspacer=\"no_spacer\"  data-halign=\"center\" style=\"text-align:center\"><div class=\"uvc-heading-spacer no_spacer\" style=\"top\"><\/div><div class=\"uvc-main-heading ult-responsive\"  data-ultimate-target='.uvc-heading.ultimate-heading-74876a031cb663550 h3'  data-responsive-json-new='{\"font-size\":\"\",\"line-height\":\"\"}' ><h3 style=\"font-weight:normal;\">KRISTALLE F\u00dcR KAMINE<\/h3><\/div><\/div><div class=\"centered_button\"><a class=\"btn btn-danger\"  title=\"KRISTALLE F\u00dcR KAMINE\" href=\"https:\/\/www.hotfiredoor.com\/de\/glaeser\/\">KRISTALLE F\u00dcR KAMINE<\/a><\/div><\/div><div class=\"col-md-4  text-default\">[vc_single_image image=&#8220;11754&#8243; img_size=&#8220;260&#215;160&#8243; alignment=&#8220;center&#8220; onclick=&#8220;custom_link&#8220; el_class=&#8220;&#8220; link=&#8220;https:\/\/www.hotfiredoor.com\/de\/installation\/&#8220;]<div id=\"ultimate-heading-94376a031cb663651\" class=\"uvc-heading ult-adjust-bottom-margin ultimate-heading-94376a031cb663651 uvc-4697 \" data-hspacer=\"no_spacer\"  data-halign=\"center\" style=\"text-align:center\"><div class=\"uvc-heading-spacer no_spacer\" style=\"top\"><\/div><div class=\"uvc-main-heading ult-responsive\"  data-ultimate-target='.uvc-heading.ultimate-heading-94376a031cb663651 h3'  data-responsive-json-new='{\"font-size\":\"\",\"line-height\":\"\"}' ><h3 style=\"font-weight:normal;\">SCHRITT-INSTALLATION<\/h3><\/div><\/div><div class=\"centered_button\"><a class=\"btn btn-danger\"  title=\"SIEHE INSTALLATIONSANLEITUNG\" href=\"https:\/\/www.hotfiredoor.com\/de\/installation\/\">SIEHE INSTALLATIONSANLEITUNG<\/a><\/div><\/div>    <\/div>[vc_empty_space height=&#8220;50px&#8220;]<\/div>  <\/div>  <\/div><\/section><section id=\"\"  class=\"light following_dark gray-bg\">  <div class=\"container triangles-of-section\">    <div class=\"triangle-up-left\"><\/div>    <div class=\"square-left\"><\/div>    <div class=\"triangle-up-right\"><\/div>    <div class=\"square-right\"><\/div>  <\/div> <div class=\"container\">  <div class=\"row\"><div class=\"col-md-12  text-default\" >[vc_empty_space height=&#8220;48px&#8220;]   <div class=\"row\"><div class=\"col-md-6  text-default\">[vc_single_image image=&#8220;11576&#8243; img_size=&#8220;full&#8220; alignment=&#8220;center&#8220;][vc_single_image image=&#8220;10972&#8243; img_size=&#8220;400&#215;320&#8243; alignment=&#8220;center&#8220; el_class=&#8220;&#8220; css=&#8220;.vc_custom_1701423863115{margin-top: 0px !important;margin-right: 0px !important;margin-bottom: 0px !important;margin-left: 0px !important;padding-top: 0px !important;padding-right: 0px !important;padding-bottom: 0px !important;padding-left: 0px !important;}&#8220;][vc_empty_space height=&#8220;20px&#8220;]<\/div><div class=\"col-md-6  text-default\"><div id=\"ultimate-heading-41556a031cb663a3d\" class=\"uvc-heading ult-adjust-bottom-margin ultimate-heading-41556a031cb663a3d uvc-3364 \" data-hspacer=\"no_spacer\"  data-halign=\"left\" style=\"text-align:left\"><div class=\"uvc-heading-spacer no_spacer\" style=\"top\"><\/div><div class=\"uvc-main-heading ult-responsive\"  data-ultimate-target='.uvc-heading.ultimate-heading-41556a031cb663a3d h2'  data-responsive-json-new='{\"font-size\":\"\",\"line-height\":\"\"}' ><h2 style=\"font-weight:normal;margin-top:0px;margin-bottom:10px;\">Vergleichsstudie eines gemauerten Schornsteins mit und ohne HotFireDoor-Einhausung<\/h2><\/div><\/div>[vc_column_text css=&#8220;.vc_custom_1701429122678{margin-bottom: 5px !important;padding-top: 0px !important;padding-right: 5px !important;padding-bottom: 0px !important;padding-left: 5px !important;}&#8220;]Das sagen nicht wir, sondern <strong>Applus<\/strong>. Unsere <strong>Kamint\u00fcren<\/strong> haben eine strenge <strong>Qualit\u00e4ts- und Effizienzpr\u00fcfung<\/strong> bestanden, um die <strong>beste Leistung bei Kaminen<\/strong> zu gew\u00e4hrleisten.<\/p>\n<p><strong>1.- ZWECK DES AUFSATZES<\/strong><br \/>\nBestimmung von Wirkungsgrad, <strong>Leistung, Emissionen und H\u00fclltemperatur<\/strong>, f\u00fcr einen gemauerten Schornstein ohne und mit Einhausung.<\/p>\n<p><strong>2.- EIGENSCHAFTEN DES TESTPRODUKTS<\/strong><br \/>\nEs wurde ein <strong>HotFireDoor<\/strong>-Einhausungssystem erhalten, bestehend aus einer vorderen Kamint\u00fcr und einem Grill zum Sammeln der Asche.<\/p>\n<p>Und zum anderen ein offener Kamin aus feuerfestem Ziegelstein, der mit Holz befeuert wird.[\/vc_column_text][vc_empty_space height=&#8220;20px&#8220;][vc_btn title=&#8220;VOLLST\u00c4NDIGEN HERUNTERLADEN&#8220; color=&#8220;black&#8220; size=&#8220;sm&#8220; i_icon_fontawesome=&#8220;fa fa-file-pdf-o&#8220; add_icon=&#8220;true&#8220; link=&#8220;url:https%3A%2F%2Fwww.hotfiredoor.com%2Fwp-content%2Fuploads%2F2023%2F12%2Fapplus-laboratories-23-32300955-en-ferrogon.pdf|title:VOLLST%C3%84NDIGEN%20HERUNTERLADEN|target:%20_blank|rel:nofollow&#8220;][vc_btn title=&#8220;ZUSAMMENFASSUNG DES BERICHTS&#8220; color=&#8220;black&#8220; size=&#8220;sm&#8220; i_icon_fontawesome=&#8220;fa fa-file-pdf-o&#8220; add_icon=&#8220;true&#8220; link=&#8220;url:https%3A%2F%2Fwww.hotfiredoor.com%2Fwp-content%2Fuploads%2F2023%2F12%2Fapplus-laboratories-23-32300955-r-en-ferrogon.pdf|title:ZUSAMMENFASSUNG%20DES%20BERICHTS|target:%20_blank|rel:nofollow&#8220;]<\/div>    <\/div>[vc_empty_space height=&#8220;48px&#8220;]<\/div>  <\/div>  <\/div><\/section><section id=\"\"  class=\"light following_dark hidden-xs hidden-sm\"> <div class=\"container\">  <div class=\"row\"><div class=\"col-md-12  text-default\" >[vc_empty_space height=&#8220;30px&#8220;]   <div class=\"row\"><div class=\"col-md-12  text-default\"><div class=\"twentytwenty-container\" id=\"twentytwenty_6a031cb66411c\"><img decoding=\"async\" src=\"https:\/\/www.hotfiredoor.com\/wp-content\/uploads\/2019\/07\/before-1-1-1.jpg\" alt=\"before\" \/><img decoding=\"async\" src=\"https:\/\/www.hotfiredoor.com\/wp-content\/uploads\/2019\/07\/after-1-1.jpg\" alt=\"after\" \/><\/div><script>jQuery(window).load(function(){jQuery(\"#twentytwenty_6a031cb66411c\").twentytwenty({ \r\n              default_offset_pct: \"0.5\", \r\n              orientation: \"horizontal\"\r\n            });});<\/script>[vc_column_text]\n<p style=\"text-align: center; font-size: 22px; padding-top: 10px;\">&lt;&#8211; Streichen Sie, um VOR und NACH\u00a0 anzuzeigen &#8211;&gt;<\/p>\n[\/vc_column_text]<\/div>    <\/div>[vc_empty_space height=&#8220;30px&#8220;]<\/div>  <\/div>  <\/div><\/section><section id=\"\"  class=\"light following_dark hidden-md hidden-lg\"> <div class=\"container\">  <div class=\"row\"><div class=\"col-md-12  text-default\" >[vc_empty_space height=&#8220;30px&#8220;]   <div class=\"row ul-padding-5\"><div class=\"col-md-6 ul-pb-15 ul-pt-15 text-default\"><div class=\"twentytwenty-container\" id=\"twentytwenty_6a031cb664655\"><img decoding=\"async\" src=\"https:\/\/www.hotfiredoor.com\/wp-content\/uploads\/2019\/07\/hotfiredoor-antes-1.jpg\" alt=\"before\" \/><img decoding=\"async\" src=\"https:\/\/www.hotfiredoor.com\/wp-content\/uploads\/2019\/07\/hotfiredoor-despues-1.jpg\" alt=\"after\" \/><\/div><script>jQuery(window).load(function(){jQuery(\"#twentytwenty_6a031cb664655\").twentytwenty({ \r\n              default_offset_pct: \"0.5\", \r\n              orientation: \"horizontal\"\r\n            });});<\/script><\/div><div class=\"col-md-6 ul-pb-15 ul-pt-15 text-default\"><div class=\"twentytwenty-container\" id=\"twentytwenty_6a031cb664a3d\"><img decoding=\"async\" src=\"https:\/\/www.hotfiredoor.com\/wp-content\/uploads\/2019\/07\/hotfiredoor-antes-2.jpg\" alt=\"before\" \/><img decoding=\"async\" src=\"https:\/\/www.hotfiredoor.com\/wp-content\/uploads\/2019\/07\/hotfiredoor-despues-2.jpg\" alt=\"after\" \/><\/div><script>jQuery(window).load(function(){jQuery(\"#twentytwenty_6a031cb664a3d\").twentytwenty({ \r\n              default_offset_pct: \"0.5\", \r\n              orientation: \"horizontal\"\r\n            });});<\/script><\/div>    <\/div>[vc_empty_space height=&#8220;30px&#8220;][vc_column_text]\n<p style=\"text-align: center;\">&lt;&#8211; Streichen Sie, um VOR und NACH\u00a0 anzuzeigen &#8211;&gt;<\/p>\n[\/vc_column_text][vc_empty_space height=&#8220;30px&#8220;]<\/div>  <\/div>  <\/div><\/section><section id=\"\"  class=\"light following_dark\"> <div class=\"container\">  <div class=\"row\"><div class=\"col-md-12  text-default\" >   <div class=\"row\"><div class=\"col-md-12  text-default\">[vc_column_text]\n<h2>Besser als ein Einsatz oder eine Kassette f\u00fcr Schornsteine<\/h2>\n<p>In HotFireDoor m\u00f6chten wir Sicherheit und Zuverl\u00e4ssigkeit f\u00fcr die Sicherheit von H\u00e4usern bieten. Deshalb sind wir Hersteller von Kamint\u00fcren. Wir versorgen Sie mit unseren hochwertigen Produkten, die aus Rohstoffen hergestellt werden, damit Sie und Ihre Mitmenschen mit vollem Vertrauen eine gute W\u00e4rme genie\u00dfen k\u00f6nnen.<\/p>\n<h2>Kundenspezifische T\u00fcren f\u00fcr Kamine<\/h2>\n<p>Unsere T\u00fcren werden nach Ma\u00df gefertigt, was eine einfache Installation und ein perfektes Finish Ihres Kamins garantiert. Der Einsatz oder die Kassette, die bereits hergestellt wurden, werden nicht ber\u00fccksichtigt. In vielen F\u00e4llen kann dies dazu f\u00fchren, dass Ihre Installation nicht zum Loch passt Es ist erforderlich, Vorkehrungen zu treffen, damit die Vorlage am angemessensten ist und das Endergebnis nicht das erwartete ist. Aus diesem Grund empfehlen wir unsere Kamint\u00fcren, die f\u00fcr alle Arten von Installationen geeignet sind und keinerlei Arbeiten erfordern, wodurch Ihre Arbeit erleichtert wird.<\/p>\n<h2>HotFireDoor-T\u00fcren f\u00fcr Kamine<\/h2>\n<p>Von HotFireDoor aus versenden wir unsere T\u00fcren schnell und sicher an jeden Ort in Europa. Ma\u00dfgeschneidert regulieren Sie mit ihnen den Lufteintritt und vermeiden so unn\u00f6tigen Heissluftverlust an der Stelle, an der sich der Kamin befindet. Die Glast\u00fcren bringen die f\u00fcr eine perfekte Verbrennung notwendige Menge Sauerstoff ins Feuer. Die Glaskeramik, aus der sich die Kamint\u00fcr zusammensetzt, h\u00e4lt maximal 760 \u00b0 C stand. Dies ist eine der idealen Eigenschaften dieser T\u00fcren, um viel Brennholz zu sparen und die Raumtemperatur konstant zu halten. Nicht zu vergessen, dass dieses System die Sorge um die Umwelt beg\u00fcnstigt, da es die Nachhaltigkeit f\u00fcr ein \u00f6kologischeres und effizienteres \u00d6kosystem garantiert.<\/p>\n<h2>Sicherheit mit unseren Kamint\u00fcren<\/h2>\n<p>Perfekte Glast\u00fcren, durch die Sie immer eine ideale Sicht auf das Feuer haben, mit der Gewissheit, dass Sie und Ihre Familie keine Gefahr haben und in Ihrem Zuhause effizient und zuverl\u00e4ssig heizen k\u00f6nnen. Hinzu kommt der gro\u00dfe Vorteil, dass weniger Rohstoffe f\u00fcr die Verbrennung ausgegeben werden m\u00fcssen. Von HotFireDoor aus sind wir stets auf dem neuesten Stand und versorgen Sie mit allen Informationen, die Sie zu unseren Produkten ben\u00f6tigen. Unsere Budgets sind vollst\u00e4ndig individualisiert und auf jede Art von Bedarf zugeschnitten. Wenn Sie Sicherheit in Ihrem Zuhause und erhebliche Einsparungen suchen, z\u00f6gern Sie nicht, hier haben Sie den perfekten Ort gefunden.[\/vc_column_text]<\/div>    <\/div><\/div>  <\/div>  <\/div><\/section><section id=\"\"  class=\"light\"> <div class=\"container\">  <div class=\"row\"><div class=\"col-md-12  text-default\" >[vc_empty_space height=&#8220;100px&#8220;]<\/div>  <\/div>  <\/div><\/section>\n","protected":false},"excerpt":{"rendered":"[vc_empty_space][vc_column_text] Spezialist f\u00fcr die Herstellung von Kamint\u00fcren seit 1978 [\/vc_column_text] Fordern Sie ein Angebot an - Besuchen Sie unseren Shop [vc_empty_space height=\"100px\"] [vc_single_image image=\"1010\" img_size=\"260x160\" alignment=\"center\" onclick=\"custom_link\" el_class=\"\" link=\"https:\/\/www.hotfiredoor.com\/de\/merkmale-modelle\/\"]FUNKTIONENFUNKTIONEN[vc_single_image image=\"5029\" img_size=\"260x160\" alignment=\"center\" onclick=\"custom_link\" el_class=\"\" link=\"https:\/\/www.hotfiredoor.com\/de\/glaeser\/\"]KRISTALLE F\u00dcR KAMINEKRISTALLE F\u00dcR KAMINE[vc_single_image image=\"11754\" img_size=\"260x160\" alignment=\"center\" onclick=\"custom_link\" el_class=\"\" link=\"https:\/\/www.hotfiredoor.com\/de\/installation\/\"]SCHRITT-INSTALLATIONSIEHE INSTALLATIONSANLEITUNG [vc_empty_space height=\"50px\"] [vc_empty_space height=\"48px\"] [vc_single_image image=\"11576\" img_size=\"full\" alignment=\"center\"][vc_single_image image=\"10972\" [...]","protected":false},"author":1,"featured_media":5231,"parent":0,"menu_order":0,"comment_status":"closed","ping_status":"closed","template":"","meta":{"_seopress_robots_primary_cat":"","_seopress_titles_title":"Kamint\u00fcren | HOT FIRE DOOR | Nach Ma\u00df und ohne Aufwand!","_seopress_titles_desc":"HOT FIRE DOOR \u2705 Seit 1978 Herstellung und Versand von Kamint\u00fcren in ganz Europa.","_seopress_robots_index":"","footnotes":""},"class_list":["post-4498","page","type-page","status-publish","has-post-thumbnail"],"_links":{"self":[{"href":"https:\/\/www.hotfiredoor.com\/de\/wp-json\/wp\/v2\/pages\/4498","targetHints":{"allow":["GET"]}}],"collection":[{"href":"https:\/\/www.hotfiredoor.com\/de\/wp-json\/wp\/v2\/pages"}],"about":[{"href":"https:\/\/www.hotfiredoor.com\/de\/wp-json\/wp\/v2\/types\/page"}],"author":[{"embeddable":true,"href":"https:\/\/www.hotfiredoor.com\/de\/wp-json\/wp\/v2\/users\/1"}],"replies":[{"embeddable":true,"href":"https:\/\/www.hotfiredoor.com\/de\/wp-json\/wp\/v2\/comments?post=4498"}],"version-history":[{"count":17,"href":"https:\/\/www.hotfiredoor.com\/de\/wp-json\/wp\/v2\/pages\/4498\/revisions"}],"predecessor-version":[{"id":11763,"href":"https:\/\/www.hotfiredoor.com\/de\/wp-json\/wp\/v2\/pages\/4498\/revisions\/11763"}],"wp:featuredmedia":[{"embeddable":true,"href":"https:\/\/www.hotfiredoor.com\/de\/wp-json\/wp\/v2\/media\/5231"}],"wp:attachment":[{"href":"https:\/\/www.hotfiredoor.com\/de\/wp-json\/wp\/v2\/media?parent=4498"}],"curies":[{"name":"wp","href":"https:\/\/api.w.org\/{rel}","templated":true}]}}