{"id":4458,"date":"2019-11-22T16:22:41","date_gmt":"2019-11-22T15:22:41","guid":{"rendered":"https:\/\/www.hotfiredoor.com\/formulario-presupuesto\/"},"modified":"2019-11-25T13:14:00","modified_gmt":"2019-11-25T12:14:00","slug":"form-angebote","status":"publish","type":"page","link":"https:\/\/www.hotfiredoor.com\/de\/form-angebote\/","title":{"rendered":"FORM ANGEBOTE"},"content":{"rendered":"<section id=\"presupuesto-online\"  class=\"light\"> <div class=\"container\">  <div class=\"row\"><div class=\"col-md-12  text-default\" >   <div class=\"row ul-form-bg\"><div class=\"col-md-12  text-default\">[vc_column_text]\n<p style=\"text-align: center;\">Wenn Sie weitere Informationen oder ein Budget w\u00fcnschen, f\u00fcllen Sie dieses Formular aus. Sie werden so schnell wie m\u00f6glich kontaktiert.<br \/>\n<strong>Bitte f\u00fcllen Sie die erforderlichen Felder aus.<\/strong><\/p>\n[\/vc_column_text]\n<div class=\"wpcf7 no-js\" id=\"wpcf7-f4453-o1\" lang=\"es-ES\" dir=\"ltr\" data-wpcf7-id=\"4453\">\n<div class=\"screen-reader-response\"><p role=\"status\" aria-live=\"polite\" aria-atomic=\"true\"><\/p> <ul><\/ul><\/div>\n<form action=\"\/de\/wp-json\/wp\/v2\/pages\/4458#wpcf7-f4453-o1\" method=\"post\" class=\"wpcf7-form init\" aria-label=\"Formulario de contacto\" enctype=\"multipart\/form-data\" novalidate=\"novalidate\" data-status=\"init\">\n<div style=\"display: none;\">\n<input type=\"hidden\" name=\"_wpcf7\" value=\"4453\" \/>\n<input type=\"hidden\" name=\"_wpcf7_version\" value=\"6.0.1\" \/>\n<input type=\"hidden\" name=\"_wpcf7_locale\" value=\"es_ES\" \/>\n<input type=\"hidden\" name=\"_wpcf7_unit_tag\" value=\"wpcf7-f4453-o1\" \/>\n<input type=\"hidden\" name=\"_wpcf7_container_post\" value=\"0\" \/>\n<input type=\"hidden\" name=\"_wpcf7_posted_data_hash\" value=\"\" \/>\n<input type=\"hidden\" name=\"_wpcf7dtx_version\" value=\"5.0.5\" \/>\n<\/div>\n<div class=\"row\">\n\t<div class=\"col-12 col-md-4\">\n\t\t<p><label> Name und Nachname(n)(*)<br \/>\n<span class=\"wpcf7-form-control-wrap\" data-name=\"your-name\"><input size=\"40\" maxlength=\"400\" class=\"wpcf7-form-control wpcf7-form-control form-control wpcf7-validates-as-required\" aria-required=\"true\" aria-invalid=\"false\" value=\"\" type=\"text\" name=\"your-name\" \/><\/span> <\/label>\n\t\t<\/p>\n\t<\/div>\n\t<div class=\"col-12 col-md-4\">\n\t\t<p><label> Email(*)<br \/>\n<span class=\"wpcf7-form-control-wrap\" data-name=\"your-email\"><input size=\"40\" maxlength=\"400\" class=\"wpcf7-form-control wpcf7-form-control form-control wpcf7-validates-as-required wpcf7-form-control form-control wpcf7-validates-as-email\" aria-required=\"true\" aria-invalid=\"false\" value=\"\" type=\"email\" name=\"your-email\" \/><\/span> <\/label>\n\t\t<\/p>\n\t<\/div>\n\t<div class=\"col-12 col-md-4\">\n\t\t<p><label> Telefon(*)<br \/>\n<span class=\"wpcf7-form-control-wrap\" data-name=\"your-phone\"><input size=\"40\" maxlength=\"400\" class=\"wpcf7-form-control wpcf7-form-control form-control wpcf7-validates-as-required\" aria-required=\"true\" aria-invalid=\"false\" value=\"\" type=\"text\" name=\"your-phone\" \/><\/span> <\/label>\n\t\t<\/p>\n\t<\/div>\n<\/div>\n<div class=\"row\">\n\t<div class=\"col-12 col-md-4\">\n\t\t<p><label> Adresse<br \/>\n<span class=\"wpcf7-form-control-wrap\" data-name=\"your-address\"><input size=\"40\" maxlength=\"400\" class=\"wpcf7-form-control wpcf7-form-control form-control\" aria-invalid=\"false\" value=\"\" type=\"text\" name=\"your-address\" \/><\/span><\/label>\n\t\t<\/p>\n\t<\/div>\n\t<div class=\"col-12 col-md-4\">\n\t\t<p><label>Ort \/ Provinz<br \/>\n<span class=\"wpcf7-form-control-wrap\" data-name=\"your-city\"><input size=\"40\" maxlength=\"400\" class=\"wpcf7-form-control wpcf7-form-control form-control\" aria-invalid=\"false\" value=\"\" type=\"text\" name=\"your-city\" \/><\/span><\/label>\n\t\t<\/p>\n\t<\/div>\n\t<div class=\"col-12 col-md-4\">\n\t\t<p><label> Postleitzahl<br \/>\n<span class=\"wpcf7-form-control-wrap\" data-name=\"your-zip-code\"><input size=\"40\" maxlength=\"400\" class=\"wpcf7-form-control wpcf7-form-control form-control\" aria-invalid=\"false\" value=\"\" type=\"text\" name=\"your-zip-code\" \/><\/span><\/label>\n\t\t<\/p>\n\t<\/div>\n<\/div>\n<div class=\"row\">\n\t<div class=\"col-12 col-md-4\">\n\t\t<p><label> Land<br \/>\n<span class=\"wpcf7-form-control-wrap\" data-name=\"your-country\"><input size=\"40\" maxlength=\"400\" class=\"wpcf7-form-control wpcf7-form-control form-control\" aria-invalid=\"false\" value=\"\" type=\"text\" name=\"your-country\" \/><\/span> <\/label>\n\t\t<\/p>\n\t<\/div>\n\t<div class=\"col-12 col-md-4\">\n\t\t<p><label>Ma\u00df A \u2013 Breite der \u00d6ffnung<br \/>\n<span class=\"wpcf7-form-control-wrap\" data-name=\"your-med-a\"><input size=\"40\" maxlength=\"400\" class=\"wpcf7-form-control wpcf7-form-control form-control wpcf7-validates-as-required\" aria-required=\"true\" aria-invalid=\"false\" value=\"\" type=\"text\" name=\"your-med-a\" \/><\/span><\/label>\n\t\t<\/p>\n\t<\/div>\n\t<div class=\"col-12 col-md-4\">\n\t\t<p><label>Ma\u00df B \u2013 H\u00f6he der \u00d6ffnung<br \/>\n<span class=\"wpcf7-form-control-wrap\" data-name=\"your-med-b\"><input size=\"40\" maxlength=\"400\" class=\"wpcf7-form-control wpcf7-form-control form-control wpcf7-validates-as-required\" aria-required=\"true\" aria-invalid=\"false\" value=\"\" type=\"text\" name=\"your-med-b\" \/><\/span><\/label>\n\t\t<\/p>\n\t<\/div>\n<\/div>\n<div class=\"row\">\n\t<div class=\"col-4 col-md-4\">\n\t\t<p><label>Ma\u00df C \u2013 Tiefe gemessen ab Rand der \u00d6ffnung. Optional: sollten Sie Aschekasten und Brenner bestellen.<br \/>\n<span class=\"wpcf7-form-control-wrap\" data-name=\"your-med-c\"><input size=\"40\" maxlength=\"400\" class=\"wpcf7-form-control wpcf7-form-control form-control wpcf7-validates-as-required\" aria-required=\"true\" aria-invalid=\"false\" value=\"\" type=\"text\" name=\"your-med-c\" \/><\/span><\/label>\n\t\t<\/p>\n\t<\/div>\n\t<div class=\"col-4 col-md-4\">\n\t\t<p><label>Ma\u00df D \u2013 Breite der R\u00fcckwand. Optional: sollten Sie Aschekasten und Brenner bestellen.<br \/>\n<span class=\"wpcf7-form-control-wrap\" data-name=\"your-med-d\"><input size=\"40\" maxlength=\"400\" class=\"wpcf7-form-control wpcf7-form-control form-control wpcf7-validates-as-required\" aria-required=\"true\" aria-invalid=\"false\" value=\"\" type=\"text\" name=\"your-med-d\" \/><\/span><\/label>\n\t\t<\/p>\n\t<\/div>\n\t<div class=\"col-4 col-md-4\">\n\t\t<p><label>Positionierung des Griffs bei T\u00fcren mit einem Blatt. Links oder rechts.<br \/>\n<span class=\"wpcf7-form-control-wrap\" data-name=\"your-door-side\"><select class=\"wpcf7-form-control wpcf7-select\" aria-invalid=\"false\" name=\"your-door-side\"><option value=\"LINKS\">LINKS<\/option><option value=\"RICHTIG\">RICHTIG<\/option><\/select><\/span><\/label>\n\t\t<\/p>\n\t<\/div>\n<\/div>\n<div class=\"row\">\n\t<div class=\"col-12 col-md-12\">\n\t\t<p><span style=\"color:red;font-weight:bold;\">WICHTIG !!!! FOTOGRAFIE BEFESTIGEN<\/span><br \/>\n<label><span class=\"wpcf7-form-control-wrap\" data-name=\"file-adjunto-1\"><input size=\"40\" class=\"wpcf7-form-control wpcf7-file\" accept=\".jpeg,.jpg,.png\" aria-invalid=\"false\" type=\"file\" name=\"file-adjunto-1\" \/><\/span><\/label><br \/>\n<label><span class=\"wpcf7-form-control-wrap\" data-name=\"file-adjunto-2\"><input size=\"40\" class=\"wpcf7-form-control wpcf7-file\" accept=\".jpeg,.jpg,.png\" aria-invalid=\"false\" type=\"file\" name=\"file-adjunto-2\" \/><\/span><\/label><br \/>\n<label><span class=\"wpcf7-form-control-wrap\" data-name=\"file-adjunto-3\"><input size=\"40\" class=\"wpcf7-form-control wpcf7-file\" accept=\".jpeg,.jpg,.png\" aria-invalid=\"false\" type=\"file\" name=\"file-adjunto-3\" \/><\/span><\/label>\n\t\t<\/p>\n\t\t<p><label> Nachricht<\/label><br \/>\n<span class=\"wpcf7-form-control-wrap\" data-name=\"your-message\"><textarea cols=\"40\" rows=\"10\" maxlength=\"2000\" class=\"wpcf7-form-control wpcf7-form-control wpcf7-form-control form-control\" aria-invalid=\"false\" name=\"your-message\"><\/textarea><\/span>\n\t\t<\/p>\n\t<\/div>\n<\/div>\n<div class=\"row\">\n\t<div class=\"col-12 col-md-12\">\n\t\t<p><label><br \/>\n<\/label>\n\t\t<\/p>\n\t\t<p align=\"justify\"><span class=\"wpcf7-form-control-wrap acceptance-168\"><span class=\"wpcf7-form-control wpcf7-acceptance\"><span class=\"wpcf7-list-item\"><input type=\"checkbox\" name=\"acceptance-168\" value=\"1\" aria-invalid=\"false\" \/><\/span><\/span><\/span> Durch Aktivieren dieses Kontrollk\u00e4stchens erkl\u00e4rt der Benutzer, die Bedingungen in der gelesen und akzeptiert zu haben <a href=\"https:\/\/www.hotfiredoor.com\/es\/aviso-legal\/\" target=\"_blank\"> \u201cRECHTLICHER HINWEIS\u201d <\/a> und die <a href=\"https:\/\/www.hotfiredoor.com\/en\/privacy-policy\/\" target=\"_blank\"> \"Datenschutzerkl\u00e4rung\" <\/a>.\n\t\t<\/p>\n\t<span class=\"wpcf7-form-control-wrap cf7-counter\" data-name=\"cf7-counter\"><input type=\"hidden\" name=\"cf7-counter\" class=\"wpcf7-form-control wpcf7-hidden wpcf7dtx wpcf7dtx-hidden\" aria-invalid=\"false\" value=\"9004\"><\/span>\n\t\t<p><span id=\"wpcf7-69e1c6848c939-wrapper\" class=\"wpcf7-form-control-wrap honeypot-632-wrap\" style=\"display:none !important; visibility:hidden !important;\"><label for=\"wpcf7-69e1c6848c939-field\" class=\"hp-message\">Por favor, deja este campo vac\u00edo.<\/label><input id=\"wpcf7-69e1c6848c939-field\"  class=\"wpcf7-form-control wpcf7-form-control form-control\" type=\"text\" name=\"honeypot-632\" value=\"\" size=\"40\" tabindex=\"-1\" autocomplete=\"off\" \/><\/span><br \/>\n<input class=\"wpcf7-form-control wpcf7-submit btn btn-primary has-spinner\" type=\"submit\" value=\"Anfrage\" \/>\n\t\t<\/p>\n\t<\/div>\n<\/div><div class=\"wpcf7-response-output\" aria-hidden=\"true\"><\/div>\n<\/form>\n<\/div>\n<\/div>    <\/div><\/div>  <\/div>  <\/div><\/section>\n","protected":false},"excerpt":{"rendered":"<p>De una manera sencilla usted mismo puede tomar las medidas del hogar, le explicamos como hacerlo!<\/p>\n<div class=\"ja-typo-block\">\n<div class=\"ja-typo-blockct clearfix\">\n<div class=\"ja-typo-legend legend-rounded legend-1\">\n<h3 class=\"legend-title\">Importante<\/h3>\n<p> Cuando tome medidas <strong>h\u00e1galo en varios puntos<\/strong> para conocer mejor los espacios interiores. Tome como referencia el espacio <strong>m\u00e1s estrecho<\/strong> de las mediciones, ya que en la mayor\u00eda de las ocasiones las paredes son irregulares.<\/div>\n<\/p><\/div>\n<\/p><\/div>\n<div class=\"ja-typo-blockct clearfix\">\n<p class=\"ja-typo-box box-sticky\"><strong>\u00a1\u00a1\u00a1 RECUERDE !!! Para solicitar presupuesto tome medidas del hogar y <span style=\"color: #ff0000;\">haga una FOTOGRAF\u00cdA<\/span>, adj\u00fantela en el formulario<\/strong><\/p>\n<\/p><\/div>\n<p style=\"text-align: justify;\"><span style=\"line-height: 1.3em;\">Antes de solicitar un presupuesto o hacer el pedido, debe tomar una serie de medidas en su hogar, para ajustar al m\u00e1ximo tanto el presupuesto como el tama\u00f1o de la puerta de chimenea. Recuerde que fabricamos puertas a medida, por lo que la medici\u00f3n es muy importante para que la puerta encaje perfectamente y la <\/span><a style=\"line-height: 1.3em;\" href=\"es\/instalacion\">instalaci\u00f3n<\/a><span style=\"line-height: 1.3em;\"> sea mucho m\u00e1s f\u00e1cil.<\/span><\/p>\n<p style=\"text-align: justify;\">Siempre enviamos el presupuesto con y sin caj\u00f3n y quemador. Tambi\u00e9n existe la posibilidad para puertas grandes de fabricar una de doble hoja.<\/p>\n<p>{loadposition presupuesto_es}<\/p>\n","protected":false},"author":2,"featured_media":2809,"parent":0,"menu_order":43,"comment_status":"closed","ping_status":"closed","template":"","meta":{"_seopress_robots_primary_cat":"","_seopress_titles_title":"Contacto y presupuestos | HOTFIREDOOR","_seopress_titles_desc":"CONTACTAR y pedir PRESUPUESTOS a \u2705 HOTFIREDOOR \u2705 Contacto, tel\u00e9fono, m\u00f3vil, direcci\u00f3n, formulario, whatsapp, mapa, etc.","_seopress_robots_index":"yes","footnotes":""},"class_list":["post-4458","page","type-page","status-publish","has-post-thumbnail"],"_links":{"self":[{"href":"https:\/\/www.hotfiredoor.com\/de\/wp-json\/wp\/v2\/pages\/4458","targetHints":{"allow":["GET"]}}],"collection":[{"href":"https:\/\/www.hotfiredoor.com\/de\/wp-json\/wp\/v2\/pages"}],"about":[{"href":"https:\/\/www.hotfiredoor.com\/de\/wp-json\/wp\/v2\/types\/page"}],"author":[{"embeddable":true,"href":"https:\/\/www.hotfiredoor.com\/de\/wp-json\/wp\/v2\/users\/2"}],"replies":[{"embeddable":true,"href":"https:\/\/www.hotfiredoor.com\/de\/wp-json\/wp\/v2\/comments?post=4458"}],"version-history":[{"count":2,"href":"https:\/\/www.hotfiredoor.com\/de\/wp-json\/wp\/v2\/pages\/4458\/revisions"}],"predecessor-version":[{"id":4460,"href":"https:\/\/www.hotfiredoor.com\/de\/wp-json\/wp\/v2\/pages\/4458\/revisions\/4460"}],"wp:featuredmedia":[{"embeddable":true,"href":"https:\/\/www.hotfiredoor.com\/de\/wp-json\/wp\/v2\/media\/2809"}],"wp:attachment":[{"href":"https:\/\/www.hotfiredoor.com\/de\/wp-json\/wp\/v2\/media?parent=4458"}],"curies":[{"name":"wp","href":"https:\/\/api.w.org\/{rel}","templated":true}]}}