{"id":4452,"date":"2012-03-16T02:14:58","date_gmt":"2012-03-16T01:14:58","guid":{"rendered":"https:\/\/www.hotfiredoor.com\/presupuestos\/"},"modified":"2025-07-25T12:59:18","modified_gmt":"2025-07-25T10:59:18","slug":"angebote","status":"publish","type":"page","link":"https:\/\/www.hotfiredoor.com\/de\/angebote\/","title":{"rendered":"KONTAKT"},"content":{"rendered":"<section id=\"\"  class=\"dark_section following_dark hidden-md hidden-lg\"> <div class=\"container\">  <div class=\"row\"><div class=\"col-md-12  text-default\" >[vc_empty_space height=&#8220;30px&#8220;]   <div class=\"row\"><div class=\"col-md-6  text-default\">[vc_column_text]\n<p style=\"text-align: center;\"><span style=\"text-align: justify; font-weight: bold;\">Adresse<\/span><\/p>\n<p style=\"text-align: center;\">C\/ Santa Anna, 127, Cerdanyola del Vall\u00e8s,<\/p>\n<p style=\"text-align: center;\">08290, Barcelona. Spanien<\/p>\n[\/vc_column_text]<\/div><div class=\"col-md-6  text-default\">[vc_column_text]\n<p style=\"text-align: center;\"><span style=\"text-align: justify; font-weight: bold;\">Kontakt<\/span><\/p>\n<p style=\"text-align: center;\"><i class=\"fa fa-phone\"><\/i><a href=\"tel:+34936924560\">\u00a0(+34) 936 924 560<\/a><\/p>\n<p style=\"text-align: center;\"><i class=\"fa fa-envelope\"><\/i><a href=\"mailto:info@hotfiredoor.com\">info@hotfiredoor.com<\/a><\/p>\n<p style=\"text-align: center;\"><img loading=\"lazy\" decoding=\"async\" class=\"alignnone size-full wp-image-21520\" src=\"https:\/\/www.hotfiredoor.com\/wp-content\/uploads\/2024\/07\/en.png\" alt=\"\" width=\"18\" height=\"12\" \/> We speak English<\/p>\n<p style=\"text-align: center;\"><img loading=\"lazy\" decoding=\"async\" class=\"alignnone size-full wp-image-21520\" src=\"https:\/\/www.hotfiredoor.com\/wp-content\/uploads\/2024\/07\/fr.png\" alt=\"\" width=\"18\" height=\"12\" \/> Nous parlons fran\u00e7ais<\/p>\n<p style=\"text-align: center;\"><img loading=\"lazy\" decoding=\"async\" class=\"alignnone size-full wp-image-21520\" src=\"https:\/\/www.hotfiredoor.com\/wp-content\/uploads\/2024\/07\/it.png\" alt=\"\" width=\"18\" height=\"12\" \/> Noi parliamo italiano<\/p>\n[\/vc_column_text]<\/div>    <\/div><\/div>  <\/div>  <\/div><\/section><section id=\"\"  class=\"dark_section following_dark hidden-xs hidden-sm\"> <div class=\"container\">  <div class=\"row\"><div class=\"col-md-12  text-default\" >[vc_empty_space height=&#8220;30px&#8220;]   <div class=\"row\"><div class=\"col-md-6  text-default\">[vc_column_text]\n<p style=\"text-align: right;\"><span style=\"text-align: justify; font-weight: bold;\">Adresse<\/span><\/p>\n<p style=\"text-align: right;\">C\/ Santa Anna, 127, Cerdanyola del Vall\u00e8s,<\/p>\n<p style=\"text-align: right;\">08290, Barcelona. Spanien<\/p>\n[\/vc_column_text]<\/div><div class=\"col-md-6  text-default\">[vc_column_text]\n<p style=\"text-align: left;\"><span style=\"text-align: justify; font-weight: bold;\">Kontakt<\/span><\/p>\n<p style=\"text-align: left;\"><i class=\"fa fa-phone\"><\/i><a href=\"tel:+34936924560\">\u00a0(+34) 936 924 560<\/a><\/p>\n<p style=\"text-align: left;\"><i class=\"fa fa-envelope\"><\/i><a href=\"mailto:info@hotfiredoor.com\">info@hotfiredoor.com<\/a><\/p>\n<p style=\"text-align: left;\"><img loading=\"lazy\" decoding=\"async\" class=\"alignnone size-full wp-image-21520\" src=\"https:\/\/www.hotfiredoor.com\/wp-content\/uploads\/2024\/07\/en.png\" alt=\"\" width=\"18\" height=\"12\" \/> We speak English<\/p>\n<p style=\"text-align: left;\"><img loading=\"lazy\" decoding=\"async\" class=\"alignnone size-full wp-image-21520\" src=\"https:\/\/www.hotfiredoor.com\/wp-content\/uploads\/2024\/07\/fr.png\" alt=\"\" width=\"18\" height=\"12\" \/> Nous parlons fran\u00e7ais<\/p>\n<p style=\"text-align: left;\"><img loading=\"lazy\" decoding=\"async\" class=\"alignnone size-full wp-image-21520\" src=\"https:\/\/www.hotfiredoor.com\/wp-content\/uploads\/2024\/07\/it.png\" alt=\"\" width=\"18\" height=\"12\" \/> Noi parliamo italiano<\/p>\n[\/vc_column_text]<\/div>    <\/div><\/div>  <\/div>  <\/div><\/section><section id=\"\"  class=\"light\"> <div class=\"container\">  <div class=\"row\"><div class=\"col-md-12  text-default\" >[vc_empty_space]\n\t\t\t<div class=\"ult_dual_button  ult-adjust-bottom-margin to-center  \"  data-response=\"on\" id=\"ult_btn_4086753871\">\n\n\t\t\t<div id=\"dualbtn-5712\" class=\"ulitmate_dual_buttons ult-dual-btn ult_main_dualbtn \" data-bcolor=\"#333333\"data-bhcolor=\"\">\n\n\t\t\t<div class=\"ult_dualbutton-wrapper btn-inline place-template bt1 \"><a href=\"https:\/\/puertasparachimeneas.com\/de\/wuensch-kamintueren-11\" rel=\"nofollow\"  class=\"ult_ivan_button round-square with-icon icon-before with-text place-template ult_dual1\" style=\";margin-right:px;;background-color:#dd4b4b !important;; border-color:#333333;border-style:;border-width:0px;border-radius:px;;\">\n\t\t\t<span class=\"ult-dual-btn-1 Style 1\" style=\"\"  data-bgcolor=\"#dd4b4b\" data-bghovercolor=\"#bcbcbc\" data-icon_color=\"#333333\" data-icon_hover_color=\"#333333\" data-textcolor=\"#ffffff\" data-texthovercolor=\"#ffffff\" data-iconbgcolor=\"transperent\" data-iconbghovercolor=\"transperent\" data-iconborder=\"transperent\" data-iconhoverborder=\"transperent\" >\n\t\t\t<span class=\"icon-simple icon-left1 ult_btn1span ult-dual-btn-no-icon\"  style=\";padding-left:0px; \"><\/span>\n\t\t\t<span class=\"text-btn ult-dual-button-title ult-responsive\"  data-ultimate-target='#dualbtn-5712 .ult-dual-button-title'  data-responsive-json-new='{\"font-size\":\"desktop:22px;tablet:16px;tablet_portrait:16px;mobile_landscape:14px;mobile:14px;\",\"line-height\":\"desktop:22px;tablet:18px;tablet_portrait:18px;mobile_landscape:16px;mobile:16px;\"}'  style=\"font-weight:normal;color:#ffffff;\">SOFORTIGES BUDGET HIER KLICKEN!<\/span>\n\n\t\t\t<\/span>\n\t\t\t<\/a><span class=\"middle-text\" style=\"line-height: 1.8em;color:#ffffff;background-color:#333333;border-width:0px;\">\n\t\t\t<span class=\"middle-inner\"  ><i class=\"Defaults-eur euro\"><\/i><\/span>\n\t\t\t<\/span>\n\n\t\t\t<\/div>\n\n\t\t\t<div class=\"ult_dualbutton-wrapper btn-inline place-template btn2 \"><a href=\"https:\/\/www.hotfiredoor.com\/de\/angebote\/#custom-cf7\" title=\"CONTACTAR\" rel=\"nofollow\"  class=\"ult_ivan_button round-square with-icon icon-after with-text place-template ult_dual2\"  style=\";background-color:#000000 !important;;margin-left:px;;border-color:#333333;border-style:;border-width:0px;border-radius:px;\">\n\t\t\t<span class=\"ult-dual-btn-2 Style 1\"  data-bgcolor=\"#000000\" data-bghovercolor=\"#5e5e5e\" data-icon_color=\"#333333\" data-icon_hover_color=\"#333333\" data-textcolor=\"#ffffff\" data-texthovercolor=\"#ffffff\" data-iconbgcolor=\"transperent\" data-iconbghovercolor=\"transperent\" data-iconborder=\"transperent\" data-iconhoverborder=\"transperent\" >\n\t\t\t<span class=\"text-btn ult-dual-button-title\" style=\"font-weight:normal;color:#ffffff;\">FORMULAR BUDGET HIER KLICKEN!<\/span>\n\n\t\t\t<span class=\"icon-simple icon-right2 ult_btn1span ult-dual-btn-no-icon\"  style=\";padding-left:0px; \"><\/span>\n\t\t\t<\/span>\n\t\t\t<\/a><\/div>\n\t\t\t<\/div>\n\t\t\t<\/div>[vc_empty_space]<\/div>  <\/div>  <\/div><\/section><section id=\"\"  class=\"light\"> <div class=\"container\">  <div class=\"row\"><div class=\"col-md-12  text-default\" >   <div class=\"row\"><div class=\"col-md-6  text-default\">[vc_single_image image=&#8220;896&#8243; img_size=&#8220;full&#8220;]<\/div><div class=\"col-md-6  text-default\">[vc_column_text]\n<h2>Wie man einen Schornstein misst<\/h2>\n[\/vc_column_text][vc_column_text]Sie k\u00f6nnen ganz einfach selbst die Ma\u00dfe des Kamins nehmen, wir erkl\u00e4ren Ihnen wie es geht![\/vc_column_text][vc_column_text]\n<div class=\"ja-typo-block\">\n<div class=\"ja-typo-blockct clearfix\">\n<div class=\"ja-typo-legend legend-rounded legend-1\">Wenn Sie die Ma\u00dfe nehmen, tun Sie dies an\u00a0<strong>verschiedenen Punkten<\/strong>, um die Innenr\u00e4ume besser abzudecken. Als Referenz dient Ihnen das\u00a0<strong>k\u00fcrzeste Ma\u00df<\/strong>, im Normalfall sind die W\u00e4nde unregelm\u00e4\u00dfig.<\/div>\n<\/div>\n<\/div>\n<div class=\"ja-typo-blockct clearfix\">\n<p class=\"ja-typo-box box-sticky\"><strong>NICHT VERGESSEN !!! Um ein Angebot zu erhalten, nehmen Sie die Ma\u00dfe des Kamins und f\u00fcgen Sie dem Formular\u00a0f\u00fcgen Sie dem Formular ein FOTO des Kamins\u00a0bei<\/strong><\/p>\n<\/div>\n[\/vc_column_text]<\/div>    <\/div>   <div class=\"row\"><div class=\"col-md-12  text-default\">[vc_column_text]Bevor Sie ein Angebot anfordern oder eine Bestellung aufgeben, sollten Sie ihren Kamin innen mehrfach messen, um das Angebot und die Kamint\u00fcr maximal anpassen zu k\u00f6nnen. Denken Sie daran, dass wir T\u00fcren nach Ma\u00df herstellen, so dass die Abmessung sehr wichtig ist, damit die T\u00fcr perfekt eingepasst ist und die\u00a0<a href=\"https:\/\/www.hotfiredoor.com\/de\/installation\/\" rel=\"alternate\">Montage<\/a>\u00a0sehr viel einfacher wird.<\/p>\n<p>Wir senden das Angebot immer mit und ohne Aschekasten- und Brenneroption. Gro\u00dfe T\u00fcren k\u00f6nnen au\u00dferdem mit zwei T\u00fcrbl\u00e4ttern gefertigt werden.[\/vc_column_text]<\/div>    <\/div><\/div>  <\/div>  <\/div><\/section><section id=\"\"  class=\"light\"> <div class=\"container\">  <div class=\"row\"><div class=\"col-md-12  text-default\" >   <div class=\"row\"><div class=\"col-md-6  text-default\">[vc_column_text]\n<h2>Welche Ma\u00dfnahmen sind erforderlich<\/h2>\n<p><strong>Breite der \u00d6ffnung (A), <\/strong><strong>H\u00f6he der \u00d6ffnung (B), <\/strong><strong>Tiefe (C), <\/strong><strong>Breite des Hintergrunds (D)<\/strong><\/p>\n<p>Bitte beachten Sie, dass die \u00d6ffnungen m\u00f6glicherweise nicht vollst\u00e4ndig gerade oder gleichm\u00e4\u00dfig sind. Wir k\u00fcmmern uns darum, die entsprechenden technischen Spielr\u00e4ume anzuwenden, damit die T\u00fcr die notwendige Toleranz f\u00fcr m\u00f6gliche Temperaturdehnungen hat.<\/p>\n<h3>Hat der Kamin unregelm\u00e4\u00dfigen Stein auf den Seiten?<\/h3>\n<p>In diesem Fall ist es wichtig, auch die herausragenden Bereiche zu messen. Wenn Sie feststellen, dass die Seiten nicht vollst\u00e4ndig glatt sind, befolgen Sie dieses Vorgehen:<\/p>\n<p>St\u00fctzen Sie ein gerades Element (wie eine Latte oder einen starren Karton) an der Au\u00dfenseite des Kamins, senkrecht, als w\u00e4re es eine Wasserwaage.<\/p>\n<p>Markieren Sie auf der Basis die Linien dieser Vertikalen auf beiden Seiten. Der Abstand zwischen diesen beiden Markierungen ist die Ma\u00dfeinheit A1, die den nutzbaren Rahmen des Hohlraums angibt.<\/p>\n<p>Messen Sie anschlie\u00dfend den Gesamtzwischenraum zwischen den herausragenden Steinen (Ma\u00df A2). Dies hilft uns, die notwendigen Verkleidungen zu berechnen, um diese Unregelm\u00e4\u00dfigkeiten abzudecken.<\/p>\n<p>Mit diesen beiden Ma\u00dfen fertigen wir eine T\u00fcr, die perfekt passt, zusammen mit Verkleidungen, die eventuelle \u00e4sthetische M\u00e4ngel verdecken.<\/p>\n<p><strong>WICHTIG:<\/strong> Bei Kaminen mit unregelm\u00e4\u00dfigem Stein ist es entscheidend, die Ma\u00dfe genau zu notieren. Es ist nicht erforderlich, Fotos vom Ma\u00dfband oder Zollstock mit Markierungen zu schicken, da dies zu Interpretationsfehlern f\u00fchren kann.<br \/>\n<strong>KEINE FOTOS VOM MA\u00dfBAND SENDEN, SONDERN DIE MA\u1e9eE SCHRIFTLICH \u00dcBERMITTELN<\/strong>[\/vc_column_text]<\/div><div class=\"col-md-6  text-default\">[vc_single_image image=&#8220;15705&#8243; img_size=&#8220;full&#8220;]<\/div>    <\/div><\/div>  <\/div>  <\/div><\/section><section id=\"custom-cf7\"  class=\"light\"> <div class=\"container\">  <div class=\"row\"><div class=\"col-md-12  text-default\" >[vc_empty_space height=&#8220;80px&#8220;][vc_column_text]\n<h3 style=\"text-align: center;\">Bitte f\u00fcllen Sie alle Formularfelder aus<\/h3>\n[\/vc_column_text][vc_empty_space height=&#8220;40px&#8220;]   <div class=\"row\"><div class=\"col-md-12  text-default\">\n<div class=\"wpcf7 no-js\" id=\"wpcf7-f4453-o1\" lang=\"es-ES\" dir=\"ltr\" data-wpcf7-id=\"4453\">\n<div class=\"screen-reader-response\"><p role=\"status\" aria-live=\"polite\" aria-atomic=\"true\"><\/p> <ul><\/ul><\/div>\n<form action=\"\/de\/wp-json\/wp\/v2\/pages\/4452#wpcf7-f4453-o1\" method=\"post\" class=\"wpcf7-form init\" aria-label=\"Formulario de contacto\" enctype=\"multipart\/form-data\" novalidate=\"novalidate\" data-status=\"init\">\n<div style=\"display: none;\">\n<input type=\"hidden\" name=\"_wpcf7\" value=\"4453\" \/>\n<input type=\"hidden\" name=\"_wpcf7_version\" value=\"6.0.1\" \/>\n<input type=\"hidden\" name=\"_wpcf7_locale\" value=\"es_ES\" \/>\n<input type=\"hidden\" name=\"_wpcf7_unit_tag\" value=\"wpcf7-f4453-o1\" \/>\n<input type=\"hidden\" name=\"_wpcf7_container_post\" value=\"0\" \/>\n<input type=\"hidden\" name=\"_wpcf7_posted_data_hash\" value=\"\" \/>\n<input type=\"hidden\" name=\"_wpcf7dtx_version\" value=\"5.0.5\" \/>\n<\/div>\n<div class=\"row\">\n\t<div class=\"col-12 col-md-4\">\n\t\t<p><label> Name und Nachname(n)(*)<br \/>\n<span class=\"wpcf7-form-control-wrap\" data-name=\"your-name\"><input size=\"40\" maxlength=\"400\" class=\"wpcf7-form-control wpcf7-form-control form-control wpcf7-validates-as-required\" aria-required=\"true\" aria-invalid=\"false\" value=\"\" type=\"text\" name=\"your-name\" \/><\/span> <\/label>\n\t\t<\/p>\n\t<\/div>\n\t<div class=\"col-12 col-md-4\">\n\t\t<p><label> Email(*)<br \/>\n<span class=\"wpcf7-form-control-wrap\" data-name=\"your-email\"><input size=\"40\" maxlength=\"400\" class=\"wpcf7-form-control wpcf7-form-control form-control wpcf7-validates-as-required wpcf7-form-control form-control wpcf7-validates-as-email\" aria-required=\"true\" aria-invalid=\"false\" value=\"\" type=\"email\" name=\"your-email\" \/><\/span> <\/label>\n\t\t<\/p>\n\t<\/div>\n\t<div class=\"col-12 col-md-4\">\n\t\t<p><label> Telefon(*)<br \/>\n<span class=\"wpcf7-form-control-wrap\" data-name=\"your-phone\"><input size=\"40\" maxlength=\"400\" class=\"wpcf7-form-control wpcf7-form-control form-control wpcf7-validates-as-required\" aria-required=\"true\" aria-invalid=\"false\" value=\"\" type=\"text\" name=\"your-phone\" \/><\/span> <\/label>\n\t\t<\/p>\n\t<\/div>\n<\/div>\n<div class=\"row\">\n\t<div class=\"col-12 col-md-4\">\n\t\t<p><label> Adresse<br \/>\n<span class=\"wpcf7-form-control-wrap\" data-name=\"your-address\"><input size=\"40\" maxlength=\"400\" class=\"wpcf7-form-control wpcf7-form-control form-control\" aria-invalid=\"false\" value=\"\" type=\"text\" name=\"your-address\" \/><\/span><\/label>\n\t\t<\/p>\n\t<\/div>\n\t<div class=\"col-12 col-md-4\">\n\t\t<p><label>Ort \/ Provinz<br \/>\n<span class=\"wpcf7-form-control-wrap\" data-name=\"your-city\"><input size=\"40\" maxlength=\"400\" class=\"wpcf7-form-control wpcf7-form-control form-control\" aria-invalid=\"false\" value=\"\" type=\"text\" name=\"your-city\" \/><\/span><\/label>\n\t\t<\/p>\n\t<\/div>\n\t<div class=\"col-12 col-md-4\">\n\t\t<p><label> Postleitzahl<br \/>\n<span class=\"wpcf7-form-control-wrap\" data-name=\"your-zip-code\"><input size=\"40\" maxlength=\"400\" class=\"wpcf7-form-control wpcf7-form-control form-control\" aria-invalid=\"false\" value=\"\" type=\"text\" name=\"your-zip-code\" \/><\/span><\/label>\n\t\t<\/p>\n\t<\/div>\n<\/div>\n<div class=\"row\">\n\t<div class=\"col-12 col-md-4\">\n\t\t<p><label> Land<br \/>\n<span class=\"wpcf7-form-control-wrap\" data-name=\"your-country\"><input size=\"40\" maxlength=\"400\" class=\"wpcf7-form-control wpcf7-form-control form-control\" aria-invalid=\"false\" value=\"\" type=\"text\" name=\"your-country\" \/><\/span> <\/label>\n\t\t<\/p>\n\t<\/div>\n\t<div class=\"col-12 col-md-4\">\n\t\t<p><label>Ma\u00df A \u2013 Breite der \u00d6ffnung<br \/>\n<span class=\"wpcf7-form-control-wrap\" data-name=\"your-med-a\"><input size=\"40\" maxlength=\"400\" class=\"wpcf7-form-control wpcf7-form-control form-control wpcf7-validates-as-required\" aria-required=\"true\" aria-invalid=\"false\" value=\"\" type=\"text\" name=\"your-med-a\" \/><\/span><\/label>\n\t\t<\/p>\n\t<\/div>\n\t<div class=\"col-12 col-md-4\">\n\t\t<p><label>Ma\u00df B \u2013 H\u00f6he der \u00d6ffnung<br \/>\n<span class=\"wpcf7-form-control-wrap\" data-name=\"your-med-b\"><input size=\"40\" maxlength=\"400\" class=\"wpcf7-form-control wpcf7-form-control form-control wpcf7-validates-as-required\" aria-required=\"true\" aria-invalid=\"false\" value=\"\" type=\"text\" name=\"your-med-b\" \/><\/span><\/label>\n\t\t<\/p>\n\t<\/div>\n<\/div>\n<div class=\"row\">\n\t<div class=\"col-4 col-md-4\">\n\t\t<p><label>Ma\u00df C \u2013 Tiefe gemessen ab Rand der \u00d6ffnung. Optional: sollten Sie Aschekasten und Brenner bestellen.<br \/>\n<span class=\"wpcf7-form-control-wrap\" data-name=\"your-med-c\"><input size=\"40\" maxlength=\"400\" class=\"wpcf7-form-control wpcf7-form-control form-control wpcf7-validates-as-required\" aria-required=\"true\" aria-invalid=\"false\" value=\"\" type=\"text\" name=\"your-med-c\" \/><\/span><\/label>\n\t\t<\/p>\n\t<\/div>\n\t<div class=\"col-4 col-md-4\">\n\t\t<p><label>Ma\u00df D \u2013 Breite der R\u00fcckwand. Optional: sollten Sie Aschekasten und Brenner bestellen.<br \/>\n<span class=\"wpcf7-form-control-wrap\" data-name=\"your-med-d\"><input size=\"40\" maxlength=\"400\" class=\"wpcf7-form-control wpcf7-form-control form-control wpcf7-validates-as-required\" aria-required=\"true\" aria-invalid=\"false\" value=\"\" type=\"text\" name=\"your-med-d\" \/><\/span><\/label>\n\t\t<\/p>\n\t<\/div>\n\t<div class=\"col-4 col-md-4\">\n\t\t<p><label>Positionierung des Griffs bei T\u00fcren mit einem Blatt. Links oder rechts.<br \/>\n<span class=\"wpcf7-form-control-wrap\" data-name=\"your-door-side\"><select class=\"wpcf7-form-control wpcf7-select\" aria-invalid=\"false\" name=\"your-door-side\"><option value=\"LINKS\">LINKS<\/option><option value=\"RICHTIG\">RICHTIG<\/option><\/select><\/span><\/label>\n\t\t<\/p>\n\t<\/div>\n<\/div>\n<div class=\"row\">\n\t<div class=\"col-12 col-md-12\">\n\t\t<p><span style=\"color:red;font-weight:bold;\">WICHTIG !!!! FOTOGRAFIE BEFESTIGEN<\/span><br \/>\n<label><span class=\"wpcf7-form-control-wrap\" data-name=\"file-adjunto-1\"><input size=\"40\" class=\"wpcf7-form-control wpcf7-file\" accept=\".jpeg,.jpg,.png\" aria-invalid=\"false\" type=\"file\" name=\"file-adjunto-1\" \/><\/span><\/label><br \/>\n<label><span class=\"wpcf7-form-control-wrap\" data-name=\"file-adjunto-2\"><input size=\"40\" class=\"wpcf7-form-control wpcf7-file\" accept=\".jpeg,.jpg,.png\" aria-invalid=\"false\" type=\"file\" name=\"file-adjunto-2\" \/><\/span><\/label><br \/>\n<label><span class=\"wpcf7-form-control-wrap\" data-name=\"file-adjunto-3\"><input size=\"40\" class=\"wpcf7-form-control wpcf7-file\" accept=\".jpeg,.jpg,.png\" aria-invalid=\"false\" type=\"file\" name=\"file-adjunto-3\" \/><\/span><\/label>\n\t\t<\/p>\n\t\t<p><label> Nachricht<\/label><br \/>\n<span class=\"wpcf7-form-control-wrap\" data-name=\"your-message\"><textarea cols=\"40\" rows=\"10\" maxlength=\"2000\" class=\"wpcf7-form-control wpcf7-form-control wpcf7-form-control form-control\" aria-invalid=\"false\" name=\"your-message\"><\/textarea><\/span>\n\t\t<\/p>\n\t<\/div>\n<\/div>\n<div class=\"row\">\n\t<div class=\"col-12 col-md-12\">\n\t\t<p><label><br \/>\n<\/label>\n\t\t<\/p>\n\t\t<p align=\"justify\"><span class=\"wpcf7-form-control-wrap acceptance-168\"><span class=\"wpcf7-form-control wpcf7-acceptance\"><span class=\"wpcf7-list-item\"><input type=\"checkbox\" name=\"acceptance-168\" value=\"1\" aria-invalid=\"false\" \/><\/span><\/span><\/span> Durch Aktivieren dieses Kontrollk\u00e4stchens erkl\u00e4rt der Benutzer, die Bedingungen in der gelesen und akzeptiert zu haben <a href=\"https:\/\/www.hotfiredoor.com\/es\/aviso-legal\/\" target=\"_blank\"> \u201cRECHTLICHER HINWEIS\u201d <\/a> und die <a href=\"https:\/\/www.hotfiredoor.com\/en\/privacy-policy\/\" target=\"_blank\"> \"Datenschutzerkl\u00e4rung\" <\/a>.\n\t\t<\/p>\n\t<span class=\"wpcf7-form-control-wrap cf7-counter\" data-name=\"cf7-counter\"><input type=\"hidden\" name=\"cf7-counter\" class=\"wpcf7-form-control wpcf7-hidden wpcf7dtx wpcf7dtx-hidden\" aria-invalid=\"false\" value=\"9004\"><\/span>\n\t\t<p><span id=\"wpcf7-69e3ec657d29a-wrapper\" class=\"wpcf7-form-control-wrap honeypot-632-wrap\" style=\"display:none !important; visibility:hidden !important;\"><label for=\"wpcf7-69e3ec657d29a-field\" class=\"hp-message\">Por favor, deja este campo vac\u00edo.<\/label><input id=\"wpcf7-69e3ec657d29a-field\"  class=\"wpcf7-form-control wpcf7-form-control form-control\" type=\"text\" name=\"honeypot-632\" value=\"\" size=\"40\" tabindex=\"-1\" autocomplete=\"off\" \/><\/span><br \/>\n<input class=\"wpcf7-form-control wpcf7-submit btn btn-primary has-spinner\" type=\"submit\" value=\"Anfrage\" \/>\n\t\t<\/p>\n\t<\/div>\n<\/div><div class=\"wpcf7-response-output\" aria-hidden=\"true\"><\/div>\n<\/form>\n<\/div>\n<\/div>    <\/div>[vc_empty_space height=&#8220;80px&#8220;]<\/div>  <\/div>  <\/div><\/section>\n","protected":false},"excerpt":{"rendered":"<p>De una manera sencilla usted mismo puede tomar las medidas del hogar, le explicamos como hacerlo!<\/p>\n<div class=\"ja-typo-block\">\n<div class=\"ja-typo-blockct clearfix\">\n<div class=\"ja-typo-legend legend-rounded legend-1\">\n<h3 class=\"legend-title\">Importante<\/h3>\n<p> Cuando tome medidas <strong>h\u00e1galo en varios puntos<\/strong> para conocer mejor los espacios interiores. Tome como referencia el espacio <strong>m\u00e1s estrecho<\/strong> de las mediciones, ya que en la mayor\u00eda de las ocasiones las paredes son irregulares.<\/div>\n<\/p><\/div>\n<\/p><\/div>\n<div class=\"ja-typo-blockct clearfix\">\n<p class=\"ja-typo-box box-sticky\"><strong>\u00a1\u00a1\u00a1 RECUERDE !!! Para solicitar presupuesto tome medidas del hogar y <span style=\"color: #ff0000;\">haga una FOTOGRAF\u00cdA<\/span>, adj\u00fantela en el formulario<\/strong><\/p>\n<\/p><\/div>\n<p style=\"text-align: justify;\"><span style=\"line-height: 1.3em;\">Antes de solicitar un presupuesto o hacer el pedido, debe tomar una serie de medidas en su hogar, para ajustar al m\u00e1ximo tanto el presupuesto como el tama\u00f1o de la puerta de chimenea. Recuerde que fabricamos puertas a medida, por lo que la medici\u00f3n es muy importante para que la puerta encaje perfectamente y la <\/span><a style=\"line-height: 1.3em;\" href=\"es\/instalacion\">instalaci\u00f3n<\/a><span style=\"line-height: 1.3em;\"> sea mucho m\u00e1s f\u00e1cil.<\/span><\/p>\n<p style=\"text-align: justify;\">Siempre enviamos el presupuesto con y sin caj\u00f3n y quemador. Tambi\u00e9n existe la posibilidad para puertas grandes de fabricar una de doble hoja.<\/p>\n<p>{loadposition presupuesto_es}<\/p>\n","protected":false},"author":2,"featured_media":2809,"parent":0,"menu_order":43,"comment_status":"closed","ping_status":"closed","template":"","meta":{"_seopress_robots_primary_cat":"","_seopress_titles_title":"Kontakt und Budget | HOTFIREDOOR","_seopress_titles_desc":"KONTAKTIEREN und ZITATE von from HOTFIREDOOR \u2705 anfordern Kontakt, Telefon, Handy, Adresse, Formular, WhatsApp, Karte usw.","_seopress_robots_index":"","footnotes":""},"class_list":["post-4452","page","type-page","status-publish","has-post-thumbnail"],"_links":{"self":[{"href":"https:\/\/www.hotfiredoor.com\/de\/wp-json\/wp\/v2\/pages\/4452","targetHints":{"allow":["GET"]}}],"collection":[{"href":"https:\/\/www.hotfiredoor.com\/de\/wp-json\/wp\/v2\/pages"}],"about":[{"href":"https:\/\/www.hotfiredoor.com\/de\/wp-json\/wp\/v2\/types\/page"}],"author":[{"embeddable":true,"href":"https:\/\/www.hotfiredoor.com\/de\/wp-json\/wp\/v2\/users\/2"}],"replies":[{"embeddable":true,"href":"https:\/\/www.hotfiredoor.com\/de\/wp-json\/wp\/v2\/comments?post=4452"}],"version-history":[{"count":9,"href":"https:\/\/www.hotfiredoor.com\/de\/wp-json\/wp\/v2\/pages\/4452\/revisions"}],"predecessor-version":[{"id":15739,"href":"https:\/\/www.hotfiredoor.com\/de\/wp-json\/wp\/v2\/pages\/4452\/revisions\/15739"}],"wp:featuredmedia":[{"embeddable":true,"href":"https:\/\/www.hotfiredoor.com\/de\/wp-json\/wp\/v2\/media\/2809"}],"wp:attachment":[{"href":"https:\/\/www.hotfiredoor.com\/de\/wp-json\/wp\/v2\/media?parent=4452"}],"curies":[{"name":"wp","href":"https:\/\/api.w.org\/{rel}","templated":true}]}}